{"id":257722,"date":"2026-01-10T23:00:23","date_gmt":"2026-01-10T20:00:23","guid":{"rendered":"https:\/\/baldumarket.lt\/product\/york-y11-szafka-z-lustrem-l-p-uniwersalna-lewostronna-prawostronna\/"},"modified":"2026-02-11T18:30:16","modified_gmt":"2026-02-11T15:30:16","slug":"york-y11-szafka-z-lustrem-l-p-uniwersalna-lewostronna-prawostronna","status":"publish","type":"product","link":"https:\/\/baldumarket.lt\/lt\/product\/york-y11-szafka-z-lustrem-l-p-uniwersalna-lewostronna-prawostronna\/","title":{"rendered":"YORK Y11 VEIDRODIN\u0116 SPINTEL\u0116 K\/D UNIVERSALI KAIR\u0116\/DE\u0160IN\u0116"},"content":{"rendered":"<p>Veidrodin\u0117 spintel\u0117 YORK Y11 \u2013 itin prakti\u0161kas sprendimas, pirmiausia rekomenduojamas ma\u017eam prie\u0161kambariui arba drabu\u017einei. D\u0117l siauro spintel\u0117s dizaino ji idealiai tinka anks\u010diau nenaudojamoms erdv\u0117ms \u2013 dureles galima montuoti kair\u0117je arba de\u0161in\u0117je pus\u0117je. Dvi erdvios ni\u0161os apatin\u0117je dalyje suteikia vietos b\u016btiniausiems daiktams susid\u0117ti, o i\u0161traukiama pakaba vir\u0161utin\u0117je dalyje talpina drabu\u017eius, aksesuarus ir aksesuarus. Priekin\u0117je dalyje yra veidrodis, kuris vizualiai padidina ir pa\u0161viesina vis\u0105 kambar\u012f. \u0160ilto med\u017eio atspalvio ir grafito element\u0173 derinys spintel\u0117je patraukia ak\u012f ir sukuria tikrai dizainerio bald\u0105 bet kokiam interjerui. Fasadai be ranken\u0117li\u0173 suteikia lengvumo ir pabr\u0117\u017eia unikal\u0173 bald\u0173 charakter\u012f. Spintel\u0117 idealiai tinka derinti su kitais YORK serijos baldais arba naudoti kaip atskiras baldas, leid\u017eiantis j\u0105 pritaikyti prie savo interjero dizaino.<\/p>\n<p>Plotis 58 cm Gylis 37 cm Auk\u0161tis 193,5 cm Produkto svoris su pakuote 47,25 kg Gamintojo kodas \/ simbolis Y11 Kolekcijos pavadinimas YORK Pavadinimas b2b sistemoje YORK Y-11 grandson \u0105\u017euolo\/grafito SPINTEL\u0116 LP komplektas Produkto pakuo\u010di\u0173 skai\u010dius 3 Stilius Moderni \u012eranga Surinkimo instrukcijos \/ surinkimo priedai Surinkimas Savaranki\u0161kam surinkimui Korpuso spalva Grandson \u0105\u017euolas \/ Grafitas Korpuso med\u017eiaga \/ tipas \/ storis 16 mm bald\u0173 plok\u0161t\u0117 \/ 16 mm MDF bald\u0173 plok\u0161t\u0117 \/ juostel\u0117 18 mm MDF bald\u0173 plok\u0161t\u0117 Vir\u0161utinio korpuso med\u017eiaga \/ tipas \/ storis 22 mm bald\u0173 plok\u0161t\u0117 Apatinio korpuso med\u017eiaga \/ tipas \/ storis 22 mm bald\u0173 plok\u0161t\u0117 Lentynos spalva Grandson \u0105\u017euolas Lentynos med\u017eiaga \/ tipas \/ storis 16 mm bald\u0173 plok\u0161t\u0117 Lentyn\u0173 kiekis 1 Galin\u0117s sienel\u0117s med\u017eiaga \/ tipas \/ storis 2,5 mm HDF bald\u0173 plok\u0161t\u0117 Galin\u0117s sienel\u0117s matomos dalies spalva craft \u0105\u017euolas \u2013 auksin\u0117 Priekin\u0117 spalva Grandson \u0105\u017euolas Priekin\u0117 med\u017eiaga \/ tipas \/ storis 16 mm bald\u0173 plok\u0161t\u0117 \/ 18 mm MDF bald\u0173 plok\u0161t\u0117 Priekin\u0117 dalis su veidrod\u017eiu TAIP Priekin\u0117 dalis su veidrod\u017eiu kiekis 1 Priekinis vyris \u2300 35 mm, reguliuojamas trijose plok\u0161tumose Priekin\u0117 dalis universali, atidaroma i\u0161 kair\u0117s \/ de\u0161in\u0117s TAIP Priekin\u0117 rankena \/ apdaila \/ spalva Frezuota \/ Grandson \u0105\u017euolo imitacija Kojel\u0117 \/ apdaila \/ spalva Be reguliavimo \/ plastikas \/ grafitas Dureli\u0173 skai\u010dius 2 U\u017edar\u0173 ni\u0161\u0173 skai\u010dius 3 Korpuso \u012franga Standartin\u0117 drabu\u017ei\u0173 kabykla Korpusas universalus, kairysis \/ de\u0161inysis TAIP<\/p>","protected":false},"excerpt":{"rendered":"<p>Veidrodin\u0117 spintel\u0117 \u201eYORK Y11\u201c yra itin prakti\u0161kas sprendimas, pirmiausia rekomenduojamas ma\u017eam prie\u0161kambariui arba drabu\u017einei. D\u0117l siauro spintel\u0117s dizaino ji idealiai tinka anks\u010diau nenaudojamai erdvei \u2013 duris galima montuoti kair\u0117je arba de\u0161in\u0117je pus\u0117je. Dvi erdvios ni\u0161os apatin\u0117je dalyje suteikia vietos b\u016btiniausiems daiktams laikyti, [\u2026]<\/p>","protected":false},"featured_media":257708,"comment_status":"open","ping_status":"open","template":"","meta":[],"product_brand":[],"product_cat":[2457,1177],"product_tag":[],"class_list":{"0":"post-257722","1":"product","2":"type-product","3":"status-publish","4":"has-post-thumbnail","6":"product_cat-liveo","7":"product_cat-wardrobes","9":"first","10":"instock","11":"purchasable","12":"product-type-simple"},"_links":{"self":[{"href":"https:\/\/baldumarket.lt\/lt\/wp-json\/wp\/v2\/product\/257722","targetHints":{"allow":["GET"]}}],"collection":[{"href":"https:\/\/baldumarket.lt\/lt\/wp-json\/wp\/v2\/product"}],"about":[{"href":"https:\/\/baldumarket.lt\/lt\/wp-json\/wp\/v2\/types\/product"}],"replies":[{"embeddable":true,"href":"https:\/\/baldumarket.lt\/lt\/wp-json\/wp\/v2\/comments?post=257722"}],"wp:featuredmedia":[{"embeddable":true,"href":"https:\/\/baldumarket.lt\/lt\/wp-json\/wp\/v2\/media\/257708"}],"wp:attachment":[{"href":"https:\/\/baldumarket.lt\/lt\/wp-json\/wp\/v2\/media?parent=257722"}],"wp:term":[{"taxonomy":"product_brand","embeddable":true,"href":"https:\/\/baldumarket.lt\/lt\/wp-json\/wp\/v2\/product_brand?post=257722"},{"taxonomy":"product_cat","embeddable":true,"href":"https:\/\/baldumarket.lt\/lt\/wp-json\/wp\/v2\/product_cat?post=257722"},{"taxonomy":"product_tag","embeddable":true,"href":"https:\/\/baldumarket.lt\/lt\/wp-json\/wp\/v2\/product_tag?post=257722"}],"curies":[{"name":"wp","href":"https:\/\/api.w.org\/{rel}","templated":true}]}}