{"id":257719,"date":"2026-01-10T23:00:21","date_gmt":"2026-01-10T20:00:21","guid":{"rendered":"https:\/\/baldumarket.lt\/product\/york-y10-polka-wiszaca\/"},"modified":"2026-02-11T18:30:16","modified_gmt":"2026-02-11T15:30:16","slug":"york-y10-polka-wiszaca","status":"publish","type":"product","link":"https:\/\/baldumarket.lt\/lt\/product\/york-y10-polka-wiszaca\/","title":{"rendered":"YORK Y10 PAKABINAMA LENTYNA"},"content":{"rendered":"<p>YORK Y10 lentyna yra eleganti\u0161kas ir prakti\u0161kas bet kurio svetain\u0117s ar darbo kambario papildymas. \u0160i ilga, tvirtos konstrukcijos pakabinama lentyna pad\u0117s jums sutvarkyti sien\u0173 erdv\u0119, eksponuojant nuotraukas, suvenyrus ar kitus dekoratyvinius daiktus. Lentyna puikiai dera su kitais YORK serijos baldais arba yra atskiras baldas, prisitaikantis prie j\u016bs\u0173 kambario interjero.<\/p>\n<p>Plotis 149 cm Gylis 23 cm Auk\u0161tis 24,5 cm Produkto svoris su pakuote 8,80 kg Gamintojo kodas \/ simbolis Y10 Kolekcijos pavadinimas YORK Pavadinimas b2b sistemoje YORK Y-10 grandson oak LENTYN\u0172 komplektas Produkto pakuo\u010di\u0173 skai\u010dius 1 Stilius Modernus \u012eranga Surinkimo instrukcijos \/ surinkimo priedai Surinkimas Savaranki\u0161kam surinkimui Spalvos Grandson \u0105\u017euolas Korpuso med\u017eiaga \/ tipas \/ storis 16 mm bald\u0173 plok\u0161t\u0117 \/ 18 mm MDF bald\u0173 plok\u0161t\u0117 Korpuso vir\u0161utin\u0117s dalies med\u017eiaga \/ tipas \/ storis 22 mm bald\u0173 plok\u0161t\u0117 Korpuso \u012franga Reguliuojami bald\u0173 pakabos<\/p>","protected":false},"excerpt":{"rendered":"<p>The YORK Y10 shelf is an elegant and practical addition to any living room or den. This long, solidly constructed hanging shelf will help you organize your wall space by displaying photos, memorabilia, or other decorative items. The shelf works perfectly in combination with other pieces from the YORK series or as a standalone piece, [&hellip;]<\/p>","protected":false},"featured_media":257687,"comment_status":"open","ping_status":"open","template":"","meta":[],"product_brand":[],"product_cat":[1174,2457],"product_tag":[],"class_list":{"0":"post-257719","1":"product","2":"type-product","3":"status-publish","4":"has-post-thumbnail","6":"product_cat-hanging-shelves","7":"product_cat-liveo","9":"first","10":"instock","11":"purchasable","12":"product-type-simple"},"_links":{"self":[{"href":"https:\/\/baldumarket.lt\/lt\/wp-json\/wp\/v2\/product\/257719","targetHints":{"allow":["GET"]}}],"collection":[{"href":"https:\/\/baldumarket.lt\/lt\/wp-json\/wp\/v2\/product"}],"about":[{"href":"https:\/\/baldumarket.lt\/lt\/wp-json\/wp\/v2\/types\/product"}],"replies":[{"embeddable":true,"href":"https:\/\/baldumarket.lt\/lt\/wp-json\/wp\/v2\/comments?post=257719"}],"wp:featuredmedia":[{"embeddable":true,"href":"https:\/\/baldumarket.lt\/lt\/wp-json\/wp\/v2\/media\/257687"}],"wp:attachment":[{"href":"https:\/\/baldumarket.lt\/lt\/wp-json\/wp\/v2\/media?parent=257719"}],"wp:term":[{"taxonomy":"product_brand","embeddable":true,"href":"https:\/\/baldumarket.lt\/lt\/wp-json\/wp\/v2\/product_brand?post=257719"},{"taxonomy":"product_cat","embeddable":true,"href":"https:\/\/baldumarket.lt\/lt\/wp-json\/wp\/v2\/product_cat?post=257719"},{"taxonomy":"product_tag","embeddable":true,"href":"https:\/\/baldumarket.lt\/lt\/wp-json\/wp\/v2\/product_tag?post=257719"}],"curies":[{"name":"wp","href":"https:\/\/api.w.org\/{rel}","templated":true}]}}