{"id":257715,"date":"2026-01-10T23:00:18","date_gmt":"2026-01-10T20:00:18","guid":{"rendered":"https:\/\/baldumarket.lt\/product\/york-y09-szafa-z-lustrem\/"},"modified":"2026-02-11T18:30:16","modified_gmt":"2026-02-11T15:30:16","slug":"york-y09-szafa-z-lustrem","status":"publish","type":"product","link":"https:\/\/baldumarket.lt\/lt\/product\/york-y09-szafa-z-lustrem\/","title":{"rendered":"YORK Y09 spinta su veidrod\u017eiu"},"content":{"rendered":"<p>Spinta su stumdomomis durimis YORK Y09 \u2013 tobula spinta j\u016bs\u0173 miegamajam ar prie\u0161kambariui. Ji pasi\u017eymi skland\u017eiai judan\u010dia stumdom\u0173 dur\u0173 sistema. Patogios ir erdvios lentynos viduje sudaro lentyn\u0173 blok\u0105, o trys b\u0117geliai trumpiems ir ilgiems drabu\u017eiams sukuria prakti\u0161k\u0105 i\u0161d\u0117stym\u0105, leid\u017eiant\u012f vienoje vietoje susid\u0117ti garderob\u0105 ir asmeninius daiktus. \u0160is derinys u\u017etikrina ideal\u0173 komfort\u0105. Didelis veidrodis centriniame priekyje pa\u0161viesina kambar\u012f. U\u017e papildom\u0105 mokest\u012f spint\u0105 galima apr\u016bpinti LED ap\u0161vietimu, kuris sustiprina modern\u0173 baldo charakter\u012f. \u0160ilto med\u017eio atspalvio ir grafito element\u0173 derinys spintoje patraukia ak\u012f ir sukuria tikrai dizainerio bald\u0105 bet kokiam interjerui. Fasadai be ranken\u0117li\u0173 suteikia lengvumo poj\u016bt\u012f ir pabr\u0117\u017eia unikal\u0173 baldo charakter\u012f. Spinta idealiai tinka derinti su kitais YORK serijos baldais arba kaip atskiras baldas, leid\u017eiantis j\u0105 pritaikyti prie savo kambario interjero.<\/p>\n<p>Plotis 234 cm Gylis 62 cm Auk\u0161tis 210 cm Produkto svoris su pakuote 196,85 kg Gamintojo kodas \/ simbolis Y09 Kolekcijos pavadinimas YORK Pavadinimas b2b sistemoje YORK Y-9 grandson \u0105\u017euolas\/grafitas STUMDOMA SPINTEL\u0116 komplektas Produkto pakuo\u010di\u0173 skai\u010dius 7 Stilius Modernus \u012eranga Surinkimo instrukcijos \/ surinkimo priedai Surinkimas Savaranki\u0161kam surinkimui Korpuso spalva Grandson \u0105\u017euolas Korpuso med\u017eiaga \/ tipas \/ storis 16 mm baldin\u0117 plok\u0161t\u0117 \/ juostel\u0117 18 mm MDF baldin\u0117 plok\u0161t\u0117 Vir\u0161utinio korpuso med\u017eiaga \/ tipas \/ storis 16 mm baldin\u0117 plok\u0161t\u0117 Apatinio korpuso med\u017eiaga \/ tipas \/ storis 16 mm baldin\u0117 plok\u0161t\u0117 Lentynos spalva Grandson \u0105\u017euolas Lentynos med\u017eiaga \/ tipas \/ storis 16 mm baldin\u0117 plok\u0161t\u0117 Lentyn\u0173 kiekis 5 Galin\u0117s sienel\u0117s med\u017eiaga \/ tipas \/ storis 2,5 mm HDF baldin\u0117 plok\u0161t\u0117 Matomos galin\u0117s sienel\u0117s dalies spalva \u2013 auksinis \u201ecraft \u0105\u017euolas\u201c Priekin\u0117 spalva Grandson \u0105\u017euolas \/ Grafitas Priekin\u0117 med\u017eiaga \/ tipas \/ storis 16 mm baldin\u0117 plok\u0161t\u0117 Priekin\u0117 dalis su veidrod\u017eiu TAIP Priekin\u0117 dalis su veidrod\u017eiu kiekis 1 Priekinis vyris Stumdom\u0173 dur\u0173 sistema Priekin\u0117 rankena \/ med\u017eiaga \/ spalva Aliuminio profilis \/ Sidabrin\u0117 Kojel\u0117 \/ med\u017eiaga \/ spalva Be reguliavimo \/ Plastikas \/ Grafitas Papildoma koja \/ apdaila \/ spalva Reguliuojama vidurin\u0117 dalis \/ plastikin\u0117 \/ juoda Dureli\u0173 skai\u010dius 3 U\u017edar\u0173 ni\u0161\u0173 skai\u010dius 8 Korpuso \u012franga Standartin\u0117: 3 pakabos strypai<\/p>","protected":false},"excerpt":{"rendered":"<p>The YORK Y09 sliding wardrobe is the perfect wardrobe for your bedroom or hallway. It features a smooth-running sliding door system. Comfortable and spacious shelves form a shelving unit inside, along with three rails for short and long garments, create a practical arrangement that allows you to organize your wardrobe and personal items in one [&hellip;]<\/p>","protected":false},"featured_media":257716,"comment_status":"open","ping_status":"open","template":"","meta":[],"product_brand":[],"product_cat":[2457,1177],"product_tag":[],"class_list":{"0":"post-257715","1":"product","2":"type-product","3":"status-publish","4":"has-post-thumbnail","6":"product_cat-liveo","7":"product_cat-wardrobes","9":"first","10":"instock","11":"purchasable","12":"product-type-simple"},"_links":{"self":[{"href":"https:\/\/baldumarket.lt\/lt\/wp-json\/wp\/v2\/product\/257715","targetHints":{"allow":["GET"]}}],"collection":[{"href":"https:\/\/baldumarket.lt\/lt\/wp-json\/wp\/v2\/product"}],"about":[{"href":"https:\/\/baldumarket.lt\/lt\/wp-json\/wp\/v2\/types\/product"}],"replies":[{"embeddable":true,"href":"https:\/\/baldumarket.lt\/lt\/wp-json\/wp\/v2\/comments?post=257715"}],"wp:featuredmedia":[{"embeddable":true,"href":"https:\/\/baldumarket.lt\/lt\/wp-json\/wp\/v2\/media\/257716"}],"wp:attachment":[{"href":"https:\/\/baldumarket.lt\/lt\/wp-json\/wp\/v2\/media?parent=257715"}],"wp:term":[{"taxonomy":"product_brand","embeddable":true,"href":"https:\/\/baldumarket.lt\/lt\/wp-json\/wp\/v2\/product_brand?post=257715"},{"taxonomy":"product_cat","embeddable":true,"href":"https:\/\/baldumarket.lt\/lt\/wp-json\/wp\/v2\/product_cat?post=257715"},{"taxonomy":"product_tag","embeddable":true,"href":"https:\/\/baldumarket.lt\/lt\/wp-json\/wp\/v2\/product_tag?post=257715"}],"curies":[{"name":"wp","href":"https:\/\/api.w.org\/{rel}","templated":true}]}}