{"id":257712,"date":"2026-01-10T23:00:15","date_gmt":"2026-01-10T20:00:15","guid":{"rendered":"https:\/\/baldumarket.lt\/product\/york-y08-szafa-z-lustrem\/"},"modified":"2026-02-11T18:30:16","modified_gmt":"2026-02-11T15:30:16","slug":"york-y08-szafa-z-lustrem","status":"publish","type":"product","link":"https:\/\/baldumarket.lt\/lt\/product\/york-y08-szafa-z-lustrem\/","title":{"rendered":"YORK Y08 spinta su veidrod\u017eiu"},"content":{"rendered":"<p>Spinta YORK Y08 \u2013 tai plati, trij\u0173 dur\u0173 spinta su erdviu vidumi, puikiai tinkanti miegamajam, persirengimo kambariui ar prie\u0161kambariui. Spintos vidus padalintas \u012f dvi dalis. Vienoje pus\u0117je rasite lentynas smulkiems daiktams ir aksesuarams susid\u0117ti, o kitoje \u2013 didel\u0119 erdv\u0119 su skersiniu paltams ir mar\u0161kiniams pakabinti. Centre esantis veidrodis vizualiai padidina kambar\u012f. \u0160ilto med\u017eio atspalvio ir grafito element\u0173 derinys spintoje traukia ak\u012f ir sukuria tikrai dizainerio bald\u0105 bet kokiam interjerui. Fasadai be ranken\u0117li\u0173 suteikia lengvumo ir pabr\u0117\u017eia unikal\u0173 bald\u0173 charakter\u012f. Spinta idealiai tinka derinti su kitais YORK serijos baldais arba naudoti kaip atskiras baldas, leid\u017eiantis j\u0105 pritaikyti prie savo kambario interjero.<\/p>\n<p>Plotis 149 cm Gylis 54 cm Auk\u0161tis 193,5 cm Produkto svoris su pakuote 124,95 kg Gamintojo kodas \/ simbolis Y08 Kolekcijos pavadinimas YORK Pavadinimas b2b sistemoje YORK Y-8 grandson \u0105\u017euolas\/grafitas 3D SPINTEL\u0116S komplektas Produkto pakuo\u010di\u0173 skai\u010dius 5 Stilius Modernus \u012eranga Surinkimo instrukcijos \/ surinkimo priedai Surinkimas Savaranki\u0161kam surinkimui Korpuso spalva Grandson \u0105\u017euolas \/ Grafitas Korpuso med\u017eiaga \/ tipas \/ storis 16 mm bald\u0173 plok\u0161t\u0117 \/ 16 mm MDF bald\u0173 plok\u0161t\u0117 \/ juostel\u0117 18 mm MDF bald\u0173 plok\u0161t\u0117 Vir\u0161utinio korpuso med\u017eiaga \/ tipas \/ storis 22 mm bald\u0173 plok\u0161t\u0117 Apatinio korpuso med\u017eiaga \/ tipas \/ storis 22 mm bald\u0173 plok\u0161t\u0117 Lentynos spalva Grandson \u0105\u017euolas Lentynos med\u017eiaga \/ tipas \/ storis 16 mm bald\u0173 plok\u0161t\u0117 Lentyn\u0173 kiekis 3 Vainiko tipo lentyn\u0173 kiekis 1 Galin\u0117s sienel\u0117s med\u017eiaga \/ tipas \/ storis 2,5 mm HDF bald\u0173 plok\u0161t\u0117 Galin\u0117s sienel\u0117s spalva \u2013 craft \u0105\u017euolas, auksin\u0117 Priekin\u0117 spalva Grandson \u0105\u017euolas Priekin\u0117 med\u017eiaga \/ tipas \/ storis 16 mm bald\u0173 plok\u0161t\u0117 \/ 18 mm MDF bald\u0173 plok\u0161t\u0117 Priekin\u0117 dalis su veidrod\u017eiu TAIP Priekin\u0117 dalis su veidrod\u017eiu kiekis 1 Priekinis vyris \u2300 35 mm reguliuojamas trijose plok\u0161tumose Priekin\u0117 rankena \/ apdaila \/ spalva Frezuota \/ Grandson Oak Kojel\u0117 \/ apdaila \/ spalva Nereguliuojama \/ plastikin\u0117 \/ grafito Papildoma kojel\u0117 \/ apdaila \/ spalva Reguliuojama vidurin\u0117 dalis \/ plastikin\u0117 \/ juoda Dureli\u0173 skai\u010dius 6 U\u017edar\u0173 ni\u0161\u0173 skai\u010dius 8 Korpuso \u012franga Standartin\u0117 1 pakabos strypas<\/p>","protected":false},"excerpt":{"rendered":"<p>The YORK Y08 wardrobe is a wide, three-door wardrobe with a spacious interior, perfect for a bedroom, dressing room, or hallway. The wardrobe&#8217;s interior is divided into two sections. On one side, you&#8217;ll find shelves for organizing small items and accessories, while on the other, you&#8217;ll find a large space with a rail for hanging [&hellip;]<\/p>","protected":false},"featured_media":257682,"comment_status":"open","ping_status":"open","template":"","meta":[],"product_brand":[],"product_cat":[2457,1177],"product_tag":[],"class_list":{"0":"post-257712","1":"product","2":"type-product","3":"status-publish","4":"has-post-thumbnail","6":"product_cat-liveo","7":"product_cat-wardrobes","9":"first","10":"instock","11":"purchasable","12":"product-type-simple"},"_links":{"self":[{"href":"https:\/\/baldumarket.lt\/lt\/wp-json\/wp\/v2\/product\/257712","targetHints":{"allow":["GET"]}}],"collection":[{"href":"https:\/\/baldumarket.lt\/lt\/wp-json\/wp\/v2\/product"}],"about":[{"href":"https:\/\/baldumarket.lt\/lt\/wp-json\/wp\/v2\/types\/product"}],"replies":[{"embeddable":true,"href":"https:\/\/baldumarket.lt\/lt\/wp-json\/wp\/v2\/comments?post=257712"}],"wp:featuredmedia":[{"embeddable":true,"href":"https:\/\/baldumarket.lt\/lt\/wp-json\/wp\/v2\/media\/257682"}],"wp:attachment":[{"href":"https:\/\/baldumarket.lt\/lt\/wp-json\/wp\/v2\/media?parent=257712"}],"wp:term":[{"taxonomy":"product_brand","embeddable":true,"href":"https:\/\/baldumarket.lt\/lt\/wp-json\/wp\/v2\/product_brand?post=257712"},{"taxonomy":"product_cat","embeddable":true,"href":"https:\/\/baldumarket.lt\/lt\/wp-json\/wp\/v2\/product_cat?post=257712"},{"taxonomy":"product_tag","embeddable":true,"href":"https:\/\/baldumarket.lt\/lt\/wp-json\/wp\/v2\/product_tag?post=257712"}],"curies":[{"name":"wp","href":"https:\/\/api.w.org\/{rel}","templated":true}]}}