{"id":257709,"date":"2026-01-10T23:00:12","date_gmt":"2026-01-10T20:00:12","guid":{"rendered":"https:\/\/baldumarket.lt\/product\/york-y07-szafa\/"},"modified":"2026-05-01T16:50:06","modified_gmt":"2026-05-01T13:50:06","slug":"york-y07-szafa","status":"publish","type":"product","link":"https:\/\/baldumarket.lt\/lt\/product\/york-y07-szafa\/","title":{"rendered":"JORKAS Y07 DRABU\u017dIN\u0116"},"content":{"rendered":"<p>Spinta YORK Y07 puikiai papildys svetain\u0119, miegam\u0105j\u012f, darbo kambar\u012f ar jaunimo kambar\u012f. \u0160i dviej\u0173 dur\u0173 spinta turi pakabos b\u0117gel\u012f ir lentyn\u0105, u\u017etikrinan\u010dias optimali\u0105 daikt\u0173 laikymo erdv\u0119. Ji leid\u017eia susisteminti ir sutvarkyti svarbiausius daiktus, taip pat drabu\u017eius, kurie anks\u010diau nerado savo tinkamos vietos. \u0160ilto med\u017eio atspalvio ir grafito element\u0173 derinys spintoje traukia ak\u012f ir sukuria tikrai dizainerio stiliaus bald\u0105 bet kokiam interjerui. Fasadai be ranken\u0117li\u0173 suteikia lengvumo ir pabr\u0117\u017eia unikal\u0173 bald\u0173 charakter\u012f. Spinta idealiai tinka derinti su kitais YORK serijos baldais arba naudoti kaip atskiras baldas, prisitaikantis prie j\u016bs\u0173 kambario interjero.<\/p>\n<p>Plotis 91 cm Gylis 54 cm Auk\u0161tis 193,5 cm Produkto svoris su pakuote 74,35 kg Gamintojo kodas \/ simbolis Y07 Kolekcijos pavadinimas YORK Pavadinimas b2b sistemoje YORK Y-7 grandson \u0105\u017euolas\/grafitas SPINTEL\u0116 2D komplektas Produkto pakuo\u010di\u0173 skai\u010dius 3 Stilius Modernus \u012eranga Surinkimo instrukcijos \/ surinkimo priedai Surinkimas Savaranki\u0161kam surinkimui Korpuso spalva Grandson \u0105\u017euolas \/ Grafitas Korpuso med\u017eiaga \/ tipas \/ storis 16 mm bald\u0173 plok\u0161t\u0117 \/ 16 mm MDF bald\u0173 plok\u0161t\u0117 \/ juostel\u0117 18 mm MDF bald\u0173 plok\u0161t\u0117 Vir\u0161utinio korpuso vir\u0161utinio sluoksnio med\u017eiaga \/ tipas \/ storis 22 mm bald\u0173 plok\u0161t\u0117 Apatinio korpuso vir\u0161utinio sluoksnio med\u017eiaga \/ tipas \/ storis 22 mm bald\u0173 plok\u0161t\u0117 Lentynos spalva Grandson \u0105\u017euolas Lentynos med\u017eiaga \/ tipas \/ storis 16 mm bald\u0173 plok\u0161t\u0117 Lentyn\u0173 kiekis 1 Galin\u0117s sienel\u0117s med\u017eiaga \/ tipas \/ storis 2,5 mm HDF bald\u0173 plok\u0161t\u0117 Matoma galin\u0117s sienel\u0117s dalis spalva Craft Gold \u0105\u017euolas Priekin\u0117 spalva Grandson \u0105\u017euolas Priekin\u0117 med\u017eiaga \/ tipas \/ storis 16 mm bald\u0173 plok\u0161t\u0117 \/ 18 mm MDF bald\u0173 plok\u0161t\u0117 Priekinis vyris \u2300 35 mm reguliuojamas trijose plok\u0161tumose Priekin\u0117 rankena \/ med\u017eiaga \/ spalva Frezuota \/ \u201eGrandson Oak\u201c koja \/ apdaila \/ spalva Nereguliuojama \/ plastikin\u0117 \/ grafito Dureli\u0173 skai\u010dius 4 U\u017edar\u0173 ni\u0161\u0173 skai\u010dius 3 Korpuso \u012franga Standartin\u0117: 1 pakabinimo karnizas<\/p>","protected":false},"excerpt":{"rendered":"<p>Spinta YORK Y07 puikiai papildys svetain\u0119, miegam\u0105j\u012f, darbo kambar\u012f ar jaunimo kambar\u012f. \u0160i dviej\u0173 dur\u0173 spinta turi pakab\u0105 ir lentyn\u0105, u\u017etikrinan\u010di\u0105 optimali\u0105 daikt\u0173 laikymo viet\u0105. Ji leid\u017eia susisteminti ir sud\u0117lioti svarbiausius daiktus, taip pat drabu\u017eius, kurie anks\u010diau nerado savo tinkamos vietos. [\u2026]<\/p>","protected":false},"featured_media":257694,"comment_status":"open","ping_status":"open","template":"","meta":[],"product_brand":[],"product_cat":[10231,2457,1177],"product_tag":[],"class_list":{"0":"post-257709","1":"product","2":"type-product","3":"status-publish","4":"has-post-thumbnail","6":"product_cat-furniture-system-york-liveo","7":"product_cat-liveo","8":"product_cat-wardrobes","10":"first","11":"instock","12":"purchasable","13":"product-type-simple"},"_links":{"self":[{"href":"https:\/\/baldumarket.lt\/lt\/wp-json\/wp\/v2\/product\/257709","targetHints":{"allow":["GET"]}}],"collection":[{"href":"https:\/\/baldumarket.lt\/lt\/wp-json\/wp\/v2\/product"}],"about":[{"href":"https:\/\/baldumarket.lt\/lt\/wp-json\/wp\/v2\/types\/product"}],"replies":[{"embeddable":true,"href":"https:\/\/baldumarket.lt\/lt\/wp-json\/wp\/v2\/comments?post=257709"}],"wp:featuredmedia":[{"embeddable":true,"href":"https:\/\/baldumarket.lt\/lt\/wp-json\/wp\/v2\/media\/257694"}],"wp:attachment":[{"href":"https:\/\/baldumarket.lt\/lt\/wp-json\/wp\/v2\/media?parent=257709"}],"wp:term":[{"taxonomy":"product_brand","embeddable":true,"href":"https:\/\/baldumarket.lt\/lt\/wp-json\/wp\/v2\/product_brand?post=257709"},{"taxonomy":"product_cat","embeddable":true,"href":"https:\/\/baldumarket.lt\/lt\/wp-json\/wp\/v2\/product_cat?post=257709"},{"taxonomy":"product_tag","embeddable":true,"href":"https:\/\/baldumarket.lt\/lt\/wp-json\/wp\/v2\/product_tag?post=257709"}],"curies":[{"name":"wp","href":"https:\/\/api.w.org\/{rel}","templated":true}]}}