{"id":257706,"date":"2026-01-10T23:00:09","date_gmt":"2026-01-10T20:00:09","guid":{"rendered":"https:\/\/baldumarket.lt\/product\/york-y06-szafka-l-p-uniwersalna-lewostronna-prawostronna\/"},"modified":"2026-02-11T18:30:16","modified_gmt":"2026-02-11T15:30:16","slug":"york-y06-szafka-l-p-uniwersalna-lewostronna-prawostronna","status":"publish","type":"product","link":"https:\/\/baldumarket.lt\/lt\/product\/york-y06-szafka-l-p-uniwersalna-lewostronna-prawostronna\/","title":{"rendered":"YORK Y06 SPINTEL\u0116 K\/D UNIVERSALI KAIR\u0116\/DE\u0160IN\u0116"},"content":{"rendered":"<p>YORK Y06 kairin\u0117\/de\u0161in\u0117 spintel\u0117 \u2013 tai kompakti\u0161kas modelis, puikiai papildantis modern\u0173 interjer\u0105 ir tinkantis ma\u017eoms erdv\u0117ms. Spintel\u0117s viduje yra penkios prakti\u0161kos ni\u0161os, padalintos keturiomis lentynomis. Jos idealiai tinka laikyti ma\u017eesnius spintos daiktus, d\u0117\u017ees ir organizatorius, kurie padeda palaikyti tvark\u0105. Papildomas privalumas \u2013 galimyb\u0117 \u012frengti dureles taip, kad jos atsidaryt\u0173 \u012f kair\u0119 arba \u012f de\u0161in\u0119. \u0160ilto med\u017eio atspalvio ir grafito element\u0173 derinys spintel\u0117je patraukia ak\u012f ir sukuria tikrai dizainerio stiliaus bald\u0105 bet kokiam interjerui. Fasadai be ranken\u0117li\u0173 suteikia lengvumo ir pabr\u0117\u017eia unikal\u0173 bald\u0173 charakter\u012f. Spintel\u0117 idealiai tinka derinti su kitais YORK serijos baldais arba naudoti kaip atskiras baldas, leid\u017eiantis pritaikyti kambario dizain\u0105 pagal savo skon\u012f.<\/p>\n<p>Plotis 58 cm Gylis 39,5 cm Auk\u0161tis 193,5 cm Produkto svoris su pakuote 49,80 kg Gamintojo kodas \/ simbolis Y06 Kolekcijos pavadinimas YORK Pavadinimas b2b sistemoje YORK Y-6 grandson \u0105\u017euolo\/grafito SPINTEL\u0116 LP komplektas Produkto pakuo\u010di\u0173 skai\u010dius 3 Stilius Moderni \u012eranga Surinkimo instrukcijos \/ surinkimo priedai Surinkimas Savaranki\u0161kam surinkimui Korpuso spalva Grandson \u0105\u017euolas \/ Grafitas Korpuso med\u017eiaga \/ tipas \/ storis 16 mm bald\u0173 plok\u0161t\u0117 \/ 16 mm MDF bald\u0173 plok\u0161t\u0117 \/ juostel\u0117 18 mm MDF bald\u0173 plok\u0161t\u0117 Vir\u0161utinio korpuso vir\u0161utinio sluoksnio med\u017eiaga \/ tipas \/ storis 22 mm bald\u0173 plok\u0161t\u0117 Apatinio korpuso vir\u0161utinio sluoksnio med\u017eiaga \/ tipas \/ storis 22 mm bald\u0173 plok\u0161t\u0117 Lentynos spalva Grandson \u0105\u017euolas Lentynos med\u017eiaga \/ tipas \/ storis 16 mm bald\u0173 plok\u0161t\u0117 Lentyn\u0173 kiekis 3 Vainiko tipo lentyn\u0173 kiekis 1 Galin\u0117s sienel\u0117s med\u017eiaga \/ tipas \/ storis 2,5 mm HDF bald\u0173 plok\u0161t\u0117 Matoma galin\u0117s sienel\u0117s dalis spalva Craft Gold \u0105\u017euolas Priekin\u0117 spalva Grandson \u0105\u017euolas Priekin\u0117 med\u017eiaga \/ tipas \/ storis 16 mm bald\u0173 plok\u0161t\u0117 \/ 18 mm MDF bald\u0173 plok\u0161t\u0117 Priekinis vyris \u2300 35 mm reguliuojamas trijose plok\u0161tumose Priekin\u0117 dalis Universalus atidarymas kairysis \/ de\u0161inysis TAIP Priekin\u0117 rankena \/ apdaila \/ spalva Frezuota \/ Grandson \u0105\u017euolo spalvos Kojel\u0117 \/ apdaila \/ spalva Be reguliavimo \/ plastikas \/ grafitas Dureli\u0173 skai\u010dius 2 U\u017edar\u0173 ni\u0161\u0173 skai\u010dius 5 Universalus korpusas kairysis \/ de\u0161inysis TAIP<\/p>","protected":false},"excerpt":{"rendered":"<p>The YORK Y06 left\/right cabinet is a compact model that will perfectly complement a modern interior, perfect for small spaces. The cabinet&#8217;s interior features five practical niches, divided by four shelves. These are ideal for storing smaller wardrobe items, boxes, and organizers, which help keep things organized. An additional advantage is the option to install [&hellip;]<\/p>","protected":false},"featured_media":257693,"comment_status":"open","ping_status":"open","template":"","meta":[],"product_brand":[],"product_cat":[2457,1177],"product_tag":[],"class_list":{"0":"post-257706","1":"product","2":"type-product","3":"status-publish","4":"has-post-thumbnail","6":"product_cat-liveo","7":"product_cat-wardrobes","9":"first","10":"instock","11":"purchasable","12":"product-type-simple"},"_links":{"self":[{"href":"https:\/\/baldumarket.lt\/lt\/wp-json\/wp\/v2\/product\/257706","targetHints":{"allow":["GET"]}}],"collection":[{"href":"https:\/\/baldumarket.lt\/lt\/wp-json\/wp\/v2\/product"}],"about":[{"href":"https:\/\/baldumarket.lt\/lt\/wp-json\/wp\/v2\/types\/product"}],"replies":[{"embeddable":true,"href":"https:\/\/baldumarket.lt\/lt\/wp-json\/wp\/v2\/comments?post=257706"}],"wp:featuredmedia":[{"embeddable":true,"href":"https:\/\/baldumarket.lt\/lt\/wp-json\/wp\/v2\/media\/257693"}],"wp:attachment":[{"href":"https:\/\/baldumarket.lt\/lt\/wp-json\/wp\/v2\/media?parent=257706"}],"wp:term":[{"taxonomy":"product_brand","embeddable":true,"href":"https:\/\/baldumarket.lt\/lt\/wp-json\/wp\/v2\/product_brand?post=257706"},{"taxonomy":"product_cat","embeddable":true,"href":"https:\/\/baldumarket.lt\/lt\/wp-json\/wp\/v2\/product_cat?post=257706"},{"taxonomy":"product_tag","embeddable":true,"href":"https:\/\/baldumarket.lt\/lt\/wp-json\/wp\/v2\/product_tag?post=257706"}],"curies":[{"name":"wp","href":"https:\/\/api.w.org\/{rel}","templated":true}]}}