{"id":257700,"date":"2026-01-10T23:00:05","date_gmt":"2026-01-10T20:00:05","guid":{"rendered":"https:\/\/baldumarket.lt\/product\/york-y05-witryna-l-p-uniwersalna-lewostronna-prawostronna\/"},"modified":"2026-02-11T18:30:16","modified_gmt":"2026-02-11T15:30:16","slug":"york-y05-witryna-l-p-uniwersalna-lewostronna-prawostronna","status":"publish","type":"product","link":"https:\/\/baldumarket.lt\/lt\/product\/york-y05-witryna-l-p-uniwersalna-lewostronna-prawostronna\/","title":{"rendered":"YORK Y05 vitrina K\/D UNIVERSALUS KAIR\u0116\/DE\u0160IN\u0116"},"content":{"rendered":"<p>YORK Y05 L\/R vitrina \u2013 tai unikali, vien\u0173 dur\u0173 spintel\u0117, kuri tiks bet kuriame kambaryje, subtiliai pabr\u0117\u017edama jo dizaino gro\u017e\u012f. Jos viduje yra trys ni\u0161os u\u017e stiklini\u0173 dureli\u0173, skirtos \u012fvairiems stikliniams indams ir dekoracijoms eksponuoti, ir dvi ni\u0161os u\u017e masyvi\u0173 dureli\u0173, skirtos naudingiems daiktams laikyti. U\u017e papildom\u0105 mokest\u012f stiklini\u0173 lentyn\u0173 dalyje galima \u012frengti LED ap\u0161vietim\u0105. Papildomas privalumas \u2013 galimyb\u0117 \u012frengti dureles taip, kad jos atsidaryt\u0173 \u012f kair\u0119 arba \u012f de\u0161in\u0119. \u0160ilto med\u017eio atspalvio ir grafito element\u0173 derinys spintel\u0117je traukia ak\u012f ir sukuria tikrai dizainerio stiliaus bald\u0105 bet kokiam interjerui. Fasadai be ranken\u0117li\u0173 suteikia lengvumo ir pabr\u0117\u017eia unikal\u0173 bald\u0173 charakter\u012f. Spintel\u0117 idealiai tinka derinti su kitais YORK serijos baldais arba naudoti kaip atskiras baldas, leid\u017eiantis j\u0105 pritaikyti prie savo kambario dizaino.<\/p>\n<p>Plotis 58 cm Gylis 39,5 cm Auk\u0161tis 193,5 cm Produkto svoris su pakuote 50,55 kg Gamintojo kodas \/ simbolis Y05 Kolekcijos pavadinimas YORK Pavadinimas b2b sistemoje YORK Y-5 grandson \u0105\u017euolas\/grafitas EKSPONUOJANTI SIENA LP komplektas Produkto pakuo\u010di\u0173 skai\u010dius 3 Stilius Moderni \u012eranga Surinkimo instrukcijos \/ surinkimo priedai Surinkimas Savaranki\u0161kam surinkimui Korpuso spalva Grandson \u0105\u017euolas \/ Grafitas Korpuso med\u017eiaga \/ tipas \/ storis 16 mm bald\u0173 plok\u0161t\u0117 \/ 16 mm MDF bald\u0173 plok\u0161t\u0117 \/ juostel\u0117 18 mm MDF bald\u0173 plok\u0161t\u0117 Vir\u0161utinio korpuso med\u017eiaga \/ tipas \/ storis 22 mm bald\u0173 plok\u0161t\u0117 Apatinio korpuso med\u017eiaga \/ tipas \/ storis 22 mm bald\u0173 plok\u0161t\u0117 Lentynos spalva Grandson \u0105\u017euolas Lentynos med\u017eiaga \/ tipas \/ storis 16 mm bald\u0173 plok\u0161t\u0117 Lentyn\u0173 kiekis 1 Galin\u0117s sienel\u0117s med\u017eiaga \/ tipas \/ storis 2,5 mm HDF bald\u0173 plok\u0161t\u0117 Matoma galin\u0117s sienel\u0117s dalis spalva Craft Gold \u0105\u017euolas Priekin\u0117 spalva Grandson \u0105\u017euolas Priekin\u0117 med\u017eiaga \/ tipas \/ storis 16 mm bald\u0173 plok\u0161t\u0117 \/ 18 mm MDF bald\u0173 plok\u0161t\u0117 Priekinis vyris \u2300 35 mm reguliuojamas trijose plok\u0161tumose Priekinis universalus atidarymas kair\u0117je pus\u0117je \/ De\u0161iniarankiams TAIP Priekin\u0117 rankena \/ apdaila \/ spalva Frezuota \/ Grandson Oak Glaz\u016bruota priekin\u0117 apdaila \/ stiklo spalva Gr\u016bdintas \/ skaidrus Glaz\u016bruoto priekinio stiklo storis 4 mm Stiklin\u0117s lentynos stiklo spalva Skaidri Stiklin\u0117s lentynos stiklo storis 5 mm Stiklini\u0173 lentyn\u0173 kiekis 2 Kojel\u0117 \/ apdaila \/ spalva Be reguliavimo \/ plastikas \/ grafitas Dureli\u0173 skai\u010dius 2 U\u017edar\u0173 \u012fdub\u0173 skai\u010dius u\u017e priekinio stiklo 3 U\u017edar\u0173 \u012fdub\u0173 skai\u010dius 2 Universalus korpusas kair\u0117ms \/ de\u0161in\u0117ms TAIP<\/p>","protected":false},"excerpt":{"rendered":"<p>YORK Y05 L\/R vitrina \u2013 tai unikali, vien\u0173 dur\u0173 spintel\u0117, kuri tiks bet kuriame kambaryje ir subtiliai pabr\u0117\u0161 jos dizaino gro\u017e\u012f. Jos viduje yra trys \u012fdubimai u\u017e stiklini\u0173 dureli\u0173, skirti \u012fvairiems stikliniams indams ir dekoracijoms eksponuoti, ir dvi \u012fdubimai u\u017e tvirt\u0173 dureli\u0173, skirti naudingiems daiktams laikyti. Papildomai galima \u012frengti LED ap\u0161vietim\u0105 [\u2026]<\/p>","protected":false},"featured_media":257701,"comment_status":"open","ping_status":"open","template":"","meta":[],"product_brand":[],"product_cat":[2457,2006],"product_tag":[],"class_list":{"0":"post-257700","1":"product","2":"type-product","3":"status-publish","4":"has-post-thumbnail","6":"product_cat-liveo","7":"product_cat-vitrines","9":"first","10":"instock","11":"purchasable","12":"product-type-simple"},"_links":{"self":[{"href":"https:\/\/baldumarket.lt\/lt\/wp-json\/wp\/v2\/product\/257700","targetHints":{"allow":["GET"]}}],"collection":[{"href":"https:\/\/baldumarket.lt\/lt\/wp-json\/wp\/v2\/product"}],"about":[{"href":"https:\/\/baldumarket.lt\/lt\/wp-json\/wp\/v2\/types\/product"}],"replies":[{"embeddable":true,"href":"https:\/\/baldumarket.lt\/lt\/wp-json\/wp\/v2\/comments?post=257700"}],"wp:featuredmedia":[{"embeddable":true,"href":"https:\/\/baldumarket.lt\/lt\/wp-json\/wp\/v2\/media\/257701"}],"wp:attachment":[{"href":"https:\/\/baldumarket.lt\/lt\/wp-json\/wp\/v2\/media?parent=257700"}],"wp:term":[{"taxonomy":"product_brand","embeddable":true,"href":"https:\/\/baldumarket.lt\/lt\/wp-json\/wp\/v2\/product_brand?post=257700"},{"taxonomy":"product_cat","embeddable":true,"href":"https:\/\/baldumarket.lt\/lt\/wp-json\/wp\/v2\/product_cat?post=257700"},{"taxonomy":"product_tag","embeddable":true,"href":"https:\/\/baldumarket.lt\/lt\/wp-json\/wp\/v2\/product_tag?post=257700"}],"curies":[{"name":"wp","href":"https:\/\/api.w.org\/{rel}","templated":true}]}}