{"id":257695,"date":"2026-01-10T23:00:01","date_gmt":"2026-01-10T20:00:01","guid":{"rendered":"https:\/\/baldumarket.lt\/product\/york-y04-kredens\/"},"modified":"2026-05-01T16:50:06","modified_gmt":"2026-05-01T13:50:06","slug":"york-y04-kredens","status":"publish","type":"product","link":"https:\/\/baldumarket.lt\/lt\/product\/york-y04-kredens\/","title":{"rendered":"YORK Y04 indauja"},"content":{"rendered":"<p>YORK Y04 indauja \u2013 eleganti\u0161kas ir stilingas bet kurio svetain\u0117s, poilsio kambario ar valgomojo aksesuaras. Ji suteiks bet kokiai erdvei klas\u0117s ir \u017eavesio. Interjere yra prakti\u0161kos ni\u0161os, pasl\u0117ptos u\u017e piln\u0173 dur\u0173, leid\u017eian\u010dios atskirti daiktus ir palaikyti tvark\u0105. Vir\u0161utiniai stikliniai fasadai leid\u017eia pademonstruoti stikl\u0105 ir \u012fdomius aksesuarus. Stiklines lentynas galima papildomai apr\u016bpinti LED ap\u0161vietimu (u\u017e papildom\u0105 mokest\u012f). \u0160ilto med\u017eio atspalvio ir grafito element\u0173 derinys indaujai traukia ak\u012f ir sukuria tikrai dizainerio stiliaus bald\u0105 bet kokiam interjerui. Fasadai be ranken\u0117li\u0173 suteikia baldui lengvumo ir pabr\u0117\u017eia unikal\u0173 charakter\u012f. Indauja idealiai dera su kitais YORK serijos baldais arba yra atskiras baldas, leid\u017eiantis j\u0105 pritaikyti prie savo kambario interjero.<\/p>\n<p>Plotis 91 cm Gylis 39,5 cm Auk\u0161tis 147 cm Produkto svoris su pakuote 57,20 kg Gamintojo kodas \/ simbolis Y04 Kolekcijos pavadinimas YORK Pavadinimas b2b sistemoje YORK Y-4 grandson \u0105\u017euolas\/grafitas SPINTEL\u0116S komplektas Produkto pakuo\u010di\u0173 skai\u010dius 3 Stilius Modernus \u012eranga Surinkimo instrukcijos \/ surinkimo priedai Surinkimas Savaranki\u0161kam surinkimui Korpuso spalva Grandson \u0105\u017euolas \/ Grafitas Korpuso med\u017eiaga \/ tipas \/ storis 16 mm bald\u0173 plok\u0161t\u0117 \/ 16 mm MDF bald\u0173 plok\u0161t\u0117 \/ juostel\u0117 18 mm MDF bald\u0173 plok\u0161t\u0117 Vir\u0161utinio korpuso med\u017eiaga \/ tipas \/ storis 22 mm bald\u0173 plok\u0161t\u0117 Apatinio korpuso med\u017eiaga \/ tipas \/ storis 22 mm bald\u0173 plok\u0161t\u0117 Lentynos spalva Grandson \u0105\u017euolas Lentynos med\u017eiaga \/ tipas \/ storis 16 mm bald\u0173 plok\u0161t\u0117 Lentynos \u201eCrown\u201c tipo kiekis 1 Galin\u0117s sienel\u0117s med\u017eiaga \/ tipas \/ storis 2,5 mm HDF bald\u0173 plok\u0161t\u0117 Galin\u0117s sienel\u0117s spalva Craft Gold \u0105\u017euolas Priekin\u0117s spalvos Grandson \u0105\u017euolas Priekin\u0117s med\u017eiagos \/ tipas \/ storis 16 mm bald\u0173 plok\u0161t\u0117 \/ 18 mm MDF bald\u0173 plok\u0161t\u0117 Priekinis vyris \u2300 35 mm, reguliuojamas trijose plok\u0161tumose Priekin\u0117 rankena \/ med\u017eiaga \/ Spalvos Frezuota \/ \u201eGrandson Oak\u201c Stiklin\u0117s priekin\u0117s dalies apdaila \/ stiklo spalva Gr\u016bdinto \/ skaidraus Stiklin\u0117s priekin\u0117s dalies stiklo storis 4 mm Stiklin\u0117s lentynos stiklo spalva Skaidraus Stiklin\u0117s lentynos stiklo storis 5 mm Stiklini\u0173 lentyn\u0173 kiekis 2 Kojel\u0117 \/ apdaila \/ spalva Nereguliuojama \/ plastikin\u0117 \/ grafito Dureli\u0173 skai\u010dius 4 U\u017edar\u0173 ni\u0161\u0173 skai\u010dius u\u017e priekinio stiklo 4 U\u017edar\u0173 ni\u0161\u0173 skai\u010dius 2<\/p>","protected":false},"excerpt":{"rendered":"<p>YORK Y04 indauja yra eleganti\u0161kas ir stilingas bet kurio svetain\u0117s, poilsio kambario ar valgomojo aksesuaras. Ji suteiks bet kuriai erdvei klas\u0117s ir \u017eavesio. Interjere yra prakti\u0161kos ni\u0161os, pasl\u0117ptos u\u017e piln\u0173 dur\u0173, leid\u017eian\u010dios atskirti daiktus ir palaikyti tvark\u0105. Vir\u0161utiniai stikliniai fasadai leid\u017eia pademonstruoti stikl\u0105 ir \u012fdomius [\u2026]<\/p>","protected":false},"featured_media":257696,"comment_status":"open","ping_status":"open","template":"","meta":[],"product_brand":[],"product_cat":[10231,2457,2006],"product_tag":[],"class_list":{"0":"post-257695","1":"product","2":"type-product","3":"status-publish","4":"has-post-thumbnail","6":"product_cat-furniture-system-york-liveo","7":"product_cat-liveo","8":"product_cat-vitrines","10":"first","11":"instock","12":"purchasable","13":"product-type-simple"},"_links":{"self":[{"href":"https:\/\/baldumarket.lt\/lt\/wp-json\/wp\/v2\/product\/257695","targetHints":{"allow":["GET"]}}],"collection":[{"href":"https:\/\/baldumarket.lt\/lt\/wp-json\/wp\/v2\/product"}],"about":[{"href":"https:\/\/baldumarket.lt\/lt\/wp-json\/wp\/v2\/types\/product"}],"replies":[{"embeddable":true,"href":"https:\/\/baldumarket.lt\/lt\/wp-json\/wp\/v2\/comments?post=257695"}],"wp:featuredmedia":[{"embeddable":true,"href":"https:\/\/baldumarket.lt\/lt\/wp-json\/wp\/v2\/media\/257696"}],"wp:attachment":[{"href":"https:\/\/baldumarket.lt\/lt\/wp-json\/wp\/v2\/media?parent=257695"}],"wp:term":[{"taxonomy":"product_brand","embeddable":true,"href":"https:\/\/baldumarket.lt\/lt\/wp-json\/wp\/v2\/product_brand?post=257695"},{"taxonomy":"product_cat","embeddable":true,"href":"https:\/\/baldumarket.lt\/lt\/wp-json\/wp\/v2\/product_cat?post=257695"},{"taxonomy":"product_tag","embeddable":true,"href":"https:\/\/baldumarket.lt\/lt\/wp-json\/wp\/v2\/product_tag?post=257695"}],"curies":[{"name":"wp","href":"https:\/\/api.w.org\/{rel}","templated":true}]}}