{"id":257689,"date":"2026-01-10T22:59:57","date_gmt":"2026-01-10T19:59:57","guid":{"rendered":"https:\/\/baldumarket.lt\/product\/york-y03-komoda\/"},"modified":"2026-02-11T18:30:17","modified_gmt":"2026-02-11T15:30:17","slug":"york-y03-komoda","status":"publish","type":"product","link":"https:\/\/baldumarket.lt\/lt\/product\/york-y03-komoda\/","title":{"rendered":"YORK Y03 komoda su stal\u010diais"},"content":{"rendered":"<p>Komoda YORK Y03 i\u0161siskiria eleganti\u0161ku ir universaliu stiliumi, suteikian\u010diu plat\u0173 interjero dizaino variant\u0173 pasirinkim\u0105. Ji puikiai tinka svetainei, miegamajam, prie\u0161kambariui ar jaunimo kambariui. Erdvi komoda su trimis durel\u0117mis ir trimis stal\u010diais u\u017etikrina tinkam\u0105 drabu\u017ei\u0173, dokument\u0173 ir kit\u0173 b\u016btiniausi\u0173 daikt\u0173 laikymo tvark\u0105, o didelis vir\u0161utinis pavir\u0161ius leid\u017eia eksponuoti dekoratyvinius daiktus. \u0160ilto med\u017eio atspalvio ir grafito element\u0173 derinys traukia ak\u012f ir sukuria tikrai dizainerio bald\u0105 bet kokiam interjerui. Fasadai be ranken\u0117li\u0173 suteikia baldui lengvumo ir pabr\u0117\u017eia unikal\u0173 charakter\u012f. Komoda idealiai tinka derinti su kitais YORK serijos baldais arba naudoti kaip atskir\u0105 bald\u0105, leid\u017eiant\u012f pritaikyti kambario dizain\u0105 pagal savo skon\u012f.<\/p>\n<p>Plotis 149 cm Gylis 39,5 cm Auk\u0161tis 85 cm Produkto svoris su pakuote 61,20 kg Gamintojo kodas \/ simbolis Y03 Kolekcijos pavadinimas YORK Pavadinimas b2b sistemoje YORK Y-3 grandson \u0105\u017euolas\/grafitas KOMODOS komplektas Produkto pakuo\u010di\u0173 skai\u010dius 3 Stilius Modernus \u012eranga Surinkimo instrukcijos \/ surinkimo priedai Surinkimas Savaranki\u0161kam surinkimui Korpuso spalva Grandson \u0105\u017euolas \/ Grafitas Korpuso med\u017eiaga \/ tipas \/ storis 16 mm bald\u0173 plok\u0161t\u0117 \/ 16 mm MDF bald\u0173 plok\u0161t\u0117 \/ juostel\u0117 18 mm MDF bald\u0173 plok\u0161t\u0117 Vir\u0161utinio korpuso med\u017eiaga \/ tipas \/ storis 22 mm bald\u0173 plok\u0161t\u0117 Apatinio korpuso med\u017eiaga \/ tipas \/ storis 22 mm bald\u0173 plok\u0161t\u0117 Lentynos spalva Grandson \u0105\u017euolas Lentynos med\u017eiaga \/ tipas \/ storis 16 mm bald\u0173 plok\u0161t\u0117 Lentyn\u0173 kiekis 1 Vainiko tipo lentyn\u0173 kiekis 1 Galin\u0117s sienel\u0117s med\u017eiaga \/ tipas \/ storis 2,5 mm HDF bald\u0173 plok\u0161t\u0117 Galin\u0117s sienel\u0117s matomos dalies spalva Craft Gold \u0105\u017euolas Priekin\u0117 spalva Grandson \u0105\u017euolas Priekin\u0117 med\u017eiaga \/ tipas \/ storis 16 mm bald\u0173 plok\u0161t\u0117 \/ 18 mm MDF bald\u0173 plok\u0161t\u0117 Priekinis vyris \u2300 35 mm reguliuojamas trijose plok\u0161tumose Rankenos priekin\u0117 dalis \/ Apdaila \/ Spalva Frezuota \/ Grandson \u0105\u017euolas Pilno i\u0161traukimo stal\u010di\u0173 b\u0117geliai Kojel\u0117 \/ Apdaila \/ Spalva Nereguliuojama \/ Plastikas \/ Grafitas Papildoma kojel\u0117 \/ Apdaila \/ Spalva Reguliuojama vidurin\u0117 dalis \/ Plastikas \/ Juoda Dureli\u0173 skai\u010dius 3 Stal\u010di\u0173 skai\u010dius 3 U\u017edar\u0173 ni\u0161\u0173 skai\u010dius 4<\/p>","protected":false},"excerpt":{"rendered":"<p>The YORK Y03 chest of drawers stands out for its elegant and versatile style, allowing for a wide range of interior design options. It&#8217;s perfect for a living room, bedroom, hallway, or youth room. The spacious chest of drawers, with three doors and three drawers, provides ample organization for clothes, documents, and other essentials, while [&hellip;]<\/p>","protected":false},"featured_media":257690,"comment_status":"open","ping_status":"open","template":"","meta":[],"product_brand":[],"product_cat":[1173,2457],"product_tag":[],"class_list":{"0":"post-257689","1":"product","2":"type-product","3":"status-publish","4":"has-post-thumbnail","6":"product_cat-chests-of-drawers","7":"product_cat-liveo","9":"first","10":"instock","11":"purchasable","12":"product-type-simple"},"_links":{"self":[{"href":"https:\/\/baldumarket.lt\/lt\/wp-json\/wp\/v2\/product\/257689","targetHints":{"allow":["GET"]}}],"collection":[{"href":"https:\/\/baldumarket.lt\/lt\/wp-json\/wp\/v2\/product"}],"about":[{"href":"https:\/\/baldumarket.lt\/lt\/wp-json\/wp\/v2\/types\/product"}],"replies":[{"embeddable":true,"href":"https:\/\/baldumarket.lt\/lt\/wp-json\/wp\/v2\/comments?post=257689"}],"wp:featuredmedia":[{"embeddable":true,"href":"https:\/\/baldumarket.lt\/lt\/wp-json\/wp\/v2\/media\/257690"}],"wp:attachment":[{"href":"https:\/\/baldumarket.lt\/lt\/wp-json\/wp\/v2\/media?parent=257689"}],"wp:term":[{"taxonomy":"product_brand","embeddable":true,"href":"https:\/\/baldumarket.lt\/lt\/wp-json\/wp\/v2\/product_brand?post=257689"},{"taxonomy":"product_cat","embeddable":true,"href":"https:\/\/baldumarket.lt\/lt\/wp-json\/wp\/v2\/product_cat?post=257689"},{"taxonomy":"product_tag","embeddable":true,"href":"https:\/\/baldumarket.lt\/lt\/wp-json\/wp\/v2\/product_tag?post=257689"}],"curies":[{"name":"wp","href":"https:\/\/api.w.org\/{rel}","templated":true}]}}