{"id":257683,"date":"2026-01-10T22:59:54","date_gmt":"2026-01-10T19:59:54","guid":{"rendered":"https:\/\/baldumarket.lt\/product\/york-y02-komoda\/"},"modified":"2026-02-11T18:30:17","modified_gmt":"2026-02-11T15:30:17","slug":"york-y02-komoda","status":"publish","type":"product","link":"https:\/\/baldumarket.lt\/lt\/product\/york-y02-komoda\/","title":{"rendered":"YORK Y02 komoda su stal\u010diais"},"content":{"rendered":"<p>Komoda YORK Y02 \u2013 kompakti\u0161kas ir universalus baldas. Ji puikiai tinka svetainei, miegamajam ar ma\u017eam prie\u0161kambariui. Joje yra du stal\u010diai ir erdvi spintel\u0117 su lentyna viduje, tod\u0117l gal\u0117site lengvai susitvarkyti b\u016btiniausius daiktus. \u0160ilto med\u017eio atspalvio ir grafito element\u0173 derinys traukia ak\u012f ir sukuria tikrai dizainerio stiliaus bald\u0105 bet kokiam interjerui. Fasadai be ranken\u0117li\u0173 suteikia baldui lengvumo ir pabr\u0117\u017eia unikal\u0173 charakter\u012f. Komoda puikiai dera su kitais YORK serijos baldais arba naudojama kaip atskiras baldas, prisitaikantis prie j\u016bs\u0173 kambario interjero.<\/p>\n<p>Plotis 91 cm Gylis 39,5 cm Auk\u0161tis 85 cm Produkto svoris su pakuote 39,55 kg Gamintojo kodas \/ simbolis Y02 Kolekcijos pavadinimas YORK Pavadinimas b2b sistemoje YORK Y-2 grandson \u0105\u017euolas\/grafitas KOMODOS komplektas Produkto pakuo\u010di\u0173 skai\u010dius 3 Stilius Modernus \u012eranga Surinkimo instrukcijos \/ surinkimo priedai Surinkimas Savaranki\u0161kam surinkimui Korpuso spalva Grandson \u0105\u017euolas \/ Grafitas Korpuso med\u017eiaga \/ tipas \/ storis 16 mm bald\u0173 plok\u0161t\u0117 \/ 16 mm MDF bald\u0173 plok\u0161t\u0117 \/ juostel\u0117 18 mm MDF bald\u0173 plok\u0161t\u0117 Vir\u0161utinio korpuso med\u017eiaga \/ tipas \/ storis 22 mm bald\u0173 plok\u0161t\u0117 Apatinio korpuso med\u017eiaga \/ tipas \/ storis 22 mm bald\u0173 plok\u0161t\u0117 Lentynos spalva Grandson \u0105\u017euolas Lentynos med\u017eiaga \/ tipas \/ storis 16 mm bald\u0173 plok\u0161t\u0117 Kar\u016bn\u0117l\u0117s tipo lentyn\u0173 kiekis 1 Galin\u0117s sienel\u0117s med\u017eiaga \/ tipas \/ storis 2,5 mm HDF bald\u0173 plok\u0161t\u0117 Galin\u0117s sienel\u0117s matomos dalies spalva craft \u0105\u017euolas auksin\u0117 Priekin\u0117 spalva Grandson \u0105\u017euolas Priekin\u0117 med\u017eiaga \/ tipas \/ storis 16 mm bald\u0173 plok\u0161t\u0117 \/ 18 mm MDF bald\u0173 plok\u0161t\u0117 Priekinis vyris \u2300 35 mm reguliuojamas trijose plok\u0161tumose Priekin\u0117 rankena \/ med\u017eiaga \/ spalva: Frezuoti \/ \u201eGrandson Oak\u201c stal\u010di\u0173 b\u0117geliai: Pilno i\u0161traukimo; Kojel\u0117 \/ apdaila \/ spalva: Nereguliuojama \/ plastikin\u0117 \/ grafito; Dureli\u0173 skai\u010dius: 2; Stal\u010di\u0173 skai\u010dius: 2; U\u017edar\u0173 ni\u0161\u0173 skai\u010dius: 2.<\/p>","protected":false},"excerpt":{"rendered":"<p>The YORK Y02 chest of drawers is a compact, versatile piece. It&#8217;s perfect for a living room, bedroom, or small hallway. It features two drawers and a spacious cabinet with a shelf inside, allowing you to easily organize your essentials. The combination of the chest&#8217;s warm wood tone and graphite elements is eye-catching and creates [&hellip;]<\/p>","protected":false},"featured_media":257684,"comment_status":"open","ping_status":"open","template":"","meta":[],"product_brand":[],"product_cat":[1173,2457],"product_tag":[],"class_list":{"0":"post-257683","1":"product","2":"type-product","3":"status-publish","4":"has-post-thumbnail","6":"product_cat-chests-of-drawers","7":"product_cat-liveo","9":"first","10":"instock","11":"purchasable","12":"product-type-simple"},"_links":{"self":[{"href":"https:\/\/baldumarket.lt\/lt\/wp-json\/wp\/v2\/product\/257683","targetHints":{"allow":["GET"]}}],"collection":[{"href":"https:\/\/baldumarket.lt\/lt\/wp-json\/wp\/v2\/product"}],"about":[{"href":"https:\/\/baldumarket.lt\/lt\/wp-json\/wp\/v2\/types\/product"}],"replies":[{"embeddable":true,"href":"https:\/\/baldumarket.lt\/lt\/wp-json\/wp\/v2\/comments?post=257683"}],"wp:featuredmedia":[{"embeddable":true,"href":"https:\/\/baldumarket.lt\/lt\/wp-json\/wp\/v2\/media\/257684"}],"wp:attachment":[{"href":"https:\/\/baldumarket.lt\/lt\/wp-json\/wp\/v2\/media?parent=257683"}],"wp:term":[{"taxonomy":"product_brand","embeddable":true,"href":"https:\/\/baldumarket.lt\/lt\/wp-json\/wp\/v2\/product_brand?post=257683"},{"taxonomy":"product_cat","embeddable":true,"href":"https:\/\/baldumarket.lt\/lt\/wp-json\/wp\/v2\/product_cat?post=257683"},{"taxonomy":"product_tag","embeddable":true,"href":"https:\/\/baldumarket.lt\/lt\/wp-json\/wp\/v2\/product_tag?post=257683"}],"curies":[{"name":"wp","href":"https:\/\/api.w.org\/{rel}","templated":true}]}}