{"id":257677,"date":"2026-01-10T22:59:51","date_gmt":"2026-01-10T19:59:51","guid":{"rendered":"https:\/\/baldumarket.lt\/product\/york-y01-rtv\/"},"modified":"2026-02-11T18:30:17","modified_gmt":"2026-02-11T15:30:17","slug":"york-y01-rtv","status":"publish","type":"product","link":"https:\/\/baldumarket.lt\/lt\/product\/york-y01-rtv\/","title":{"rendered":"JORKAS Y01 RTV"},"content":{"rendered":"<p>YORK Y01 televizoriaus staliukas \u2013 tai baldas, kuris ne tik pasitarnaus kaip baldas, bet ir kaip dekoratyvinis elementas. Jis puikiai atrodo svetain\u0117je ir valgomajame. 149 cm plo\u010dio, ant jo telpa beveik bet kokio dyd\u017eio televizorius, ta\u010diau j\u012f taip pat galima naudoti kaip vitrin\u0105. \u0160onuose yra dvi u\u017edaros spintel\u0117s, o centre \u2013 atvira ni\u0161a su lentyna dekoderiams ir kitiems prietaisams. \u0160ilto med\u017eio atspalvio ir grafito element\u0173 derinys traukia ak\u012f ir sukuria tikrai dizainerio bald\u0105 bet kokiam interjerui. Be ranken\u0117li\u0173 fasadai suteikia baldui lengvumo ir pabr\u0117\u017eia unikal\u0173 charakter\u012f. Televizoriaus staliukas idealiai dera su kitais YORK serijos baldais arba yra atskiras baldas, tod\u0117l galite j\u012f pritaikyti prie savo kambario interjero.<\/p>\n<p>Plotis 149 cm Gylis 39,5 cm Auk\u0161tis 50,5 cm Produkto svoris su pakuote 34,75 kg Gamintojo kodas \/ simbolis Y01 Kolekcijos pavadinimas YORK Pavadinimas b2b sistemoje YORK Y-1 grandson \u0105\u017euolas\/grafitas RTV komplektas Produkto pakuo\u010di\u0173 skai\u010dius 3 Stilius Modernus \u012eranga Surinkimo instrukcijos \/ surinkimo priedai Surinkimas Savaranki\u0161kam surinkimui Korpuso spalva Grandson \u0105\u017euolas \/ Grafitas Korpuso med\u017eiaga \/ tipas \/ storis 16 mm bald\u0173 plok\u0161t\u0117 \/ 16 mm MDF bald\u0173 plok\u0161t\u0117 \/ juostel\u0117 18 mm MDF bald\u0173 plok\u0161t\u0117 Vir\u0161utinio korpuso med\u017eiaga \/ tipas \/ storis 22 mm bald\u0173 plok\u0161t\u0117 Apatinio korpuso med\u017eiaga \/ tipas \/ storis 22 mm bald\u0173 plok\u0161t\u0117 Lentynos spalva GRANDSON OAK Lentynos med\u017eiaga \/ tipas \/ storis 16 mm bald\u0173 plok\u0161t\u0117 Lentyn\u0173 kiekis 1 Galin\u0117s sienel\u0117s med\u017eiaga \/ tipas \/ storis 2,5 mm HDF bald\u0173 plok\u0161t\u0117 Galin\u0117s sienel\u0117s \u2013 matomos dalies spalva GOLDEN CRAFT OAK Priekin\u0117 spalva Grandson \u0105\u017euolas Priekin\u0117 med\u017eiaga \/ tipas \/ storis 16 mm bald\u0173 plok\u0161t\u0117 \/ 18 mm MDF bald\u0173 plok\u0161t\u0117 Priekinis vyris \u2300 35 mm reguliuojamas trijose plok\u0161tumose Priekin\u0117 rankena \/ Apdaila \/ spalva Frezuota \/ \u201eGrandson Oak\u201c Skyl\u0117 RTV kabeliams \u2300 50 mm Kojel\u0117 \/ apdaila \/ spalva Nereguliuojama \/ plastikin\u0117 \/ grafitin\u0117 Papildoma kojel\u0117 \/ apdaila \/ spalva Reguliuojama vidurin\u0117 dalis \/ plastikin\u0117 \/ juoda Dureli\u0173 skai\u010dius 2 Atvir\u0173 ni\u0161\u0173 skai\u010dius 2 U\u017edar\u0173 ni\u0161\u0173 skai\u010dius 2<\/p>","protected":false},"excerpt":{"rendered":"<p>YORK Y01 televizoriaus staliukas yra baldas, kuris bus ne tik baldas, bet ir dekoratyvin\u0117 detal\u0117. Jis puikiai atrodo svetain\u0117je ir valgomajame. 149 cm plo\u010dio, jame telpa beveik bet kokio dyd\u017eio televizorius, ta\u010diau j\u012f taip pat galima naudoti kaip vitrin\u0105 [\u2026]<\/p>","protected":false},"featured_media":257678,"comment_status":"open","ping_status":"open","template":"","meta":[],"product_brand":[],"product_cat":[2457,1175],"product_tag":[],"class_list":{"0":"post-257677","1":"product","2":"type-product","3":"status-publish","4":"has-post-thumbnail","6":"product_cat-liveo","7":"product_cat-tv-stands","9":"first","10":"instock","11":"purchasable","12":"product-type-simple"},"_links":{"self":[{"href":"https:\/\/baldumarket.lt\/lt\/wp-json\/wp\/v2\/product\/257677","targetHints":{"allow":["GET"]}}],"collection":[{"href":"https:\/\/baldumarket.lt\/lt\/wp-json\/wp\/v2\/product"}],"about":[{"href":"https:\/\/baldumarket.lt\/lt\/wp-json\/wp\/v2\/types\/product"}],"replies":[{"embeddable":true,"href":"https:\/\/baldumarket.lt\/lt\/wp-json\/wp\/v2\/comments?post=257677"}],"wp:featuredmedia":[{"embeddable":true,"href":"https:\/\/baldumarket.lt\/lt\/wp-json\/wp\/v2\/media\/257678"}],"wp:attachment":[{"href":"https:\/\/baldumarket.lt\/lt\/wp-json\/wp\/v2\/media?parent=257677"}],"wp:term":[{"taxonomy":"product_brand","embeddable":true,"href":"https:\/\/baldumarket.lt\/lt\/wp-json\/wp\/v2\/product_brand?post=257677"},{"taxonomy":"product_cat","embeddable":true,"href":"https:\/\/baldumarket.lt\/lt\/wp-json\/wp\/v2\/product_cat?post=257677"},{"taxonomy":"product_tag","embeddable":true,"href":"https:\/\/baldumarket.lt\/lt\/wp-json\/wp\/v2\/product_tag?post=257677"}],"curies":[{"name":"wp","href":"https:\/\/api.w.org\/{rel}","templated":true}]}}