{"id":257671,"date":"2026-01-10T22:59:35","date_gmt":"2026-01-10T19:59:35","guid":{"rendered":"https:\/\/baldumarket.lt\/product\/wewnetrzne-oswietlenie-profil-led-430-mm-biale-zimne-2-szt\/"},"modified":"2026-02-11T18:30:17","modified_gmt":"2026-02-11T15:30:17","slug":"wewnetrzne-oswietlenie-profil-led-430-mm-biale-zimne-2-szt","status":"publish","type":"product","link":"https:\/\/baldumarket.lt\/lt\/product\/wewnetrzne-oswietlenie-profil-led-430-mm-biale-zimne-2-szt\/","title":{"rendered":"VIDAUS AP\u0160VIETIMO LED PROFILIS 430 MM \u0160ALTAI BALTOS SPALVOS 2 VNT"},"content":{"rendered":"<p>Pavadinimas b2b sistemoje LED PROFILIS 430 MM \u0160ALTAI BALTA Montavimas Savaranki\u0161kam surinkimui \u0160viesos spalva \u0160altai balta Energijos klas\u0117 A++ Gaminio \u012franga Laidai \/ LED PROFILIS 430 MM \u0160ALTAI BALTA 2 vnt. Galia 4W<\/p>","protected":false},"excerpt":{"rendered":"<p>Pavadinimas b2b sistemoje LED PROFILIS 430 MM \u0160ALTAI BALTA Montavimas Savaranki\u0161kam surinkimui \u0160viesos spalva \u0160altai balta Energijos klas\u0117 A++ Gaminio \u012franga Laidai \/ LED PROFILIS 430 MM \u0160ALTAI BALTA 2 vnt. Galia 4W<\/p>","protected":false},"featured_media":255267,"comment_status":"open","ping_status":"open","template":"","meta":[],"product_brand":[],"product_cat":[1043,2457],"product_tag":[],"class_list":{"0":"post-257671","1":"product","2":"type-product","3":"status-publish","4":"has-post-thumbnail","6":"product_cat-extras","7":"product_cat-liveo","9":"first","10":"instock","11":"product-type-simple"},"_links":{"self":[{"href":"https:\/\/baldumarket.lt\/lt\/wp-json\/wp\/v2\/product\/257671","targetHints":{"allow":["GET"]}}],"collection":[{"href":"https:\/\/baldumarket.lt\/lt\/wp-json\/wp\/v2\/product"}],"about":[{"href":"https:\/\/baldumarket.lt\/lt\/wp-json\/wp\/v2\/types\/product"}],"replies":[{"embeddable":true,"href":"https:\/\/baldumarket.lt\/lt\/wp-json\/wp\/v2\/comments?post=257671"}],"wp:featuredmedia":[{"embeddable":true,"href":"https:\/\/baldumarket.lt\/lt\/wp-json\/wp\/v2\/media\/255267"}],"wp:attachment":[{"href":"https:\/\/baldumarket.lt\/lt\/wp-json\/wp\/v2\/media?parent=257671"}],"wp:term":[{"taxonomy":"product_brand","embeddable":true,"href":"https:\/\/baldumarket.lt\/lt\/wp-json\/wp\/v2\/product_brand?post=257671"},{"taxonomy":"product_cat","embeddable":true,"href":"https:\/\/baldumarket.lt\/lt\/wp-json\/wp\/v2\/product_cat?post=257671"},{"taxonomy":"product_tag","embeddable":true,"href":"https:\/\/baldumarket.lt\/lt\/wp-json\/wp\/v2\/product_tag?post=257671"}],"curies":[{"name":"wp","href":"https:\/\/api.w.org\/{rel}","templated":true}]}}