{"id":257669,"date":"2026-01-10T22:59:30","date_gmt":"2026-01-10T19:59:30","guid":{"rendered":"https:\/\/baldumarket.lt\/product\/wewnetrzne-oswietlenie-4-punktowe-zestaw-led-4-pkt-biale-zimne-inox\/"},"modified":"2026-02-11T18:30:17","modified_gmt":"2026-02-11T15:30:17","slug":"wewnetrzne-oswietlenie-4-punktowe-zestaw-led-4-pkt-biale-zimne-inox","status":"publish","type":"product","link":"https:\/\/baldumarket.lt\/lt\/product\/wewnetrzne-oswietlenie-4-punktowe-zestaw-led-4-pkt-biale-zimne-inox\/","title":{"rendered":"4 TA\u0160K\u0172 VIDAUS AP\u0160VIETIMO KOMPLEKTAS, 4 TA\u0160K\u0172 LED \u0160ALTAI BALTA INOX"},"content":{"rendered":"<p>Pavadinimas b2b sistemoje LED RINKINYS 4 \u0160VIESOS \u0160ALTAI BALTA INOX Montavimas Savaranki\u0161kam surinkimui \u0160viesos spalva \u0160altai balta Energijos klas\u0117 A++ Gaminio \u012franga 12 W maitinimo \u0161altinis \/ laidai \/ jungiklis \/ 4 LED \u0161viesos ta\u0161kai<\/p>","protected":false},"excerpt":{"rendered":"<p>Pavadinimas b2b sistemoje LED RINKINYS 4 \u0160VIESOS \u0160ALTAI BALTA INOX Montavimas Savaranki\u0161kam surinkimui \u0160viesos spalva \u0160altai balta Energijos klas\u0117 A++ Gaminio \u012franga 12 W maitinimo \u0161altinis \/ laidai \/ jungiklis \/ 4 LED \u0161viesos ta\u0161kai<\/p>","protected":false},"featured_media":254199,"comment_status":"open","ping_status":"open","template":"","meta":[],"product_brand":[],"product_cat":[1043,2457],"product_tag":[],"class_list":{"0":"post-257669","1":"product","2":"type-product","3":"status-publish","4":"has-post-thumbnail","6":"product_cat-extras","7":"product_cat-liveo","9":"first","10":"instock","11":"purchasable","12":"product-type-simple"},"_links":{"self":[{"href":"https:\/\/baldumarket.lt\/lt\/wp-json\/wp\/v2\/product\/257669","targetHints":{"allow":["GET"]}}],"collection":[{"href":"https:\/\/baldumarket.lt\/lt\/wp-json\/wp\/v2\/product"}],"about":[{"href":"https:\/\/baldumarket.lt\/lt\/wp-json\/wp\/v2\/types\/product"}],"replies":[{"embeddable":true,"href":"https:\/\/baldumarket.lt\/lt\/wp-json\/wp\/v2\/comments?post=257669"}],"wp:featuredmedia":[{"embeddable":true,"href":"https:\/\/baldumarket.lt\/lt\/wp-json\/wp\/v2\/media\/254199"}],"wp:attachment":[{"href":"https:\/\/baldumarket.lt\/lt\/wp-json\/wp\/v2\/media?parent=257669"}],"wp:term":[{"taxonomy":"product_brand","embeddable":true,"href":"https:\/\/baldumarket.lt\/lt\/wp-json\/wp\/v2\/product_brand?post=257669"},{"taxonomy":"product_cat","embeddable":true,"href":"https:\/\/baldumarket.lt\/lt\/wp-json\/wp\/v2\/product_cat?post=257669"},{"taxonomy":"product_tag","embeddable":true,"href":"https:\/\/baldumarket.lt\/lt\/wp-json\/wp\/v2\/product_tag?post=257669"}],"curies":[{"name":"wp","href":"https:\/\/api.w.org\/{rel}","templated":true}]}}