{"id":257657,"date":"2026-01-10T22:59:11","date_gmt":"2026-01-10T19:59:11","guid":{"rendered":"https:\/\/baldumarket.lt\/product\/wewnetrzne-oswietlenie-1-punktowe-zestaw-led-1-pkt-1x16-chrom-polysk-niebieskie\/"},"modified":"2026-02-11T18:30:18","modified_gmt":"2026-02-11T15:30:18","slug":"wewnetrzne-oswietlenie-1-punktowe-zestaw-led-1-pkt-1x16-chrom-polysk-niebieskie","status":"publish","type":"product","link":"https:\/\/baldumarket.lt\/lt\/product\/wewnetrzne-oswietlenie-1-punktowe-zestaw-led-1-pkt-1x16-chrom-polysk-niebieskie\/","title":{"rendered":"VIDAUS AP\u0160VIETIMO 1 TA\u0160KO LED RINKINYS 1\u00d716 (BLIZGUS CHROME) M\u0116LYNAS"},"content":{"rendered":"<p>Pavadinimas b2b sistemoje LED RINKINYS 1\u00d716 (blizgus chromas) m\u0117lynas Montavimas Savaranki\u0161kam surinkimui \u0160viesos spalva M\u0117lyna Energijos klas\u0117 A++ Gaminio \u012franga Maitinimo \u0161altinis 12 W \/ laidai \/ jungiklis \/ 1 \u0161viesos ta\u0161kas 1 x 16 LED<\/p>","protected":false},"excerpt":{"rendered":"<p>Pavadinimas b2b sistemoje LED RINKINYS 1\u00d716 (blizgus chromas) m\u0117lynas Montavimas Savaranki\u0161kam surinkimui \u0160viesos spalva M\u0117lyna Energijos klas\u0117 A++ Gaminio \u012franga Maitinimo \u0161altinis 12 W \/ laidai \/ jungiklis \/ 1 \u0161viesos ta\u0161kas 1 x 16 LED<\/p>","protected":false},"featured_media":254297,"comment_status":"open","ping_status":"open","template":"","meta":[],"product_brand":[],"product_cat":[1043,2457],"product_tag":[],"class_list":{"0":"post-257657","1":"product","2":"type-product","3":"status-publish","4":"has-post-thumbnail","6":"product_cat-extras","7":"product_cat-liveo","9":"first","10":"instock","11":"purchasable","12":"product-type-simple"},"_links":{"self":[{"href":"https:\/\/baldumarket.lt\/lt\/wp-json\/wp\/v2\/product\/257657","targetHints":{"allow":["GET"]}}],"collection":[{"href":"https:\/\/baldumarket.lt\/lt\/wp-json\/wp\/v2\/product"}],"about":[{"href":"https:\/\/baldumarket.lt\/lt\/wp-json\/wp\/v2\/types\/product"}],"replies":[{"embeddable":true,"href":"https:\/\/baldumarket.lt\/lt\/wp-json\/wp\/v2\/comments?post=257657"}],"wp:featuredmedia":[{"embeddable":true,"href":"https:\/\/baldumarket.lt\/lt\/wp-json\/wp\/v2\/media\/254297"}],"wp:attachment":[{"href":"https:\/\/baldumarket.lt\/lt\/wp-json\/wp\/v2\/media?parent=257657"}],"wp:term":[{"taxonomy":"product_brand","embeddable":true,"href":"https:\/\/baldumarket.lt\/lt\/wp-json\/wp\/v2\/product_brand?post=257657"},{"taxonomy":"product_cat","embeddable":true,"href":"https:\/\/baldumarket.lt\/lt\/wp-json\/wp\/v2\/product_cat?post=257657"},{"taxonomy":"product_tag","embeddable":true,"href":"https:\/\/baldumarket.lt\/lt\/wp-json\/wp\/v2\/product_tag?post=257657"}],"curies":[{"name":"wp","href":"https:\/\/api.w.org\/{rel}","templated":true}]}}