{"id":257646,"date":"2026-01-10T22:58:59","date_gmt":"2026-01-10T19:58:59","guid":{"rendered":"https:\/\/baldumarket.lt\/product\/vigo-vg09-polka-wiszaca\/"},"modified":"2026-02-11T18:30:18","modified_gmt":"2026-02-11T15:30:18","slug":"vigo-vg09-polka-wiszaca","status":"publish","type":"product","link":"https:\/\/baldumarket.lt\/lt\/product\/vigo-vg09-polka-wiszaca\/","title":{"rendered":"VIGO VG09 PAKABINAME LENTYNA"},"content":{"rendered":"<p>Prakti\u0161ka lentyna VG09 puikiai papildys j\u016bs\u0173 kambario i\u0161vaizd\u0105, suteikdama papildomos vietos dekoracijoms ar suvenyrams. Lentyna puikiai dera su kitais VIGO serijos baldais arba kaip atskiras baldas jau sutvarkytame kambaryje.<\/p>\n<p>Plotis 138 cm Gylis 26,5 cm Auk\u0161tis 22 cm Produkto svoris su pakuote 8,45 kg Gamintojo kodas \/ simbolis VG09 Kolekcijos pavadinimas VIGO Pavadinimas b2b sistemoje VIGO VG09 KA\u0160MYRO PAKABINAM\u0172 LENTYN\u0172 RINKINYS Produkto pakuo\u010di\u0173 skai\u010dius 1 Stilius Modernus \u012eranga Surinkimo instrukcijos \/ surinkimo priedai Surinkimas Savaranki\u0161kam surinkimui Spalvos Ka\u0161myras Korpuso med\u017eiaga \/ tipas \/ storis 16 mm bald\u0173 plok\u0161t\u0117 Korpuso vir\u0161utin\u0117s dalies med\u017eiaga \/ tipas \/ storis 16 mm bald\u0173 plok\u0161t\u0117 Korpuso \u012franga Reguliuojami bald\u0173 pakabos<\/p>","protected":false},"excerpt":{"rendered":"<p>Prakti\u0161ka lentyna VG09 puikiai papildys j\u016bs\u0173 kambario i\u0161vaizd\u0105, suteikdama papildomos vietos dekoracijoms ar suvenyrams. Lentyna puikiai dera su kitais VIGO serijos baldais arba kaip atskiras baldas jau sutvarkytame kambaryje. Plotis 138 cm Gylis 26,5 cm Auk\u0161tis 22 cm Gaminio svoris su pakuote [\u2026]<\/p>","protected":false},"featured_media":257602,"comment_status":"open","ping_status":"open","template":"","meta":[],"product_brand":[],"product_cat":[1174,2457],"product_tag":[],"class_list":{"0":"post-257646","1":"product","2":"type-product","3":"status-publish","4":"has-post-thumbnail","6":"product_cat-hanging-shelves","7":"product_cat-liveo","9":"first","10":"instock","11":"product-type-simple"},"_links":{"self":[{"href":"https:\/\/baldumarket.lt\/lt\/wp-json\/wp\/v2\/product\/257646","targetHints":{"allow":["GET"]}}],"collection":[{"href":"https:\/\/baldumarket.lt\/lt\/wp-json\/wp\/v2\/product"}],"about":[{"href":"https:\/\/baldumarket.lt\/lt\/wp-json\/wp\/v2\/types\/product"}],"replies":[{"embeddable":true,"href":"https:\/\/baldumarket.lt\/lt\/wp-json\/wp\/v2\/comments?post=257646"}],"wp:featuredmedia":[{"embeddable":true,"href":"https:\/\/baldumarket.lt\/lt\/wp-json\/wp\/v2\/media\/257602"}],"wp:attachment":[{"href":"https:\/\/baldumarket.lt\/lt\/wp-json\/wp\/v2\/media?parent=257646"}],"wp:term":[{"taxonomy":"product_brand","embeddable":true,"href":"https:\/\/baldumarket.lt\/lt\/wp-json\/wp\/v2\/product_brand?post=257646"},{"taxonomy":"product_cat","embeddable":true,"href":"https:\/\/baldumarket.lt\/lt\/wp-json\/wp\/v2\/product_cat?post=257646"},{"taxonomy":"product_tag","embeddable":true,"href":"https:\/\/baldumarket.lt\/lt\/wp-json\/wp\/v2\/product_tag?post=257646"}],"curies":[{"name":"wp","href":"https:\/\/api.w.org\/{rel}","templated":true}]}}