{"id":257632,"date":"2026-01-10T22:58:53","date_gmt":"2026-01-10T19:58:53","guid":{"rendered":"https:\/\/baldumarket.lt\/product\/vigo-vg07-witryna-niska\/"},"modified":"2026-02-11T18:30:19","modified_gmt":"2026-02-11T15:30:19","slug":"vigo-vg07-witryna-niska","status":"publish","type":"product","link":"https:\/\/baldumarket.lt\/lt\/product\/vigo-vg07-witryna-niska\/","title":{"rendered":"VIGO VG07 \u017eema vitrina"},"content":{"rendered":"<p>Gra\u017ei vitrina \u2013 tai unikali vitrina svarbioms patalpoms, tokioms kaip svetain\u0117, darbo kambarys ar valgomasis. Porceliano ar kiti unikal\u016bs ornamentai stulbinamai atrodys ant ap\u0161viestos stiklin\u0117s lentynos, pritraukdami sve\u010di\u0173 d\u0117mes\u012f. VG07 vitrina \u2013 tai unikalus modernaus dizaino ir prakti\u0161k\u0173 sprendim\u0173 derinys, patenkinantis net ir reikliausi\u0173 klient\u0173 l\u016bkes\u010dius. Moderni ka\u0161myro spalv\u0173 i\u0161vaizda ir stilinga ap\u0161viesta lentyna suteikia \u0161iam baldui unikali\u0105 ir fenomenali\u0105 i\u0161vaizd\u0105.<\/p>\n<p>Plotis 90 cm Gylis 40 cm Auk\u0161tis 160,5 cm Produkto svoris su pakuote 56,35 kg Gamintojo kodas \/ simbolis VG07 Kolekcijos pavadinimas VIGO Pavadinimas b2b sistemoje VIGO VG07 1 TIPO KA\u0160MYRO\/\u010cIOS SPALVOS \u017dEMA VITRIN\u0116 SPINTEL\u0116 KPL. Produkt\u0173 pakuo\u010di\u0173 skai\u010dius: 4 Stilius: Modernus \u012eranga: Surinkimo instrukcijos \/ surinkimo priedai Surinkimas: Savaranki\u0161kas surinkimas Korpuso spalva: Ka\u0161myras Korpuso med\u017eiaga \/ tipas \/ storis: 16 mm bald\u0173 plok\u0161t\u0117 \/ Juosta: 32 mm MDF bald\u0173 plok\u0161t\u0117 Korpuso vir\u0161utin\u0117s dalies \/ tipo \/ storio: 16 mm bald\u0173 plok\u0161t\u0117 Korpuso apatin\u0117s dalies \/ tipo \/ storio: 16 mm bald\u0173 plok\u0161t\u0117 Galin\u0117s sienel\u0117s med\u017eiaga \/ tipas \/ storis: 2,5 mm HDF bald\u0173 plok\u0161t\u0117 Matomos galin\u0117s sienel\u0117s dalies spalva: Ka\u0161myras Priekin\u0117s dalies spalva: Matinis ka\u0161myras Priekin\u0117s med\u017eiagos \/ tipas \/ storis: 18 mm MDF bald\u0173 plok\u0161t\u0117 Priekinis vyris \u2300 35 mm, reguliuojamas trijose plok\u0161tumose Priekin\u0117 rankena \/ med\u017eiaga \/ spalva: Metalas \/ Juoda Glaz\u016bruotos priekin\u0117s dalies med\u017eiaga \/ stiklo spalva: Gr\u016bdintas \/ Antisol grafitas Glaz\u016bruoto priekinio stiklo storis: 4 mm Stiklin\u0117s lentynos stiklo spalva: Bespalv\u0117 Stiklin\u0117s lentynos stiklo storis: 6 mm Stiklini\u0173 lentyn\u0173 kiekis: 1 \u0160velnaus u\u017edarymo dur\u0173 sistema Standartin\u0117 Pilno i\u0161traukimo stal\u010di\u0173 b\u0117geliai Kojel\u0117 \/ apdaila \/ spalva Nereguliuojama \/ metalin\u0117 \/ juoda Kojel\u0117s auk\u0161tis 118 mm Dureli\u0173 skai\u010dius 4 Stal\u010di\u0173 skai\u010dius 1 U\u017e priekinio stiklo u\u017edarom\u0173 ni\u0161\u0173 skai\u010dius 2 U\u017edar\u0173 \u012fdub\u0173 skai\u010dius 1<\/p>","protected":false},"excerpt":{"rendered":"<p>Gra\u017ei vitrina \u2013 tai unikali vitrina svarbioms patalpoms, tokioms kaip svetain\u0117, darbo kambarys ar valgomasis. Porceliano ar kiti unikal\u016bs papuo\u0161alai stulbinamai atrodys ant ap\u0161viestos stiklin\u0117s lentynos, pritraukdami sve\u010di\u0173 d\u0117mes\u012f. VG07 vitrina \u2013 tai unikalus modernaus dizaino ir prakti\u0161k\u0173 sprendim\u0173 derinys, atitinkantis [\u2026]<\/p>","protected":false},"featured_media":257633,"comment_status":"open","ping_status":"open","template":"","meta":[],"product_brand":[],"product_cat":[2457,2006],"product_tag":[],"class_list":{"0":"post-257632","1":"product","2":"type-product","3":"status-publish","4":"has-post-thumbnail","6":"product_cat-liveo","7":"product_cat-vitrines","9":"first","10":"instock","11":"product-type-simple"},"_links":{"self":[{"href":"https:\/\/baldumarket.lt\/lt\/wp-json\/wp\/v2\/product\/257632","targetHints":{"allow":["GET"]}}],"collection":[{"href":"https:\/\/baldumarket.lt\/lt\/wp-json\/wp\/v2\/product"}],"about":[{"href":"https:\/\/baldumarket.lt\/lt\/wp-json\/wp\/v2\/types\/product"}],"replies":[{"embeddable":true,"href":"https:\/\/baldumarket.lt\/lt\/wp-json\/wp\/v2\/comments?post=257632"}],"wp:featuredmedia":[{"embeddable":true,"href":"https:\/\/baldumarket.lt\/lt\/wp-json\/wp\/v2\/media\/257633"}],"wp:attachment":[{"href":"https:\/\/baldumarket.lt\/lt\/wp-json\/wp\/v2\/media?parent=257632"}],"wp:term":[{"taxonomy":"product_brand","embeddable":true,"href":"https:\/\/baldumarket.lt\/lt\/wp-json\/wp\/v2\/product_brand?post=257632"},{"taxonomy":"product_cat","embeddable":true,"href":"https:\/\/baldumarket.lt\/lt\/wp-json\/wp\/v2\/product_cat?post=257632"},{"taxonomy":"product_tag","embeddable":true,"href":"https:\/\/baldumarket.lt\/lt\/wp-json\/wp\/v2\/product_tag?post=257632"}],"curies":[{"name":"wp","href":"https:\/\/api.w.org\/{rel}","templated":true}]}}