{"id":257617,"date":"2026-01-10T22:58:47","date_gmt":"2026-01-10T19:58:47","guid":{"rendered":"https:\/\/baldumarket.lt\/product\/vigo-vg05-komoda\/"},"modified":"2026-02-11T18:30:19","modified_gmt":"2026-02-11T15:30:19","slug":"vigo-vg05-komoda","status":"publish","type":"product","link":"https:\/\/baldumarket.lt\/lt\/product\/vigo-vg05-komoda\/","title":{"rendered":"VIGO VG05 SKRYN\u0172 KOMODOS"},"content":{"rendered":"<p>VIGO kolekcijos VG05 \u2013 tai gra\u017ei ir unikali komoda, kuri puikiai tiks bet kuriame kambaryje. VG05 komoda \u2013 tai unikalus modernaus dizaino ir prakti\u0161k\u0173 sprendim\u0173 derinys, patenkinantis net ir reikliausi\u0173 klient\u0173 l\u016bkes\u010dius. Komodos pavir\u0161ius lengvai valomas ir atsparus \u012fbr\u0117\u017eimams, u\u017etikrinantis ilgalaik\u012f naudojim\u0105. Modernus ka\u0161myro spalvos dizainas suteikia baldui unikali\u0105 ir fenomenali\u0105 i\u0161vaizd\u0105.<\/p>\n<p>Plotis 162 cm Gylis 40 cm Auk\u0161tis 88 cm Prek\u0117s svoris su pakuote 58,75 kg Gamintojo kodas \/ simbolis VG05 Kolekcijos pavadinimas VIGO Pavadinimas b2b sistemoje VIGO VG05 TYPE1 KA\u0160MYRO\/\u010cOKOS SPALVOS KOMODA KPL. Produkt\u0173 pakuo\u010di\u0173 skai\u010dius 4 Stilius Moderni \u012franga Surinkimo instrukcijos \/ surinkimo priedai Surinkimas Savaranki\u0161kam surinkimui Korpuso spalva Ka\u0161myras Korpuso med\u017eiaga \/ tipas \/ storis 16 mm bald\u0173 plok\u0161t\u0117 \/ Juosta 32 mm MDF bald\u0173 plok\u0161t\u0117 Vir\u0161utin\u0117 korpuso apdaila \/ med\u017eiaga \/ tipas \/ storis 16 mm bald\u0173 plok\u0161t\u0117 Apatin\u0117 korpuso apdaila \/ med\u017eiaga \/ tipas \/ storis 16 mm bald\u0173 plok\u0161t\u0117 Lentynos spalva Ka\u0161myras Lentynos med\u017eiaga \/ tipas \/ storis 16 mm bald\u0173 plok\u0161t\u0117 Lentyn\u0173 kiekis 2 Galin\u0117s sienel\u0117s med\u017eiaga \/ tipas \/ storis 2,5 mm HDF bald\u0173 plok\u0161t\u0117 Galin\u0117s sienel\u0117s matomos dalies spalva Ka\u0161myras Priekin\u0117s spalvos Matinis ka\u0161myras Priekin\u0117s med\u017eiagos \/ tipas \/ storis 18 mm MDF bald\u0173 plok\u0161t\u0117 Priekinis vyris \u2300 35 mm, reguliuojamas trijose plok\u0161tumose Priekin\u0117 rankena \/ apdaila \/ spalva Metalin\u0117 \/ Juoda \u0160velnaus u\u017edarymo dur\u0173 sistema Standartin\u0117 Pilno i\u0161traukimo stal\u010di\u0173 b\u0117geliai Kojel\u0117 \/ apdaila \/ Spalvos: Nereguliuojamas \/ metalin\u0117 \/ juoda Kojel\u0117s auk\u0161tis: 118 mm Papildoma koja \/ apdaila \/ spalva: Reguliuojamas vidurinis \/ metalin\u0117 \/ juoda Dureli\u0173 skai\u010dius: 2 Stal\u010di\u0173 skai\u010dius: 3 U\u017edar\u0173 ni\u0161\u0173 skai\u010dius: 4<\/p>","protected":false},"excerpt":{"rendered":"<p>VIGO kolekcijos komoda VG05 \u2013 tai gra\u017ei ir unikali komoda, kuri puikiai tiks bet kuriame kambaryje. VG05 komoda \u2013 tai unikalus modernaus dizaino ir prakti\u0161k\u0173 sprendim\u0173 derinys, pateisinantis net ir reikliausi\u0173 klient\u0173 l\u016bkes\u010dius. Komodos pavir\u0161ius lengvai valomas ir [\u2026]<\/p>","protected":false},"featured_media":257618,"comment_status":"open","ping_status":"open","template":"","meta":[],"product_brand":[],"product_cat":[1173,2457],"product_tag":[],"class_list":{"0":"post-257617","1":"product","2":"type-product","3":"status-publish","4":"has-post-thumbnail","6":"product_cat-chests-of-drawers","7":"product_cat-liveo","9":"first","10":"instock","11":"product-type-simple"},"_links":{"self":[{"href":"https:\/\/baldumarket.lt\/lt\/wp-json\/wp\/v2\/product\/257617","targetHints":{"allow":["GET"]}}],"collection":[{"href":"https:\/\/baldumarket.lt\/lt\/wp-json\/wp\/v2\/product"}],"about":[{"href":"https:\/\/baldumarket.lt\/lt\/wp-json\/wp\/v2\/types\/product"}],"replies":[{"embeddable":true,"href":"https:\/\/baldumarket.lt\/lt\/wp-json\/wp\/v2\/comments?post=257617"}],"wp:featuredmedia":[{"embeddable":true,"href":"https:\/\/baldumarket.lt\/lt\/wp-json\/wp\/v2\/media\/257618"}],"wp:attachment":[{"href":"https:\/\/baldumarket.lt\/lt\/wp-json\/wp\/v2\/media?parent=257617"}],"wp:term":[{"taxonomy":"product_brand","embeddable":true,"href":"https:\/\/baldumarket.lt\/lt\/wp-json\/wp\/v2\/product_brand?post=257617"},{"taxonomy":"product_cat","embeddable":true,"href":"https:\/\/baldumarket.lt\/lt\/wp-json\/wp\/v2\/product_cat?post=257617"},{"taxonomy":"product_tag","embeddable":true,"href":"https:\/\/baldumarket.lt\/lt\/wp-json\/wp\/v2\/product_tag?post=257617"}],"curies":[{"name":"wp","href":"https:\/\/api.w.org\/{rel}","templated":true}]}}