{"id":257610,"date":"2026-01-10T22:58:44","date_gmt":"2026-01-10T19:58:44","guid":{"rendered":"https:\/\/baldumarket.lt\/product\/vigo-vg04-komoda\/"},"modified":"2026-02-11T18:30:19","modified_gmt":"2026-02-11T15:30:19","slug":"vigo-vg04-komoda","status":"publish","type":"product","link":"https:\/\/baldumarket.lt\/lt\/product\/vigo-vg04-komoda\/","title":{"rendered":"VIGO VG04 komoda su stal\u010diais"},"content":{"rendered":"<p>VIGO kolekcijos VG04 \u2013 tai gra\u017ei ir unikali komoda, kuri puikiai tiks bet kuriame kambaryje. VG04 komoda \u2013 tai unikalus modernaus dizaino ir prakti\u0161k\u0173 sprendim\u0173 derinys, pateisinantis net ir reikliausi\u0173 klient\u0173 l\u016bkes\u010dius. Komodos pavir\u0161ius lengvai valomas ir atsparus \u012fbr\u0117\u017eimams, u\u017etikrinantis ilgalaik\u012f naudojim\u0105. Modernus ka\u0161myro spalvos dizainas suteikia baldui unikali\u0105 ir fenomenali\u0105 i\u0161vaizd\u0105.<\/p>\n<p>Plotis 138 cm Gylis 40 cm Auk\u0161tis 88 cm Produkto svoris su pakuote 58,10 kg Gamintojo kodas \/ simbolis VG04 Kolekcijos pavadinimas VIGO Pavadinimas b2b sistemoje VIGO VG04 TYPE1 KA\u0160MYRO\/\u010cOKIN\u0116S SPALVOS KOMODA KPL. Produkto pakuo\u010di\u0173 skai\u010dius: 4 Stilius: Modernus \u012eranga: Surinkimo instrukcijos \/ surinkimo priedai Surinkimas: Savaranki\u0161kas surinkimas Korpuso spalva: Ka\u0161myras Korpuso med\u017eiaga \/ tipas \/ storis: 16 mm baldin\u0117 plok\u0161t\u0117 \/ Juosta: 32 mm MDF baldin\u0117 plok\u0161t\u0117 Korpuso vir\u0161utin\u0117s dalies \/ tipas \/ storis: 16 mm baldin\u0117 plok\u0161t\u0117 Korpuso apatin\u0117s dalies \/ tipas \/ storis: 16 mm baldin\u0117 plok\u0161t\u0117 Galin\u0117s sienel\u0117s med\u017eiaga \/ tipas \/ storis: 2,5 mm HDF baldin\u0117 plok\u0161t\u0117 Priekin\u0117s dalies spalva: Matinis ka\u0161myras Priekin\u0117s dalies med\u017eiaga \/ tipas \/ storis: 18 mm MDF baldin\u0117 plok\u0161t\u0117 Priekin\u0117 rankena \/ tipas \/ spalva: Metalin\u0117 \/ Juoda Pilno i\u0161traukimo stal\u010di\u0173 b\u0117geliai Kojel\u0117 \/ tipas \/ spalva: Nereguliuojami \/ metalin\u0117 \/ juoda Kojel\u0117s auk\u0161tis: 118 mm Stal\u010di\u0173 skai\u010dius: 6<\/p>","protected":false},"excerpt":{"rendered":"<p>VIGO kolekcijos komoda VG04 \u2013 tai gra\u017ei ir unikali komoda, kuri puikiai tiks bet kuriame kambaryje. VG04 komoda \u2013 tai unikalus modernaus dizaino ir prakti\u0161k\u0173 sprendim\u0173 derinys, pateisinantis net ir reikliausi\u0173 klient\u0173 l\u016bkes\u010dius. Komodos pavir\u0161ius lengvai valomas ir [\u2026]<\/p>","protected":false},"featured_media":257611,"comment_status":"open","ping_status":"open","template":"","meta":[],"product_brand":[],"product_cat":[1173,2457],"product_tag":[],"class_list":{"0":"post-257610","1":"product","2":"type-product","3":"status-publish","4":"has-post-thumbnail","6":"product_cat-chests-of-drawers","7":"product_cat-liveo","9":"first","10":"instock","11":"product-type-simple"},"_links":{"self":[{"href":"https:\/\/baldumarket.lt\/lt\/wp-json\/wp\/v2\/product\/257610","targetHints":{"allow":["GET"]}}],"collection":[{"href":"https:\/\/baldumarket.lt\/lt\/wp-json\/wp\/v2\/product"}],"about":[{"href":"https:\/\/baldumarket.lt\/lt\/wp-json\/wp\/v2\/types\/product"}],"replies":[{"embeddable":true,"href":"https:\/\/baldumarket.lt\/lt\/wp-json\/wp\/v2\/comments?post=257610"}],"wp:featuredmedia":[{"embeddable":true,"href":"https:\/\/baldumarket.lt\/lt\/wp-json\/wp\/v2\/media\/257611"}],"wp:attachment":[{"href":"https:\/\/baldumarket.lt\/lt\/wp-json\/wp\/v2\/media?parent=257610"}],"wp:term":[{"taxonomy":"product_brand","embeddable":true,"href":"https:\/\/baldumarket.lt\/lt\/wp-json\/wp\/v2\/product_brand?post=257610"},{"taxonomy":"product_cat","embeddable":true,"href":"https:\/\/baldumarket.lt\/lt\/wp-json\/wp\/v2\/product_cat?post=257610"},{"taxonomy":"product_tag","embeddable":true,"href":"https:\/\/baldumarket.lt\/lt\/wp-json\/wp\/v2\/product_tag?post=257610"}],"curies":[{"name":"wp","href":"https:\/\/api.w.org\/{rel}","templated":true}]}}