{"id":257596,"date":"2026-01-10T22:58:38","date_gmt":"2026-01-10T19:58:38","guid":{"rendered":"https:\/\/baldumarket.lt\/product\/vigo-vg02-rtv\/"},"modified":"2026-02-11T18:30:19","modified_gmt":"2026-02-11T15:30:19","slug":"vigo-vg02-rtv","status":"publish","type":"product","link":"https:\/\/baldumarket.lt\/lt\/product\/vigo-vg02-rtv\/","title":{"rendered":"VIGO VG02 RTV"},"content":{"rendered":"<p>VIGO kolekcijos VG02 \u2013 tai gra\u017ei ir unikali komoda, kuri puikiai tiks bet kuriame kambaryje. VG02 komoda \u2013 tai unikalus modernaus dizaino ir prakti\u0161k\u0173 sprendim\u0173 derinys, patenkinantis net ir reikliausi\u0173 klient\u0173 l\u016bkes\u010dius. Komodos pavir\u0161ius lengvai valomas ir atsparus \u012fbr\u0117\u017eimams, u\u017etikrinantis ilgalaik\u012f naudojim\u0105. Modernus ka\u0161myro spalvos dizainas suteikia baldui unikali\u0105 ir fenomenali\u0105 i\u0161vaizd\u0105.<\/p>\n<p>Plotis 183 cm Gylis 40 cm Auk\u0161tis 61 cm Produkto svoris su pakuote 44,40 kg Gamintojo kodas \/ simbolis VG02 Kolekcijos pavadinimas VIGO Pavadinimas b2b sistemoje VIGO VG02 TYPE1 CASHMERE\/CZ RTV KPL. Produkt\u0173 pakuo\u010di\u0173 skai\u010dius 4 Stilius Moderni \u012franga Surinkimo instrukcijos \/ surinkimo priedai Surinkimas Savaranki\u0161kam surinkimui Korpuso spalva Ka\u0161myras Korpuso med\u017eiaga \/ tipas \/ storis 16 mm bald\u0173 plok\u0161t\u0117 \/ Juosta 32 mm MDF bald\u0173 plok\u0161t\u0117 Vir\u0161utin\u0117 korpuso apdaila \/ med\u017eiaga \/ tipas \/ storis 16 mm bald\u0173 plok\u0161t\u0117 Apatin\u0117 korpuso apdaila \/ med\u017eiaga \/ tipas \/ storis 16 mm bald\u0173 plok\u0161t\u0117 Galin\u0117s sienel\u0117s med\u017eiaga \/ tipas \/ storis 2,5 mm HDF bald\u0173 plok\u0161t\u0117 Matomos galin\u0117s sienel\u0117s dalies spalva Ka\u0161myras Priekin\u0117 spalva Matinis ka\u0161myras Priekin\u0117 med\u017eiaga \/ tipas \/ storis 18 mm MDF bald\u0173 plok\u0161t\u0117 Priekinis vyris \u2300 35 mm, reguliuojamas trijose plok\u0161tumose Priekin\u0117 rankena \/ apdaila \/ spalva Metalin\u0117 \/ juoda \u0160velnaus u\u017edarymo dur\u0173 sistema Standarti\u0161kai Pilno i\u0161traukimo stal\u010di\u0173 b\u0117geliai Kojel\u0117 \/ apdaila \/ spalva Nereguliuojama \/ metalin\u0117 \/ juoda Kojel\u0117s auk\u0161tis 118 mm Papildoma koja \/ apdaila \/ spalva Reguliuojama vidurin\u0117 \/ metalin\u0117 \/ juoda Dureli\u0173 skai\u010dius 3 Stal\u010di\u0173 skai\u010dius 2 U\u017edar\u0173 ni\u0161\u0173 skai\u010dius 2<\/p>","protected":false},"excerpt":{"rendered":"<p>VIGO kolekcijos komoda VG02 \u2013 tai gra\u017ei ir unikali komoda, kuri puikiai tiks bet kuriame kambaryje. VG02 komoda \u2013 tai unikalus modernaus dizaino ir prakti\u0161k\u0173 sprendim\u0173 derinys, patenkinantis net ir reikliausi\u0173 klient\u0173 l\u016bkes\u010dius. Komodos pavir\u0161ius lengvai valomas ir [\u2026]<\/p>","protected":false},"featured_media":253012,"comment_status":"open","ping_status":"open","template":"","meta":[],"product_brand":[],"product_cat":[2457,1175],"product_tag":[],"class_list":{"0":"post-257596","1":"product","2":"type-product","3":"status-publish","4":"has-post-thumbnail","6":"product_cat-liveo","7":"product_cat-tv-stands","9":"first","10":"instock","11":"product-type-simple"},"_links":{"self":[{"href":"https:\/\/baldumarket.lt\/lt\/wp-json\/wp\/v2\/product\/257596","targetHints":{"allow":["GET"]}}],"collection":[{"href":"https:\/\/baldumarket.lt\/lt\/wp-json\/wp\/v2\/product"}],"about":[{"href":"https:\/\/baldumarket.lt\/lt\/wp-json\/wp\/v2\/types\/product"}],"replies":[{"embeddable":true,"href":"https:\/\/baldumarket.lt\/lt\/wp-json\/wp\/v2\/comments?post=257596"}],"wp:featuredmedia":[{"embeddable":true,"href":"https:\/\/baldumarket.lt\/lt\/wp-json\/wp\/v2\/media\/253012"}],"wp:attachment":[{"href":"https:\/\/baldumarket.lt\/lt\/wp-json\/wp\/v2\/media?parent=257596"}],"wp:term":[{"taxonomy":"product_brand","embeddable":true,"href":"https:\/\/baldumarket.lt\/lt\/wp-json\/wp\/v2\/product_brand?post=257596"},{"taxonomy":"product_cat","embeddable":true,"href":"https:\/\/baldumarket.lt\/lt\/wp-json\/wp\/v2\/product_cat?post=257596"},{"taxonomy":"product_tag","embeddable":true,"href":"https:\/\/baldumarket.lt\/lt\/wp-json\/wp\/v2\/product_tag?post=257596"}],"curies":[{"name":"wp","href":"https:\/\/api.w.org\/{rel}","templated":true}]}}