{"id":257584,"date":"2026-01-10T22:58:31","date_gmt":"2026-01-10T19:58:31","guid":{"rendered":"https:\/\/baldumarket.lt\/product\/vero-vr10-polka-wiszaca\/"},"modified":"2026-02-11T18:30:19","modified_gmt":"2026-02-11T15:30:19","slug":"vero-vr10-polka-wiszaca","status":"publish","type":"product","link":"https:\/\/baldumarket.lt\/lt\/product\/vero-vr10-polka-wiszaca\/","title":{"rendered":"VERO VR10 PAKABINAME LENTYNA"},"content":{"rendered":"<p>Pakabinama lentyna \u201eVero VR10\u201c sujungia paprastum\u0105 ir funkcionalum\u0105. Tai puikus sprendimas \u012fvairiems daiktams laikyti ir eksponuoti namuose. Minimalistinio dizaino lentyna puikiai dera prie \u012fvairi\u0173 interjero stili\u0173. Ji puikiai tinka knygoms, dekoracijoms ar nuotrauk\u0173 r\u0117meliams laikyti, puikiai tinka svetain\u0117ms, miegamiesiems ir koridoriams. D\u0117l savo matmen\u0173 ji idealiai tinka naudoti \u012fvairiuose kambariuose, \u012fskaitant ir tuos, kuriuose yra ribota erdv\u0117.<\/p>\n<p>Plotis 163,5 cm Gylis 23,5 cm Auk\u0161tis 22 cm Produkto svoris su pakuote 9,10 kg Gamintojo kodas \/ simbolis VR10 Kolekcijos pavadinimas VERO Pavadinimas b2b sistemoje VERO VR10 OPERA RIE\u0160UTMED\u017dIO LENTYN\u0172 KOMPLEKTAS Produkto pakuo\u010di\u0173 skai\u010dius 1 Stilius Modernus \u012eranga Surinkimo instrukcijos \/ surinkimo priedai Surinkimas Savaranki\u0161kam surinkimui Spalvos Opera Rie\u0161utmedis Korpuso med\u017eiaga \/ tipas \/ storis 16 mm bald\u0173 plok\u0161t\u0117 Korpuso vir\u0161utin\u0117s dalies med\u017eiaga \/ tipas \/ storis 16 mm bald\u0173 plok\u0161t\u0117 Korpuso \u012franga Reguliuojami bald\u0173 pakabos<\/p>","protected":false},"excerpt":{"rendered":"<p>Pakabinama lentyna \u201eVero VR10\u201c sujungia paprastum\u0105 ir funkcionalum\u0105. Tai puikus sprendimas \u012fvairiems daiktams laikyti ir eksponuoti namuose. Minimalistinis dizainas puikiai dera prie \u012fvairi\u0173 interjero stili\u0173. Puikiai tinka knygoms, dekoracijoms ar nuotrauk\u0173 r\u0117meliams laikyti, ji puikiai tinka svetain\u0117ms, miegamiesiems ir koridoriams. Jos matmenys [\u2026]<\/p>","protected":false},"featured_media":257549,"comment_status":"open","ping_status":"open","template":"","meta":[],"product_brand":[],"product_cat":[1174,2457],"product_tag":[],"class_list":{"0":"post-257584","1":"product","2":"type-product","3":"status-publish","4":"has-post-thumbnail","6":"product_cat-hanging-shelves","7":"product_cat-liveo","9":"first","10":"instock","11":"product-type-simple"},"_links":{"self":[{"href":"https:\/\/baldumarket.lt\/lt\/wp-json\/wp\/v2\/product\/257584","targetHints":{"allow":["GET"]}}],"collection":[{"href":"https:\/\/baldumarket.lt\/lt\/wp-json\/wp\/v2\/product"}],"about":[{"href":"https:\/\/baldumarket.lt\/lt\/wp-json\/wp\/v2\/types\/product"}],"replies":[{"embeddable":true,"href":"https:\/\/baldumarket.lt\/lt\/wp-json\/wp\/v2\/comments?post=257584"}],"wp:featuredmedia":[{"embeddable":true,"href":"https:\/\/baldumarket.lt\/lt\/wp-json\/wp\/v2\/media\/257549"}],"wp:attachment":[{"href":"https:\/\/baldumarket.lt\/lt\/wp-json\/wp\/v2\/media?parent=257584"}],"wp:term":[{"taxonomy":"product_brand","embeddable":true,"href":"https:\/\/baldumarket.lt\/lt\/wp-json\/wp\/v2\/product_brand?post=257584"},{"taxonomy":"product_cat","embeddable":true,"href":"https:\/\/baldumarket.lt\/lt\/wp-json\/wp\/v2\/product_cat?post=257584"},{"taxonomy":"product_tag","embeddable":true,"href":"https:\/\/baldumarket.lt\/lt\/wp-json\/wp\/v2\/product_tag?post=257584"}],"curies":[{"name":"wp","href":"https:\/\/api.w.org\/{rel}","templated":true}]}}