{"id":257572,"date":"2026-01-10T22:58:24","date_gmt":"2026-01-10T19:58:24","guid":{"rendered":"https:\/\/baldumarket.lt\/product\/vero-vr08-regal-prawostronny\/"},"modified":"2026-02-11T18:30:19","modified_gmt":"2026-02-11T15:30:19","slug":"vero-vr08-regal-prawostronny","status":"publish","type":"product","link":"https:\/\/baldumarket.lt\/lt\/product\/vero-vr08-regal-prawostronny\/","title":{"rendered":"VERO VR08 DE\u0160IN\u0116S PUS\u0116S LENTYNOS"},"content":{"rendered":"<p>Kvie\u010diame susipa\u017einti su \u201cVero\u201d serijos VR08 lentyn\u0173 sistema \u2013 tobulu funkcionalumo ir minimalistinio dizaino deriniu. \u0160i lentyn\u0173 sistema, padengta \u201eOpera Walnut\/Black\u201c spalva, suteiks j\u016bs\u0173 interjerui modernumo ir kartu pasi\u016blys prakti\u0161kus daikt\u0173 laikymo sprendimus. Pagaminta i\u0161 auk\u0161tos kokyb\u0117s med\u017eiag\u0173, lentyn\u0173 sistema yra patvari ir patikima. Stilingos rankenos suteikia elegancijos ir u\u017etikrina lengv\u0105 prieig\u0105 prie laikom\u0173 daikt\u0173. D\u0117l savo matmen\u0173 VR08 lentyn\u0173 sistema puikiai tiks tiek didesn\u0117se, tiek ma\u017eesn\u0117se erdv\u0117se, suteikdama jai funkcionalumo ir stiliaus.<\/p>\n<p>Plotis 54,5 cm Gylis 38,5 cm Auk\u0161tis 198 cm Produkto svoris su pakuote 43,75 kg Gamintojo kodas \/ simbolis VR08 Kolekcijos pavadinimas VERO Pavadinimas b2b sistemoje VERO VR08 OPERA RIE\u0160UTMEDIS\/JUODAS LENTYN\u0172 RINKINYS Produkto pakuo\u010di\u0173 skai\u010dius 3 Stilius Modernus \u012eranga Surinkimo instrukcijos \/ surinkimo priedai Surinkimas Savaranki\u0161kam surinkimui Korpuso spalva Opera Rie\u0161utmedis \/ Juoda Korpuso med\u017eiaga \/ tipas \/ storis 16 mm baldin\u0117 plok\u0161t\u0117 Korpuso vir\u0161utin\u0117s dalies med\u017eiaga \/ tipas \/ storis 16 mm baldin\u0117 plok\u0161t\u0117 Korpuso apa\u010dios med\u017eiaga \/ tipas \/ storis 16 mm baldin\u0117 plok\u0161t\u0117 Korpuso pagrindo med\u017eiaga \/ tipas \/ storis 16 mm baldin\u0117 plok\u0161t\u0117 Lentynos spalva Opera Rie\u0161utmedis Lentynos med\u017eiaga \/ tipas \/ storis 16 mm baldin\u0117 plok\u0161t\u0117 Lentyn\u0173 kiekis 3 Galin\u0117s sienel\u0117s med\u017eiaga \/ tipas \/ storis 2,5 mm HDF baldin\u0117 plok\u0161t\u0117 Matomos galin\u0117s sienel\u0117s dalies spalva Juoda Priekin\u0117s dalies spalva: Opera Rie\u0161utmedis \/ Juoda Priekin\u0117s med\u017eiagos \/ tipas \/ storis: 16 mm MDF baldin\u0117 plok\u0161t\u0117 \/ 5 mm HDF baldin\u0117 plok\u0161t\u0117 Priekinis vyris \u2300 35 mm, reguliuojamas trijose plok\u0161tumose Dur\u0173 atidarymo sistema: atidaroma stumiant 2 dur\u0173 priekin\u0117s dalys. Kojel\u0117 \/ med\u017eiaga \/ spalva: Nereguliuojama \/ plastikin\u0117 \/ juoda. Kojel\u0117s auk\u0161tis: 120 mm. Dureli\u0173 skai\u010dius: 2. Atvir\u0173 ni\u0161\u0173 skai\u010dius: 2. U\u017edar\u0173 ni\u0161\u0173 skai\u010dius: 4.<\/p>","protected":false},"excerpt":{"rendered":"<p>Kvie\u010diame susipa\u017einti su \u201cVero\u201d serijos VR08 lentyn\u0173 sistema \u2013 tobulu funkcionalumo ir minimalistinio dizaino deriniu. \u0160i lentyn\u0173 sistema, apdailinta \u201eOpera Walnut\/Black\u201c spalva, suteiks j\u016bs\u0173 interjerui modernumo ir kartu pasi\u016blys prakti\u0161kus daikt\u0173 laikymo sprendimus. Pagaminta i\u0161 auk\u0161tos kokyb\u0117s med\u017eiag\u0173, lentyn\u0173 sistema yra patvari ir patikima. Stilingos rankenos suteikia eleganti\u0161k\u0105 [\u2026]<\/p>","protected":false},"featured_media":257571,"comment_status":"open","ping_status":"open","template":"","meta":[],"product_brand":[],"product_cat":[2457,1177],"product_tag":[],"class_list":{"0":"post-257572","1":"product","2":"type-product","3":"status-publish","4":"has-post-thumbnail","6":"product_cat-liveo","7":"product_cat-wardrobes","9":"first","10":"instock","11":"product-type-simple"},"_links":{"self":[{"href":"https:\/\/baldumarket.lt\/lt\/wp-json\/wp\/v2\/product\/257572","targetHints":{"allow":["GET"]}}],"collection":[{"href":"https:\/\/baldumarket.lt\/lt\/wp-json\/wp\/v2\/product"}],"about":[{"href":"https:\/\/baldumarket.lt\/lt\/wp-json\/wp\/v2\/types\/product"}],"replies":[{"embeddable":true,"href":"https:\/\/baldumarket.lt\/lt\/wp-json\/wp\/v2\/comments?post=257572"}],"wp:featuredmedia":[{"embeddable":true,"href":"https:\/\/baldumarket.lt\/lt\/wp-json\/wp\/v2\/media\/257571"}],"wp:attachment":[{"href":"https:\/\/baldumarket.lt\/lt\/wp-json\/wp\/v2\/media?parent=257572"}],"wp:term":[{"taxonomy":"product_brand","embeddable":true,"href":"https:\/\/baldumarket.lt\/lt\/wp-json\/wp\/v2\/product_brand?post=257572"},{"taxonomy":"product_cat","embeddable":true,"href":"https:\/\/baldumarket.lt\/lt\/wp-json\/wp\/v2\/product_cat?post=257572"},{"taxonomy":"product_tag","embeddable":true,"href":"https:\/\/baldumarket.lt\/lt\/wp-json\/wp\/v2\/product_tag?post=257572"}],"curies":[{"name":"wp","href":"https:\/\/api.w.org\/{rel}","templated":true}]}}