{"id":257542,"date":"2026-01-10T22:58:09","date_gmt":"2026-01-10T19:58:09","guid":{"rendered":"https:\/\/baldumarket.lt\/product\/vero-vr04-witryna-niska\/"},"modified":"2026-02-11T18:30:20","modified_gmt":"2026-02-11T15:30:20","slug":"vero-vr04-witryna-niska","status":"publish","type":"product","link":"https:\/\/baldumarket.lt\/lt\/product\/vero-vr04-witryna-niska\/","title":{"rendered":"VERO VR04 \u017eema vitrina"},"content":{"rendered":"<p>Pristatome \u017eem\u0105 \u201eVero\u201c serijos vitrin\u0105, model\u012f VR04, kurioje dera elegancija ir prakti\u0161kumas. Tvirta konstrukcija, pagaminta i\u0161 auk\u0161tos kokyb\u0117s med\u017eiag\u0173, u\u017etikrina patvarum\u0105 ir stabilum\u0105. Sukurta atsi\u017evelgiant \u012f praktin\u012f naudojim\u0105, VR04 vitrina si\u016blo daugyb\u0119 erdv\u0117s organizavimo galimybi\u0173. Stiklin\u0117s durys puikiai tinka knyg\u0173 kolekcijoms, stiklo dirbiniams ar dekoratyviniams daiktams eksponuoti.<\/p>\n<p>Plotis 92 cm Gylis 38,5 cm Auk\u0161tis 147 cm Produkto svoris su pakuote 52,75 kg Gamintojo kodas \/ simbolis VR04 Kolekcijos pavadinimas VERO Pavadinimas b2b sistemoje VERO VR04 OPERA RIE\u0160UTMEDIS\/JUODA \u017dEMA VITRIN\u0116 SPINTEL\u0116 Produkto pakuo\u010di\u0173 skai\u010dius 3 Stilius Moderni \u012franga Surinkimo instrukcijos \/ surinkimo priedai Surinkimas Savaranki\u0161kam surinkimui Korpuso spalva Opera Rie\u0161utmedis \/ Juoda Korpuso med\u017eiaga \/ tipas \/ storis 16 mm baldin\u0117 plok\u0161t\u0117 Korpuso vir\u0161utin\u0117s dalies \/ tipas \/ storis 16 mm baldin\u0117 plok\u0161t\u0117 Korpuso apatin\u0117s dalies \/ tipas \/ storis 16 mm baldin\u0117 plok\u0161t\u0117 Korpuso pagrindo \/ tipo \/ storio 16 mm baldin\u0117 plok\u0161t\u0117 Lentynos spalva Opera Rie\u0161utmedis Lentynos med\u017eiaga \/ tipas \/ storis 16 mm baldin\u0117 plok\u0161t\u0117 Lentynos kar\u016bn\u0117l\u0117s kiekis 1 Galin\u0117s sienel\u0117s med\u017eiaga \/ tipas \/ storis 2,5 mm HDF baldin\u0117 plok\u0161t\u0117 Matoma galin\u0117s sienel\u0117s dalis Juoda Priekin\u0117 spalva Opera Rie\u0161utmedis \/ Juoda Priekin\u0117 med\u017eiaga \/ tipas \/ storis 16 mm MDF baldin\u0117 plok\u0161t\u0117 \/ 5 mm HDF baldin\u0117 plok\u0161t\u0117 Priekinis vyris \u2300 35 mm, reguliuojamas trijose plok\u0161tumose \u012estiklintos priekin\u0117s dalies med\u017eiaga \/ stiklo spalva Gr\u016bdintas \/ skaidrus \u012estiklinto priekinio stiklo storis 4 mm Stiklin\u0117s lentynos stiklo spalva Skaidri Stiklin\u0117s lentynos stiklo storis 5 mm Stiklini\u0173 lentyn\u0173 kiekis 2 Dur\u0173 atidarymo sistema atidaroma spaud\u017eiant 4 priekin\u0117s durys Kojel\u0117 \/ med\u017eiaga \/ spalva Nereguliuojama \/ plastikin\u0117 \/ juoda Kojel\u0117s auk\u0161tis 120 mm Dur\u0173 skai\u010dius 4 U\u017edar\u0173 ni\u0161\u0173 skai\u010dius u\u017e priekinio stiklo 4 U\u017edar\u0173 ni\u0161\u0173 skai\u010dius 2<\/p>","protected":false},"excerpt":{"rendered":"<p>Pristatome \u017eem\u0105 \u201eVero\u201c serijos vitrin\u0105, model\u012f VR04, kurioje dera elegancija ir prakti\u0161kumas. Tvirta konstrukcija, pagaminta i\u0161 auk\u0161tos kokyb\u0117s med\u017eiag\u0173, u\u017etikrina ilgaam\u017ei\u0161kum\u0105 ir stabilum\u0105. Sukurta atsi\u017evelgiant \u012f praktin\u012f naudojim\u0105, VR04 vitrina si\u016blo daugyb\u0119 erdv\u0117s organizavimo galimybi\u0173. Stiklin\u0117s durys puikiai tinka knyg\u0173 kolekcijoms, stikliniams indams ar [\u2026] eksponuoti.<\/p>","protected":false},"featured_media":257543,"comment_status":"open","ping_status":"open","template":"","meta":[],"product_brand":[],"product_cat":[2457,2006],"product_tag":[],"class_list":{"0":"post-257542","1":"product","2":"type-product","3":"status-publish","4":"has-post-thumbnail","6":"product_cat-liveo","7":"product_cat-vitrines","9":"first","10":"instock","11":"product-type-simple"},"_links":{"self":[{"href":"https:\/\/baldumarket.lt\/lt\/wp-json\/wp\/v2\/product\/257542","targetHints":{"allow":["GET"]}}],"collection":[{"href":"https:\/\/baldumarket.lt\/lt\/wp-json\/wp\/v2\/product"}],"about":[{"href":"https:\/\/baldumarket.lt\/lt\/wp-json\/wp\/v2\/types\/product"}],"replies":[{"embeddable":true,"href":"https:\/\/baldumarket.lt\/lt\/wp-json\/wp\/v2\/comments?post=257542"}],"wp:featuredmedia":[{"embeddable":true,"href":"https:\/\/baldumarket.lt\/lt\/wp-json\/wp\/v2\/media\/257543"}],"wp:attachment":[{"href":"https:\/\/baldumarket.lt\/lt\/wp-json\/wp\/v2\/media?parent=257542"}],"wp:term":[{"taxonomy":"product_brand","embeddable":true,"href":"https:\/\/baldumarket.lt\/lt\/wp-json\/wp\/v2\/product_brand?post=257542"},{"taxonomy":"product_cat","embeddable":true,"href":"https:\/\/baldumarket.lt\/lt\/wp-json\/wp\/v2\/product_cat?post=257542"},{"taxonomy":"product_tag","embeddable":true,"href":"https:\/\/baldumarket.lt\/lt\/wp-json\/wp\/v2\/product_tag?post=257542"}],"curies":[{"name":"wp","href":"https:\/\/api.w.org\/{rel}","templated":true}]}}