{"id":257528,"date":"2026-01-10T22:58:03","date_gmt":"2026-01-10T19:58:03","guid":{"rendered":"https:\/\/baldumarket.lt\/product\/vero-vr02-komoda\/"},"modified":"2026-02-11T18:30:20","modified_gmt":"2026-02-11T15:30:20","slug":"vero-vr02-komoda","status":"publish","type":"product","link":"https:\/\/baldumarket.lt\/lt\/product\/vero-vr02-komoda\/","title":{"rendered":"VERO VR02 komoda su stal\u010diais"},"content":{"rendered":"<p>\u201eVero\u201c serijos komoda, modelis VR02, \u017eavi elegancijos ir funkcionalumo deriniu. \u0160i komoda puikiai papildys j\u016bs\u0173 gyvenam\u0105j\u0105 erdv\u0119 \u2013 ji bus ne tik prakti\u0161ka, bet ir stilinga. Erdv\u016bs stal\u010diai ir atvira lentyna suteikia daug vietos drabu\u017eiams, aksesuarams ir kitiems smulkiems daiktams laikyti. Be to, eleganti\u0161kos ranken\u0117l\u0117s suteikia komodai modern\u0173 vaizd\u0105 ir palengvina kasdien\u012f naudojim\u0105. \u201eOpera Walnut\u201c \/ juodos spalvos spalv\u0173 gama suteikia komodai unikal\u0173 charakter\u012f, puikiai papildant\u012f \u012fvairius interjero dizainus.<\/p>\n<p>Plotis 98 cm Gylis 38,5 cm Auk\u0161tis 86 cm Produkto svoris su pakuote 38,30 kg Gamintojo kodas \/ simbolis VR02 Kolekcijos pavadinimas VERO Pavadinimas b2b sistemoje VERO VR02 OPERA RIE\u0160UTMEDIS\/JUODA KOMOD\u0172 KOMPLEKTAS Produkto pakuo\u010di\u0173 skai\u010dius 3 Stilius Moderni \u012franga Surinkimo instrukcijos \/ surinkimo priedai Surinkimui Savaranki\u0161kam surinkimui Korpuso spalva Opera Rie\u0161utmedis \/ Juoda Korpuso med\u017eiaga \/ tipas \/ storis 16 mm baldin\u0117 plok\u0161t\u0117 Korpuso vir\u0161utin\u0117s dalies med\u017eiaga \/ tipas \/ storis 16 mm baldin\u0117 plok\u0161t\u0117 Korpuso apa\u010dios med\u017eiaga \/ tipas \/ storis 16 mm baldin\u0117 plok\u0161t\u0117 Korpuso pagrindo med\u017eiaga \/ tipas \/ storis 16 mm baldin\u0117 plok\u0161t\u0117 Lentynos spalva Opera Rie\u0161utmedis Lentynos med\u017eiaga \/ tipas \/ storis 16 mm baldin\u0117 plok\u0161t\u0117 Lentyn\u0173 kiekis 2 Galin\u0117s sienel\u0117s med\u017eiaga \/ tipas \/ storis 2,5 mm HDF baldin\u0117 plok\u0161t\u0117 Matomos galin\u0117s sienel\u0117s dalies spalva Juoda Priekin\u0117 spalva: Opera Rie\u0161utmedis \/ Juoda Priekin\u0117 med\u017eiaga \/ tipas \/ storis: 16 mm MDF plok\u0161t\u0117 \/ 5 mm HDF plok\u0161t\u0117 Priekinis vyris \u2300 35 mm, reguliuojamas trijose plok\u0161tumose Priekin\u0117 rankena \/ Apdaila \/ Spalva: Frezuota \/ Opera Rie\u0161utmed\u017eio dur\u0173 atidarymo sistema: Atidaroma stumiant 2 dur\u0173 priekiai Pilnai i\u0161traukiami stal\u010di\u0173 b\u0117geliai Kojel\u0117 \/ Apdaila \/ Spalva: Nereguliuojama \/ Plastika \/ Juoda Kojel\u0117s auk\u0161tis: 120 mm Dureli\u0173 skai\u010dius: 2 Stal\u010di\u0173 skai\u010dius: 2 U\u017edar\u0173 ni\u0161\u0173 skai\u010dius: 4<\/p>","protected":false},"excerpt":{"rendered":"<p>\u201eVero\u201c serijos komoda, modelis VR02, \u017eavi elegancijos ir funkcionalumo deriniu. \u0160i komoda puikiai papildys j\u016bs\u0173 gyvenam\u0105j\u0105 erdv\u0119 \u2013 ji bus ne tik prakti\u0161ka, bet ir stilinga. Erdv\u016bs stal\u010diai ir atvira lentyna suteikia daug vietos drabu\u017eiams, aksesuarams ir kitiems smulkiems daiktams laikyti. Be to, eleganti\u0161kos rankenos suteikia [\u2026]<\/p>","protected":false},"featured_media":257529,"comment_status":"open","ping_status":"open","template":"","meta":[],"product_brand":[],"product_cat":[1173,2457],"product_tag":[],"class_list":{"0":"post-257528","1":"product","2":"type-product","3":"status-publish","4":"has-post-thumbnail","6":"product_cat-chests-of-drawers","7":"product_cat-liveo","9":"first","10":"instock","11":"product-type-simple"},"_links":{"self":[{"href":"https:\/\/baldumarket.lt\/lt\/wp-json\/wp\/v2\/product\/257528","targetHints":{"allow":["GET"]}}],"collection":[{"href":"https:\/\/baldumarket.lt\/lt\/wp-json\/wp\/v2\/product"}],"about":[{"href":"https:\/\/baldumarket.lt\/lt\/wp-json\/wp\/v2\/types\/product"}],"replies":[{"embeddable":true,"href":"https:\/\/baldumarket.lt\/lt\/wp-json\/wp\/v2\/comments?post=257528"}],"wp:featuredmedia":[{"embeddable":true,"href":"https:\/\/baldumarket.lt\/lt\/wp-json\/wp\/v2\/media\/257529"}],"wp:attachment":[{"href":"https:\/\/baldumarket.lt\/lt\/wp-json\/wp\/v2\/media?parent=257528"}],"wp:term":[{"taxonomy":"product_brand","embeddable":true,"href":"https:\/\/baldumarket.lt\/lt\/wp-json\/wp\/v2\/product_brand?post=257528"},{"taxonomy":"product_cat","embeddable":true,"href":"https:\/\/baldumarket.lt\/lt\/wp-json\/wp\/v2\/product_cat?post=257528"},{"taxonomy":"product_tag","embeddable":true,"href":"https:\/\/baldumarket.lt\/lt\/wp-json\/wp\/v2\/product_tag?post=257528"}],"curies":[{"name":"wp","href":"https:\/\/api.w.org\/{rel}","templated":true}]}}