{"id":257520,"date":"2026-01-10T22:57:59","date_gmt":"2026-01-10T19:57:59","guid":{"rendered":"https:\/\/baldumarket.lt\/product\/vero-vr01-rtv\/"},"modified":"2026-02-11T18:30:20","modified_gmt":"2026-02-11T15:30:20","slug":"vero-vr01-rtv","status":"publish","type":"product","link":"https:\/\/baldumarket.lt\/lt\/product\/vero-vr01-rtv\/","title":{"rendered":"VERO VR01 RTV"},"content":{"rendered":"<p>Pristatome eleganti\u0161k\u0105 ir funkcional\u0173 televizoriaus staliuk\u0105 i\u0161 \u201cVero\u201d kolekcijos, puikiai tinkant\u012f j\u016bs\u0173 svetainei. \u201eVR01\u201c modelis \u201eOpera Walnut\/Black\u201c spalvos \u017eavi minimalistiniu, moderniu dizainu, kuris skland\u017eiai dera prie \u012fvairi\u0173 interjero dizain\u0173. D\u0117l tvirtos konstrukcijos ir auk\u0161tos kokyb\u0117s med\u017eiag\u0173 \u0161is baldas garantuoja ne tik estetin\u012f patrauklum\u0105, bet ir patvarum\u0105 bei komfort\u0105 daugel\u012f met\u0173. Dvi erdvios \u0161onin\u0117s spintel\u0117s ir atvira lentyna centre suteikia daug vietos \u012fvairiems elektroniniams prietaisams, knygoms ir dekoracijoms laikyti. Be to, prakti\u0161ki laid\u0173 lizdai palengvina laid\u0173 valdym\u0105.<\/p>\n<p>Plotis 163,5 cm Gylis 38,5 cm Auk\u0161tis 59,5 cm Produkto svoris su pakuote 38,00 kg Gamintojo kodas \/ simbolis VR01 Kolekcijos pavadinimas VERO Pavadinimas b2b sistemoje VERO VR01 OPERA RIE\u0160UTMEDIS\/JUODA RTV KPL Produkto pakuo\u010di\u0173 skai\u010dius 3 Stilius Moderni \u012franga Surinkimo instrukcijos \/ surinkimo priedai Surinkimas Savaranki\u0161kam surinkimui Korpuso spalva Opera Rie\u0161utmed\u017eio \/ Juoda Korpuso med\u017eiaga \/ tipas \/ storis 16 mm baldin\u0117 plok\u0161t\u0117 Korpuso vir\u0161utin\u0117s dalies med\u017eiaga \/ tipas \/ storis 16 mm baldin\u0117 plok\u0161t\u0117 Korpuso apa\u010dios med\u017eiaga \/ tipas \/ storis 16 mm baldin\u0117 plok\u0161t\u0117 Korpuso pagrindo med\u017eiaga \/ tipas \/ storis 16 mm baldin\u0117 plok\u0161t\u0117 Galin\u0117s sienel\u0117s med\u017eiaga \/ tipas \/ storis 2,5 mm HDF baldin\u0117 plok\u0161t\u0117 Galin\u0117s sienel\u0117s matomos dalies spalva Juoda Priekin\u0117s dalies spalva Opera Rie\u0161utmed\u017eio \/ Juoda Priekin\u0117s med\u017eiagos \/ tipas \/ storis 16 mm MDF baldin\u0117 plok\u0161t\u0117 \/ Plok\u0161t\u0117 5 mm HDF baldin\u0117 plok\u0161t\u0117 Priekinis vyris \u2300 35 mm, reguliuojamas trijose plok\u0161tumose Priekin\u0117 rankena \/ apdaila \/ spalva Frezuota \/ Opera Rie\u0161utmed\u017eio Skyl\u0117 TV laidams \u2300 50 mm \u0160velnaus u\u017edarymo sistema \u012etraukta Standartin\u0117 komplektacija Kojel\u0117 \/ apdaila \/ spalva Nereguliuojama \/ plastikin\u0117 \/ juoda Kojel\u0117s auk\u0161tis 120 mm Papildoma koja \/ apdaila \/ spalva Reguliuojama vidurin\u0117 dalis \/ plastikin\u0117 \/ juoda Dureli\u0173 skai\u010dius 2 Atvir\u0173 ni\u0161\u0173 skai\u010dius 3 U\u017edar\u0173 ni\u0161\u0173 skai\u010dius 2<\/p>","protected":false},"excerpt":{"rendered":"<p>Pristatome eleganti\u0161k\u0105 ir funkcional\u0173 televizoriaus staliuk\u0105 i\u0161 \u201cVero\u201d kolekcijos, puikiai tinkant\u012f j\u016bs\u0173 svetainei. VR01 modelis \u201eOpera Walnut\/Black\u201c spalvos \u017eavi minimalistiniu, moderniu dizainu, kuris skland\u017eiai dera prie \u012fvairi\u0173 interjero dizain\u0173. D\u0117l tvirtos konstrukcijos ir auk\u0161tos kokyb\u0117s med\u017eiag\u0173 \u0161is baldas garantuoja ne tik estetin\u012f patrauklum\u0105, bet ir [\u2026]<\/p>","protected":false},"featured_media":257521,"comment_status":"open","ping_status":"open","template":"","meta":[],"product_brand":[],"product_cat":[2457,1175],"product_tag":[],"class_list":{"0":"post-257520","1":"product","2":"type-product","3":"status-publish","4":"has-post-thumbnail","6":"product_cat-liveo","7":"product_cat-tv-stands","9":"first","10":"instock","11":"product-type-simple"},"_links":{"self":[{"href":"https:\/\/baldumarket.lt\/lt\/wp-json\/wp\/v2\/product\/257520","targetHints":{"allow":["GET"]}}],"collection":[{"href":"https:\/\/baldumarket.lt\/lt\/wp-json\/wp\/v2\/product"}],"about":[{"href":"https:\/\/baldumarket.lt\/lt\/wp-json\/wp\/v2\/types\/product"}],"replies":[{"embeddable":true,"href":"https:\/\/baldumarket.lt\/lt\/wp-json\/wp\/v2\/comments?post=257520"}],"wp:featuredmedia":[{"embeddable":true,"href":"https:\/\/baldumarket.lt\/lt\/wp-json\/wp\/v2\/media\/257521"}],"wp:attachment":[{"href":"https:\/\/baldumarket.lt\/lt\/wp-json\/wp\/v2\/media?parent=257520"}],"wp:term":[{"taxonomy":"product_brand","embeddable":true,"href":"https:\/\/baldumarket.lt\/lt\/wp-json\/wp\/v2\/product_brand?post=257520"},{"taxonomy":"product_cat","embeddable":true,"href":"https:\/\/baldumarket.lt\/lt\/wp-json\/wp\/v2\/product_cat?post=257520"},{"taxonomy":"product_tag","embeddable":true,"href":"https:\/\/baldumarket.lt\/lt\/wp-json\/wp\/v2\/product_tag?post=257520"}],"curies":[{"name":"wp","href":"https:\/\/api.w.org\/{rel}","templated":true}]}}