{"id":257519,"date":"2026-01-10T22:57:57","date_gmt":"2026-01-10T19:57:57","guid":{"rendered":"https:\/\/baldumarket.lt\/product\/tiffany-t30-blenda-boczna\/"},"modified":"2026-02-11T18:30:20","modified_gmt":"2026-02-11T15:30:20","slug":"tiffany-t30-blenda-boczna","status":"publish","type":"product","link":"https:\/\/baldumarket.lt\/lt\/product\/tiffany-t30-blenda-boczna\/","title":{"rendered":"TIFFANY T30 \u0160ONINIS MI\u0160INYS"},"content":{"rendered":"<p>T30 \u0161onin\u0117 plok\u0161t\u0117 yra juostel\u0117, naudojama u\u017emaskuoti tarpus tarp bald\u0173 ir sienos.<\/p>\n<p>Plotis 11,3 cm Auk\u0161tis 72 cm Produkto svoris su pakuote 1,20 kg Gamintojo kodas \/ simbolis T-30 Kolekcijos pavadinimas Tiffany Produkto pakuo\u010di\u0173 skai\u010dius 1 \u012eranga Surinkimo instrukcijos \/ surinkimo priedai Surinkimas Savaranki\u0161kam surinkimui Spalva Balta Korpuso med\u017eiaga \/ tipas \/ storis 16 mm bald\u0173 plok\u0161t\u0117<\/p>","protected":false},"excerpt":{"rendered":"<p>\u0160onin\u0117 plok\u0161t\u0117 T30 yra juostel\u0117, naudojama u\u017emaskuoti tarpus tarp bald\u0173 ir sienos. Plotis 11,3 cm Auk\u0161tis 72 cm Gaminio svoris su pakuote 1,20 kg Gamintojo kodas \/ simbolis T-30 Kolekcijos pavadinimas Tiffany Gaminio pakuo\u010di\u0173 skai\u010dius 1 \u012eranga Surinkimo instrukcijos \/ surinkimo priedai Surinkimas Savaranki\u0161kam surinkimui Spalva Balta Korpuso med\u017eiaga \/ [\u2026]<\/p>","protected":false},"featured_media":252871,"comment_status":"open","ping_status":"open","template":"","meta":[],"product_brand":[],"product_cat":[1043,2457],"product_tag":[],"class_list":{"0":"post-257519","1":"product","2":"type-product","3":"status-publish","4":"has-post-thumbnail","6":"product_cat-extras","7":"product_cat-liveo","9":"first","10":"instock","11":"purchasable","12":"product-type-simple"},"_links":{"self":[{"href":"https:\/\/baldumarket.lt\/lt\/wp-json\/wp\/v2\/product\/257519","targetHints":{"allow":["GET"]}}],"collection":[{"href":"https:\/\/baldumarket.lt\/lt\/wp-json\/wp\/v2\/product"}],"about":[{"href":"https:\/\/baldumarket.lt\/lt\/wp-json\/wp\/v2\/types\/product"}],"replies":[{"embeddable":true,"href":"https:\/\/baldumarket.lt\/lt\/wp-json\/wp\/v2\/comments?post=257519"}],"wp:featuredmedia":[{"embeddable":true,"href":"https:\/\/baldumarket.lt\/lt\/wp-json\/wp\/v2\/media\/252871"}],"wp:attachment":[{"href":"https:\/\/baldumarket.lt\/lt\/wp-json\/wp\/v2\/media?parent=257519"}],"wp:term":[{"taxonomy":"product_brand","embeddable":true,"href":"https:\/\/baldumarket.lt\/lt\/wp-json\/wp\/v2\/product_brand?post=257519"},{"taxonomy":"product_cat","embeddable":true,"href":"https:\/\/baldumarket.lt\/lt\/wp-json\/wp\/v2\/product_cat?post=257519"},{"taxonomy":"product_tag","embeddable":true,"href":"https:\/\/baldumarket.lt\/lt\/wp-json\/wp\/v2\/product_tag?post=257519"}],"curies":[{"name":"wp","href":"https:\/\/api.w.org\/{rel}","templated":true}]}}