{"id":257517,"date":"2026-01-10T22:57:54","date_gmt":"2026-01-10T19:57:54","guid":{"rendered":"https:\/\/baldumarket.lt\/product\/tiffany-t29-front-zmywarki-60\/"},"modified":"2026-02-11T18:30:20","modified_gmt":"2026-02-11T15:30:20","slug":"tiffany-t29-front-zmywarki-60","status":"publish","type":"product","link":"https:\/\/baldumarket.lt\/lt\/product\/tiffany-t29-front-zmywarki-60\/","title":{"rendered":"TIFFANY T29 INDAPLOV\u0116 PRIEKIN\u0116 60"},"content":{"rendered":"<p>Indaplov\u0117s priekin\u0117 dalis T 29\/60 priklauso \u201eTiffany\u201c virtuv\u0117s bald\u0173 kolekcijai. \u0160i \u012fmontuojama indaplov\u0117s priekin\u0117 dalis su pasl\u0117ptu valdymo skydeliu skirta 60 cm plo\u010dio prietaisams. 59,6 cm plo\u010dio ir 71,3 cm auk\u0161\u010dio ji puikiai tinka bet kokiam virtuv\u0117s interjerui. Blizgi balta\/pilka priekin\u0117 dalis suteikia virtuvei lengvumo ir erdvumo poj\u016bt\u012f, o metalin\u0117s tur\u0117kl\u0173 rankenos suteikia charakterio. Vis\u0105 kolekcij\u0105 sudaro atskiri elementai, kuriuos galima surinkti ir derinti atskirai arba galite rinktis i\u0161 keli\u0173 jau paruo\u0161t\u0173 rinkini\u0173. Papildomos kolekcijos savyb\u0117s: reguliuojamos apatini\u0173 spinteli\u0173 kojel\u0117s, trima\u010diai reguliuojami vir\u0161utini\u0173 spinteli\u0173 pakabos ir auk\u0161tos kokyb\u0117s priedai. \u0160i spintel\u0117, kaip ir visa \u201eTiffany\u201c bald\u0173 kolekcija, buvo kruop\u0161\u010diai sukurta taip, kad b\u016bt\u0173 pakankamai vietos daiktams laikyti ir ilgaam\u017e\u0117.<\/p>\n<p>Plotis 59,5 cm Gylis 1,6 cm Auk\u0161tis 71,3 cm Produkto svoris su pakuote 6,15 kg Gamintojo kodas \/ simbolis T-29 Kolekcijos pavadinimas Tiffany Produkto pakuo\u010di\u0173 skai\u010dius 1 Surinkimas Savaranki\u0161kam surinkimui Galimos priekin\u0117s spalvos Blizgi balta, blizgi pilka Priekin\u0117s med\u017eiagos tipas \/ tipas \/ storis 16 mm MDF bald\u0173 plok\u0161t\u0117 Priekin\u0117 rankena \/ med\u017eiaga \/ spalva Metalas \/ Sidabrin\u0117<\/p>","protected":false},"excerpt":{"rendered":"<p>Indaplov\u0117s priekin\u0117 dalis T 29\/60 yra i\u0161 \u201eTiffany\u201c virtuv\u0117s bald\u0173 kolekcijos. \u0160i \u012fmontuojama indaplov\u0117s priekin\u0117 dalis su pasl\u0117ptu valdymo skydeliu skirta 60 cm plo\u010dio prietaisams. 59,6 cm plo\u010dio ir 71,3 cm auk\u0161\u010dio ji puikiai tinka bet kokiam virtuv\u0117s interjerui. Blizgi balta\/pilka priekin\u0117s dalies apdaila suteikia virtuvei lengvumo ir [\u2026]<\/p>","protected":false},"featured_media":257516,"comment_status":"open","ping_status":"open","template":"","meta":[],"product_brand":[],"product_cat":[1043,2457],"product_tag":[],"class_list":{"0":"post-257517","1":"product","2":"type-product","3":"status-publish","4":"has-post-thumbnail","6":"product_cat-extras","7":"product_cat-liveo","9":"first","10":"instock","11":"purchasable","12":"product-type-simple"},"_links":{"self":[{"href":"https:\/\/baldumarket.lt\/lt\/wp-json\/wp\/v2\/product\/257517","targetHints":{"allow":["GET"]}}],"collection":[{"href":"https:\/\/baldumarket.lt\/lt\/wp-json\/wp\/v2\/product"}],"about":[{"href":"https:\/\/baldumarket.lt\/lt\/wp-json\/wp\/v2\/types\/product"}],"replies":[{"embeddable":true,"href":"https:\/\/baldumarket.lt\/lt\/wp-json\/wp\/v2\/comments?post=257517"}],"wp:featuredmedia":[{"embeddable":true,"href":"https:\/\/baldumarket.lt\/lt\/wp-json\/wp\/v2\/media\/257516"}],"wp:attachment":[{"href":"https:\/\/baldumarket.lt\/lt\/wp-json\/wp\/v2\/media?parent=257517"}],"wp:term":[{"taxonomy":"product_brand","embeddable":true,"href":"https:\/\/baldumarket.lt\/lt\/wp-json\/wp\/v2\/product_brand?post=257517"},{"taxonomy":"product_cat","embeddable":true,"href":"https:\/\/baldumarket.lt\/lt\/wp-json\/wp\/v2\/product_cat?post=257517"},{"taxonomy":"product_tag","embeddable":true,"href":"https:\/\/baldumarket.lt\/lt\/wp-json\/wp\/v2\/product_tag?post=257517"}],"curies":[{"name":"wp","href":"https:\/\/api.w.org\/{rel}","templated":true}]}}