{"id":257508,"date":"2026-01-10T22:57:44","date_gmt":"2026-01-10T19:57:44","guid":{"rendered":"https:\/\/baldumarket.lt\/product\/tiffany-t27-szafka-dolna-60-l-p-slupek-piekarnik\/"},"modified":"2026-02-11T18:30:20","modified_gmt":"2026-02-11T15:30:20","slug":"tiffany-t27-szafka-dolna-60-l-p-slupek-piekarnik","status":"publish","type":"product","link":"https:\/\/baldumarket.lt\/lt\/product\/tiffany-t27-szafka-dolna-60-l-p-slupek-piekarnik\/","title":{"rendered":"TIFFANY T27 APATINIS STINTEL\u0116 60 K\/D STATINIS ORKAIT\u0116S STATYMAS"},"content":{"rendered":"<p>Apatin\u0117s kolonos spintel\u0117 LP T27\/D60SP priklauso \u201eTiffany\u201c virtuv\u0117s kolekcijai. Spintel\u0119 sudaro keturios u\u017edaros ni\u0161os (dvi lentynos) ir viena atvira erdv\u0117. Centrin\u0117je dalyje yra orkait\u0117, o vir\u0161utin\u0117je ir apatin\u0117je dalyse \u2013 kepimo reikmenys. Tai puiki vieta laikyti visk\u0105 ranka pasiekiamu atstumu. 60 cm plo\u010dio ir 214 cm auk\u0161\u010dio \u0161i spintel\u0117 puikiai tinka bet kokiam virtuv\u0117s dizainui. Ji papildo vis\u0105 virtuv\u0119, stov\u0117dama centre arba kra\u0161tuose. Blizgios baltos\/pilkos spalvos fasadai suteikia virtuvei lengvumo ir erdvumo poj\u016bt\u012f, o metalin\u0117s tur\u0117kl\u0173 rankenos suteikia charakterio. Vis\u0105 kolekcij\u0105 sudaro atskiri elementai, kuriuos galite surinkti patys arba pasirinkti i\u0161 keli\u0173 jau paruo\u0161t\u0173 rinkini\u0173. Papildomos kolekcijos savyb\u0117s: reguliuojamos apatini\u0173 spinteli\u0173 kojel\u0117s, trima\u010diai reguliuojami vir\u0161utini\u0173 spinteli\u0173 pakabos ir auk\u0161tos kokyb\u0117s priedai. Spintel\u0117, kaip ir visa \u201eTiffany\u201c bald\u0173 kolekcija, buvo kruop\u0161\u010diai suprojektuota, siekiant u\u017etikrinti pakankamai vietos daiktams laikyti ir ilgalaik\u012f naudojim\u0105.<\/p>\n<p>Plotis 60 cm Gylis 58 cm Auk\u0161tis 214 cm Produkto svoris su pakuote 59,40 kg Gamintojo kodas \/ simbolis T-27 Kolekcijos pavadinimas TIFFANY Produkt\u0173 pakuo\u010di\u0173 skai\u010dius 3 Stilius Moderni \u012eranga Surinkimo instrukcijos \/ surinkimo priedai Surinkimas Savaranki\u0161kam surinkimui Korpuso spalva Balta Korpuso med\u017eiaga \/ tipas \/ storis 16 mm baldin\u0117 plok\u0161t\u0117 Korpuso vir\u0161utin\u0117s dalies med\u017eiaga \/ tipas \/ storis 16 mm baldin\u0117 plok\u0161t\u0117 Korpuso apatin\u0117s dalies med\u017eiaga \/ tipas \/ storis 16 mm baldin\u0117 plok\u0161t\u0117 Lentynos spalva Balta Lentynos med\u017eiaga \/ tipas \/ storis 16 mm baldin\u0117 plok\u0161t\u0117 Lentyn\u0173 kiekis 2 Lentyn\u0173 tip\u0173 kiekis 1 Galin\u0117s sienel\u0117s med\u017eiaga \/ tipas \/ storis 2,5 mm HDF baldin\u0117 plok\u0161t\u0117 Matoma galin\u0117s sienel\u0117s dalis Balta Galimos priekin\u0117s spalvos Balta Blizgi, Pilka Blizgi Priekin\u0117s med\u017eiagos \/ tipas \/ storis 16 mm MDF baldin\u0117 plok\u0161t\u0117 Priekinis vyris \u2300 35 mm reguliuojamas trijose pad\u0117tyse Priekinis universalus atidarymas \u012f kair\u0119 \/ \u012f de\u0161in\u0119 TAIP Priekin\u0117 rankena \/ apdaila \/ spalva Metalin\u0117 \/ Sidabrin\u0117 \u0160velnaus u\u017edarymo sistema Standartin\u0117 Kojel\u0117 \/ apdaila \/ spalva Reguliuojama \/ plastikin\u0117 \/ Juoda Kojel\u0117s auk\u0161tis 100 mm Dureli\u0173 skai\u010dius 2 U\u017edar\u0173 ni\u0161\u0173 skai\u010dius 4<\/p>","protected":false},"excerpt":{"rendered":"<p>Apatin\u0117s kolonos spintel\u0117 LP T27\/D60SP yra i\u0161 \u201eTiffany\u201c virtuv\u0117s kolekcijos. Spintel\u0119 sudaro keturios u\u017edaros ni\u0161os (dvi lentynos) ir viena atvira erdv\u0117. Centrin\u0117je dalyje yra orkait\u0117, o vir\u0161utin\u0117je ir apatin\u0117je dalyse \u2013 kepimo reikmenys. Tai puiki vieta visk\u0105 laikyti ranka pasiekiamu atstumu. 60 cm plo\u010dio ir 214 [\u2026]<\/p>","protected":false},"featured_media":257509,"comment_status":"open","ping_status":"open","template":"","meta":[],"product_brand":[],"product_cat":[9118,2457],"product_tag":[],"class_list":{"0":"post-257508","1":"product","2":"type-product","3":"status-publish","4":"has-post-thumbnail","6":"product_cat-kitchen-cabinets","7":"product_cat-liveo","9":"first","10":"instock","11":"purchasable","12":"product-type-simple"},"_links":{"self":[{"href":"https:\/\/baldumarket.lt\/lt\/wp-json\/wp\/v2\/product\/257508","targetHints":{"allow":["GET"]}}],"collection":[{"href":"https:\/\/baldumarket.lt\/lt\/wp-json\/wp\/v2\/product"}],"about":[{"href":"https:\/\/baldumarket.lt\/lt\/wp-json\/wp\/v2\/types\/product"}],"replies":[{"embeddable":true,"href":"https:\/\/baldumarket.lt\/lt\/wp-json\/wp\/v2\/comments?post=257508"}],"wp:featuredmedia":[{"embeddable":true,"href":"https:\/\/baldumarket.lt\/lt\/wp-json\/wp\/v2\/media\/257509"}],"wp:attachment":[{"href":"https:\/\/baldumarket.lt\/lt\/wp-json\/wp\/v2\/media?parent=257508"}],"wp:term":[{"taxonomy":"product_brand","embeddable":true,"href":"https:\/\/baldumarket.lt\/lt\/wp-json\/wp\/v2\/product_brand?post=257508"},{"taxonomy":"product_cat","embeddable":true,"href":"https:\/\/baldumarket.lt\/lt\/wp-json\/wp\/v2\/product_cat?post=257508"},{"taxonomy":"product_tag","embeddable":true,"href":"https:\/\/baldumarket.lt\/lt\/wp-json\/wp\/v2\/product_tag?post=257508"}],"curies":[{"name":"wp","href":"https:\/\/api.w.org\/{rel}","templated":true}]}}