{"id":257503,"date":"2026-01-10T22:57:41","date_gmt":"2026-01-10T19:57:41","guid":{"rendered":"https:\/\/baldumarket.lt\/product\/tiffany-t26-szafka-dolna-narozna-90-uniwersalna-lewostronna-prawostronna\/"},"modified":"2026-02-11T18:30:20","modified_gmt":"2026-02-11T15:30:20","slug":"tiffany-t26-szafka-dolna-narozna-90-uniwersalna-lewostronna-prawostronna","status":"publish","type":"product","link":"https:\/\/baldumarket.lt\/lt\/product\/tiffany-t26-szafka-dolna-narozna-90-uniwersalna-lewostronna-prawostronna\/","title":{"rendered":"TIFFANY T26 APATINIS KAMPINIS SPINTELIS 90 UNIVERSALUS KAIR\u0116\/DE\u0160IN\u0116"},"content":{"rendered":"<p>Kampin\u0117 apatin\u0117 spintel\u0117 LP T26\/D90NW yra i\u0161 \u201eTiffany\u201c virtuv\u0117s kolekcijos. Jei planuojate L arba U formos virtuv\u0119, \u0161i spintel\u0117 yra b\u016btina. J\u0105 sudaro dvi ni\u0161os (viena lentyna). Rakinama kampin\u0117 spintel\u0117 sukuria daug vietos didesniems prietaisams ar re\u010diau naudojamiems indams laikyti. 90 cm gylio ir 82 cm auk\u0161\u010dio ji puikiai tinka kampinei virtuvei projektuoti. Spintel\u0117 tinka 30 cm arba 60 cm stalvir\u0161iui (neb\u016btina). Blizgios baltos\/pilkos spalvos fasadai suteikia virtuvei lengvumo ir erdvumo poj\u016bt\u012f, o metalin\u0117s tur\u0117kl\u0173 rankenos suteikia charakterio. Vis\u0105 kolekcij\u0105 sudaro atskiri elementai, kuriuos galite surinkti patys arba pasirinkti i\u0161 keli\u0173 jau paruo\u0161t\u0173 komplekt\u0173. Papildomos kolekcijos savyb\u0117s: reguliuojamos apatini\u0173 spinteli\u0173 kojel\u0117s, trima\u010diai reguliuojami vir\u0161utini\u0173 spinteli\u0173 pakabos laikikliai ir auk\u0161tos kokyb\u0117s priedai. Spintel\u0117, kaip ir visa \u201eTiffany\u201c bald\u0173 kolekcija, buvo kruop\u0161\u010diai suprojektuota taip, kad b\u016bt\u0173 u\u017etikrinta pakankamai vietos daiktams laikyti ir ilgaam\u017ei\u0161kumas.<\/p>\n<p>Plotis 84 cm Gylis 84 cm Auk\u0161tis 82 cm Produkto svoris su pakuote 37,00 kg Gamintojo kodas \/ simbolis T-26 Kolekcijos pavadinimas TIFFANY Produkt\u0173 pakuo\u010di\u0173 skai\u010dius 2 Stilius Moderni \u012franga Surinkimo instrukcijos \/ surinkimo priedai Surinkimas Savaranki\u0161kas surinkimas Korpuso spalva Balta Korpuso apdailos med\u017eiaga \/ tipas \/ storis 16 mm baldin\u0117 plok\u0161t\u0117 Korpuso dugno apdailos med\u017eiaga \/ tipas \/ storis 16 mm baldin\u0117 plok\u0161t\u0117 Lentynos spalva Balta Lentynos apdailos med\u017eiaga \/ tipas \/ storis 16 mm baldin\u0117 plok\u0161t\u0117 Lentyn\u0173 kiekis 1 Galin\u0117s sienel\u0117s apdailos med\u017eiaga \/ tipas \/ storis 2,5 mm HDF baldin\u0117 plok\u0161t\u0117 Matomos galin\u0117s sienel\u0117s dalies spalva Balta Galimos priekin\u0117s spalvos Balta Blizgi, Pilka Blizgi Priekin\u0117s apdailos med\u017eiaga \/ tipas \/ storis 16 mm MDF baldin\u0117 plok\u0161t\u0117 Priekinis vyris \u2300 35 mm reguliuojamas trijose plok\u0161tumose Priekinis atidarymas universalus kairinis \/ de\u0161ininis TAIP Priekin\u0117 rankena \/ apdaila \/ spalva Metalin\u0117 \/ Sidabrin\u0117 Kojel\u0117 \/ apdaila \/ spalva Reguliuojama \/ plastikin\u0117 \/ Juoda Kojel\u0117s auk\u0161tis 100 mm Dureli\u0173 skai\u010dius 1 U\u017edar\u0173 ni\u0161\u0173 skai\u010dius 2 Universalus korpusas kairinis \/ de\u0161ininis TAIP<\/p>","protected":false},"excerpt":{"rendered":"<p>Kampin\u0117 spintel\u0117 LP T26\/D90NW yra i\u0161 \u201eTiffany\u201c virtuv\u0117s kolekcijos. Jei planuojate L arba U formos virtuv\u0119, \u0161i spintel\u0117 yra b\u016btina. J\u0105 sudaro dvi ni\u0161os (viena lentyna). U\u017erakinama kampin\u0117 spintel\u0117 sukuria daug vietos didesniems prietaisams ar re\u010diau naudojamiems indams laikyti. 90 cm gylio ir 82 cm auk\u0161\u010dio, [\u2026]<\/p>","protected":false},"featured_media":257504,"comment_status":"open","ping_status":"open","template":"","meta":[],"product_brand":[],"product_cat":[9118,2457],"product_tag":[],"class_list":{"0":"post-257503","1":"product","2":"type-product","3":"status-publish","4":"has-post-thumbnail","6":"product_cat-kitchen-cabinets","7":"product_cat-liveo","9":"first","10":"instock","11":"purchasable","12":"product-type-simple"},"_links":{"self":[{"href":"https:\/\/baldumarket.lt\/lt\/wp-json\/wp\/v2\/product\/257503","targetHints":{"allow":["GET"]}}],"collection":[{"href":"https:\/\/baldumarket.lt\/lt\/wp-json\/wp\/v2\/product"}],"about":[{"href":"https:\/\/baldumarket.lt\/lt\/wp-json\/wp\/v2\/types\/product"}],"replies":[{"embeddable":true,"href":"https:\/\/baldumarket.lt\/lt\/wp-json\/wp\/v2\/comments?post=257503"}],"wp:featuredmedia":[{"embeddable":true,"href":"https:\/\/baldumarket.lt\/lt\/wp-json\/wp\/v2\/media\/257504"}],"wp:attachment":[{"href":"https:\/\/baldumarket.lt\/lt\/wp-json\/wp\/v2\/media?parent=257503"}],"wp:term":[{"taxonomy":"product_brand","embeddable":true,"href":"https:\/\/baldumarket.lt\/lt\/wp-json\/wp\/v2\/product_brand?post=257503"},{"taxonomy":"product_cat","embeddable":true,"href":"https:\/\/baldumarket.lt\/lt\/wp-json\/wp\/v2\/product_cat?post=257503"},{"taxonomy":"product_tag","embeddable":true,"href":"https:\/\/baldumarket.lt\/lt\/wp-json\/wp\/v2\/product_tag?post=257503"}],"curies":[{"name":"wp","href":"https:\/\/api.w.org\/{rel}","templated":true}]}}