{"id":257499,"date":"2026-01-10T22:57:38","date_gmt":"2026-01-10T19:57:38","guid":{"rendered":"https:\/\/baldumarket.lt\/product\/tiffany-t25-szafka-dolna-100-uniwersalna-lewostronna-prawostronna\/"},"modified":"2026-02-11T18:30:20","modified_gmt":"2026-02-11T15:30:20","slug":"tiffany-t25-szafka-dolna-100-uniwersalna-lewostronna-prawostronna","status":"publish","type":"product","link":"https:\/\/baldumarket.lt\/lt\/product\/tiffany-t25-szafka-dolna-100-uniwersalna-lewostronna-prawostronna\/","title":{"rendered":"TIFFANY T25 APATINIS SPINTEL\u0116 100 UNIVERSALUS KAIR\u0116\/DE\u0160IN\u0116"},"content":{"rendered":"<p>LP 100 T25\/DNLP apatin\u0117 spintel\u0117 yra i\u0161 \u201eTiffany\u201c virtuv\u0117s kolekcijos. Tai kampin\u0117 spintel\u0117, statoma kambario kampe. Ji pasi\u017eymi vienu priekiu ir erdviu vidumi didesniems daiktams laikyti. 80 cm plo\u010dio ir 82 cm auk\u0161\u010dio ji puikiai tinka kampinei virtuvei projektuoti. Jos negalima derinti su apatin\u0117mis spintel\u0117mis su stal\u010diumi: T16, T17, T18 arba T20. Spintelei tinka 100 cm stalvir\u0161is (neb\u016btina), o spintelei su stalvir\u0161iu reikalingas 105 cm sienos plotas. Blizg\u016bs balti\/pilki fasadai suteikia virtuvei lengvumo ir erdv\u0117s poj\u016bt\u012f, o metalin\u0117s tur\u0117kl\u0173 rankenos suteikia charakterio. Vis\u0105 kolekcij\u0105 sudaro atskiri elementai, kuriuos galite surinkti patys arba pasirinkti i\u0161 keli\u0173 jau paruo\u0161t\u0173 komplekt\u0173. Papildomos kolekcijos savyb\u0117s: reguliuojamos apatini\u0173 spinteli\u0173 kojel\u0117s, trima\u010diai reguliuojami vir\u0161utini\u0173 spinteli\u0173 pakabos laikikliai ir auk\u0161tos kokyb\u0117s priedai. \u0160i spintel\u0117, kaip ir visa \u201eTiffany\u201c bald\u0173 kolekcija, buvo kruop\u0161\u010diai suprojektuota taip, kad b\u016bt\u0173 pakankamai vietos daiktams laikyti ir ilgaam\u017e\u0117.<\/p>\n<p>Plotis 80 cm Gylis 52 cm Auk\u0161tis 82 cm Produkto svoris su pakuote 26,95 kg Gamintojo kodas \/ simbolis T-25 Kolekcijos pavadinimas TIFFANY Produkt\u0173 pakuo\u010di\u0173 skai\u010dius 2 Stilius Moderni \u012eranga Surinkimo instrukcijos \/ surinkimo priedai Surinkimas Savaranki\u0161kas surinkimas Korpuso spalva Balta Korpuso apdailos med\u017eiaga \/ tipas \/ storis 16 mm baldin\u0117 plok\u0161t\u0117 Korpuso dugno apdaila \/ med\u017eiaga \/ tipas \/ storis 16 mm baldin\u0117 plok\u0161t\u0117 Lentynos spalva Balta Lentynos apdailos med\u017eiaga \/ tipas \/ storis 16 mm baldin\u0117 plok\u0161t\u0117 Lentyn\u0173 kiekis 1 Galin\u0117s sienel\u0117s apdailos med\u017eiaga \/ tipas \/ storis 2,5 mm HDF baldin\u0117 plok\u0161t\u0117 Matomos galin\u0117s sienel\u0117s dalies spalva Balta Galimos priekin\u0117s spalvos Blizgi balta, blizgi pilka Priekin\u0117s apdailos med\u017eiaga \/ tipas \/ storis 16 mm MDF baldin\u0117 plok\u0161t\u0117 Priekinis vyris \u2300 35 mm reguliuojamas trijose plok\u0161tumose Priekin\u0117 rankena \/ apdaila \/ spalva Metalin\u0117 \/ Sidabrin\u0117 \u0160velnaus u\u017edarymo dur\u0173 sistema Standartin\u0117 Kojel\u0117 \/ apdaila \/ spalva: Reguliuojama \/ Plastin\u0117 \/ Juoda Kojel\u0117s auk\u0161tis: 100 mm Dur\u0173 skai\u010dius: 1 U\u017edar\u0173 ni\u0161\u0173 skai\u010dius: 2 Universalus korpusas: kairiarankiams \/ de\u0161iniarankiams TAIP<\/p>","protected":false},"excerpt":{"rendered":"<p>LP 100 T25\/DNLP apatin\u0117 spintel\u0117 yra i\u0161 \u201eTiffany\u201c virtuv\u0117s kolekcijos. Tai kampin\u0117 spintel\u0117, statoma kambario kampe. Ji turi vien\u0105 priekin\u0119 dal\u012f ir erdv\u0173 vid\u0173 didesniems daiktams laikyti. 80 cm plo\u010dio ir 82 cm auk\u0161\u010dio, tod\u0117l puikiai tinka kampin\u0117s virtuv\u0117s dizainui. Jos negalima derinti [\u2026]<\/p>","protected":false},"featured_media":252976,"comment_status":"open","ping_status":"open","template":"","meta":[],"product_brand":[],"product_cat":[9118,2457],"product_tag":[],"class_list":{"0":"post-257499","1":"product","2":"type-product","3":"status-publish","4":"has-post-thumbnail","6":"product_cat-kitchen-cabinets","7":"product_cat-liveo","9":"first","10":"instock","11":"purchasable","12":"product-type-simple"},"_links":{"self":[{"href":"https:\/\/baldumarket.lt\/lt\/wp-json\/wp\/v2\/product\/257499","targetHints":{"allow":["GET"]}}],"collection":[{"href":"https:\/\/baldumarket.lt\/lt\/wp-json\/wp\/v2\/product"}],"about":[{"href":"https:\/\/baldumarket.lt\/lt\/wp-json\/wp\/v2\/types\/product"}],"replies":[{"embeddable":true,"href":"https:\/\/baldumarket.lt\/lt\/wp-json\/wp\/v2\/comments?post=257499"}],"wp:featuredmedia":[{"embeddable":true,"href":"https:\/\/baldumarket.lt\/lt\/wp-json\/wp\/v2\/media\/252976"}],"wp:attachment":[{"href":"https:\/\/baldumarket.lt\/lt\/wp-json\/wp\/v2\/media?parent=257499"}],"wp:term":[{"taxonomy":"product_brand","embeddable":true,"href":"https:\/\/baldumarket.lt\/lt\/wp-json\/wp\/v2\/product_brand?post=257499"},{"taxonomy":"product_cat","embeddable":true,"href":"https:\/\/baldumarket.lt\/lt\/wp-json\/wp\/v2\/product_cat?post=257499"},{"taxonomy":"product_tag","embeddable":true,"href":"https:\/\/baldumarket.lt\/lt\/wp-json\/wp\/v2\/product_tag?post=257499"}],"curies":[{"name":"wp","href":"https:\/\/api.w.org\/{rel}","templated":true}]}}