{"id":257490,"date":"2026-01-10T22:57:33","date_gmt":"2026-01-10T19:57:33","guid":{"rendered":"https:\/\/baldumarket.lt\/product\/tiffany-t23-szafka-dolna-60-zlew\/"},"modified":"2026-02-11T18:30:20","modified_gmt":"2026-02-11T15:30:20","slug":"tiffany-t23-szafka-dolna-60-zlew","status":"publish","type":"product","link":"https:\/\/baldumarket.lt\/lt\/product\/tiffany-t23-szafka-dolna-60-zlew\/","title":{"rendered":"TIFFANY T23 APATINIS STILTELIS 60 KRIAUKL\u0116"},"content":{"rendered":"<p>LP T23\/D60Z apatin\u0117 kriaukl\u0117s spintel\u0117 priklauso \u201eTiffany\u201c virtuv\u0117s bald\u0173 kolekcijai. Tai erdvi vienos priekin\u0117s dalies spintel\u0117, skirta kriauklei montuoti. Idealiai tinka \u0161iuk\u0161liad\u0117\u017e\u0117ms laikyti. 60 cm plo\u010dio ir 82 cm auk\u0161\u010dio, ji puikiai tinka virtuv\u0117s interjerui kurti. Blizgios baltos\/pilkos spalvos fasadai suteikia virtuvei lengvumo ir erdvumo poj\u016bt\u012f, o metalin\u0117s tur\u0117kl\u0173 rankenos suteikia charakterio. Vis\u0105 kolekcij\u0105 sudaro atskiri elementai, kuriuos galima surinkti ir derinti atskirai arba galite rinktis i\u0161 keli\u0173 jau paruo\u0161t\u0173 komplekt\u0173. Papildomos kolekcijos savyb\u0117s: reguliuojamos apatini\u0173 spinteli\u0173 kojel\u0117s, trima\u010diai reguliuojami vir\u0161utini\u0173 spinteli\u0173 pakabos laikikliai ir auk\u0161tos kokyb\u0117s priedai. \u0160i spintel\u0117, kaip ir visa \u201eTiffany\u201c bald\u0173 kolekcija, buvo kruop\u0161\u010diai suprojektuota taip, kad b\u016bt\u0173 pakankamai vietos daiktams laikyti ir ilgaam\u017e\u0117.<\/p>\n<p>Plotis 60 cm Gylis 52 cm Auk\u0161tis 82 cm Produkto svoris su pakuote 18,85 kg Gamintojo kodas \/ simbolis T-23 Kolekcijos pavadinimas TIFFANY Produkt\u0173 pakuo\u010di\u0173 skai\u010dius 2 Stilius Moderni \u012eranga Surinkimo instrukcijos \/ surinkimo priedai Surinkimas Savaranki\u0161kam surinkimui Korpuso spalva Balta Korpuso apdailos med\u017eiaga \/ tipas \/ storis 16 mm baldin\u0117 plok\u0161t\u0117 Korpuso dugno apdaila \/ med\u017eiaga \/ tipas \/ storis 16 mm baldin\u0117 plok\u0161t\u0117 Galin\u0117s sienel\u0117s apdailos med\u017eiaga \/ tipas \/ storis 2,5 mm HDF baldin\u0117 plok\u0161t\u0117 Matomos galin\u0117s sienel\u0117s dalies spalva Balta Galimos priekin\u0117s spalvos Blizgi balta, blizgi pilka Priekin\u0117s apdailos med\u017eiaga \/ tipas \/ storis 16 mm MDF baldin\u0117 plok\u0161t\u0117 Priekinis vyris \u2300 35 mm reguliuojamas trijose plok\u0161tumose Priekinis universalus atidarymas \u012f kair\u0119 \/ \u012f de\u0161in\u0119 TAIP Priekin\u0117 rankena \/ apdaila \/ spalva Metalin\u0117 \/ Sidabrin\u0117 \u0160velnaus u\u017edarymo dur\u0173 sistema Standartin\u0117 Kojel\u0117 \/ apdaila \/ spalva Reguliuojama \/ plastikin\u0117 \/ Juoda Kojel\u0117s auk\u0161tis 100 mm Dureli\u0173 skai\u010dius 1 U\u017edar\u0173 ni\u0161\u0173 skai\u010dius 1<\/p>","protected":false},"excerpt":{"rendered":"<p>LP T23\/D60Z apatin\u0117 kriaukl\u0117s spintel\u0117 yra i\u0161 \u201eTiffany\u201c virtuv\u0117s bald\u0173 kolekcijos. Tai erdvi vienos priekin\u0117s dalies spintel\u0117, skirta kriauklei montuoti. Idealiai tinka \u0161iuk\u0161liad\u0117\u017e\u0117ms laikyti. 60 cm plo\u010dio ir 82 cm auk\u0161\u010dio, tod\u0117l puikiai tinka virtuv\u0117s interjerui kurti. Blizg\u016bs balti\/pilki fasadai suteikia virtuvei [\u2026]<\/p>","protected":false},"featured_media":257491,"comment_status":"open","ping_status":"open","template":"","meta":[],"product_brand":[],"product_cat":[9118,2457],"product_tag":[],"class_list":{"0":"post-257490","1":"product","2":"type-product","3":"status-publish","4":"has-post-thumbnail","6":"product_cat-kitchen-cabinets","7":"product_cat-liveo","9":"first","10":"instock","11":"purchasable","12":"product-type-simple"},"_links":{"self":[{"href":"https:\/\/baldumarket.lt\/lt\/wp-json\/wp\/v2\/product\/257490","targetHints":{"allow":["GET"]}}],"collection":[{"href":"https:\/\/baldumarket.lt\/lt\/wp-json\/wp\/v2\/product"}],"about":[{"href":"https:\/\/baldumarket.lt\/lt\/wp-json\/wp\/v2\/types\/product"}],"replies":[{"embeddable":true,"href":"https:\/\/baldumarket.lt\/lt\/wp-json\/wp\/v2\/comments?post=257490"}],"wp:featuredmedia":[{"embeddable":true,"href":"https:\/\/baldumarket.lt\/lt\/wp-json\/wp\/v2\/media\/257491"}],"wp:attachment":[{"href":"https:\/\/baldumarket.lt\/lt\/wp-json\/wp\/v2\/media?parent=257490"}],"wp:term":[{"taxonomy":"product_brand","embeddable":true,"href":"https:\/\/baldumarket.lt\/lt\/wp-json\/wp\/v2\/product_brand?post=257490"},{"taxonomy":"product_cat","embeddable":true,"href":"https:\/\/baldumarket.lt\/lt\/wp-json\/wp\/v2\/product_cat?post=257490"},{"taxonomy":"product_tag","embeddable":true,"href":"https:\/\/baldumarket.lt\/lt\/wp-json\/wp\/v2\/product_tag?post=257490"}],"curies":[{"name":"wp","href":"https:\/\/api.w.org\/{rel}","templated":true}]}}