{"id":257477,"date":"2026-01-10T22:57:25","date_gmt":"2026-01-10T19:57:25","guid":{"rendered":"https:\/\/baldumarket.lt\/product\/tiffany-t20-szafka-dolna-60\/"},"modified":"2026-02-11T18:30:21","modified_gmt":"2026-02-11T15:30:21","slug":"tiffany-t20-szafka-dolna-60","status":"publish","type":"product","link":"https:\/\/baldumarket.lt\/lt\/product\/tiffany-t20-szafka-dolna-60\/","title":{"rendered":"TIFFANY T20 APATINIS SPINTEL\u0116 60"},"content":{"rendered":"<p>LP T20\/D60S3 apatin\u0117 spintel\u0117 priklauso \u201eTiffany\u201c virtuv\u0117s kolekcijai. Ji turi tris erdvius stal\u010dius, kuriuose patogu laikyti visus virtuv\u0117s \u012frankius ir maisto gaminimo reikmenis. 60 cm plo\u010dio ir 82 cm auk\u0161\u010dio spintel\u0117 puikiai tinka bet kokiam virtuv\u0117s dizainui. Prie spintel\u0117s tinka 60 cm stalvir\u0161is (neb\u016btina). Blizgios baltos\/pilkos spalvos fasadai sukuria lengvumo ir erdvumo poj\u016bt\u012f, o metalin\u0117s tur\u0117kl\u0173 rankenos suteikia charakterio. Vis\u0105 kolekcij\u0105 sudaro atskiri elementai, kuriuos galite surinkti patys arba pasirinkti i\u0161 keli\u0173 jau paruo\u0161t\u0173 rinkini\u0173. Papildomos kolekcijos savyb\u0117s: reguliuojamos apatini\u0173 spinteli\u0173 kojel\u0117s, trima\u010diai reguliuojami vir\u0161utini\u0173 spinteli\u0173 pakabos laikikliai ir auk\u0161tos kokyb\u0117s priedai. \u0160i spintel\u0117, kaip ir visa \u201eTiffany\u201c bald\u0173 kolekcija, buvo kruop\u0161\u010diai suprojektuota taip, kad b\u016bt\u0173 pakankamai vietos daiktams laikyti ir ilgaam\u017e\u0117.<\/p>\n<p>Plotis 60 cm Gylis 52 cm Auk\u0161tis 82 cm Produkto svoris su pakuote 31,65 kg Gamintojo kodas \/ simbolis T-20 Kolekcijos pavadinimas TIFFANY Produkto pakuo\u010di\u0173 skai\u010dius 2 Stilius Moderni \u012eranga Surinkimo instrukcijos \/ surinkimo priedai Surinkimas Savaranki\u0161kam surinkimui Korpuso spalva Balta Korpuso apdailos med\u017eiaga \/ tipas \/ storis 16 mm baldin\u0117 plok\u0161t\u0117 Korpuso dugno apdaila \/ med\u017eiaga \/ tipas \/ storis 16 mm baldin\u0117 plok\u0161t\u0117 Galimos priekin\u0117s spalvos Blizgi balta, blizgi pilka Priekin\u0117s apdailos med\u017eiaga \/ tipas \/ storis 16 mm MDF baldin\u0117 plok\u0161t\u0117 Priekin\u0117 rankena \/ apdaila \/ spalva Metalin\u0117 \/ Sidabrin\u0117 \u0160velnaus stal\u010di\u0173 u\u017edarymo sistema Standartin\u0117 Kojel\u0117 \/ apdaila \/ spalva Reguliuojama \/ plastikin\u0117 \/ juoda Kojel\u0117s auk\u0161tis 100 mm Stal\u010di\u0173 skai\u010dius 3<\/p>","protected":false},"excerpt":{"rendered":"<p>LP T20\/D60S3 apatin\u0117 spintel\u0117 yra i\u0161 \u201eTiffany\u201c virtuv\u0117s kolekcijos. Joje yra trys erdv\u016bs stal\u010diai, kuriuose lengva laikyti visus virtuv\u0117s \u012frankius ir kitus reikmenis. 60 cm plo\u010dio ir 82 cm auk\u0161\u010dio spintel\u0117 puikiai tinka bet kokiam virtuv\u0117s dizainui. Spintelei tinka 60 cm stalvir\u0161is (neb\u016btina). Blizg\u016bs balti\/pilki fasadai sukuria [\u2026]<\/p>","protected":false},"featured_media":252874,"comment_status":"open","ping_status":"open","template":"","meta":[],"product_brand":[],"product_cat":[9118,2457],"product_tag":[],"class_list":{"0":"post-257477","1":"product","2":"type-product","3":"status-publish","4":"has-post-thumbnail","6":"product_cat-kitchen-cabinets","7":"product_cat-liveo","9":"first","10":"instock","11":"purchasable","12":"product-type-simple"},"_links":{"self":[{"href":"https:\/\/baldumarket.lt\/lt\/wp-json\/wp\/v2\/product\/257477","targetHints":{"allow":["GET"]}}],"collection":[{"href":"https:\/\/baldumarket.lt\/lt\/wp-json\/wp\/v2\/product"}],"about":[{"href":"https:\/\/baldumarket.lt\/lt\/wp-json\/wp\/v2\/types\/product"}],"replies":[{"embeddable":true,"href":"https:\/\/baldumarket.lt\/lt\/wp-json\/wp\/v2\/comments?post=257477"}],"wp:featuredmedia":[{"embeddable":true,"href":"https:\/\/baldumarket.lt\/lt\/wp-json\/wp\/v2\/media\/252874"}],"wp:attachment":[{"href":"https:\/\/baldumarket.lt\/lt\/wp-json\/wp\/v2\/media?parent=257477"}],"wp:term":[{"taxonomy":"product_brand","embeddable":true,"href":"https:\/\/baldumarket.lt\/lt\/wp-json\/wp\/v2\/product_brand?post=257477"},{"taxonomy":"product_cat","embeddable":true,"href":"https:\/\/baldumarket.lt\/lt\/wp-json\/wp\/v2\/product_cat?post=257477"},{"taxonomy":"product_tag","embeddable":true,"href":"https:\/\/baldumarket.lt\/lt\/wp-json\/wp\/v2\/product_tag?post=257477"}],"curies":[{"name":"wp","href":"https:\/\/api.w.org\/{rel}","templated":true}]}}