{"id":257465,"date":"2026-01-10T22:57:16","date_gmt":"2026-01-10T19:57:16","guid":{"rendered":"https:\/\/baldumarket.lt\/product\/tiffany-t17-szafka-dolna-45\/"},"modified":"2026-02-11T18:30:21","modified_gmt":"2026-02-11T15:30:21","slug":"tiffany-t17-szafka-dolna-45","status":"publish","type":"product","link":"https:\/\/baldumarket.lt\/lt\/product\/tiffany-t17-szafka-dolna-45\/","title":{"rendered":"TIFFANY T17 APATINIS SPINTEL\u0116 45"},"content":{"rendered":"<p>LP T17\/D45S3 apatin\u0117 spintel\u0117 yra i\u0161 \u201eTiffany\u201c virtuv\u0117s kolekcijos. Ji turi tris erdvius stal\u010dius, kuriuose patogu laikyti visus virtuv\u0117s \u012frankius ir virtuv\u0117s reikmenis. 45 cm plo\u010dio ir 82 cm auk\u0161\u010dio spintel\u0117 puikiai tinka bet kokiam virtuv\u0117s dizainui. Spintel\u0117 tinka 45 cm stalvir\u0161iui (neb\u016btina). Blizgios baltos\/pilkos spalvos fasadai suteikia virtuvei lengvumo ir erdvumo poj\u016bt\u012f, o metalin\u0117s tur\u0117kl\u0173 rankenos suteikia charakterio. Vis\u0105 kolekcij\u0105 sudaro atskiri elementai, kuriuos galite surinkti patys arba pasirinkti i\u0161 keli\u0173 jau paruo\u0161t\u0173 rinkini\u0173. Papildomos kolekcijos savyb\u0117s: reguliuojamos apatini\u0173 spinteli\u0173 kojel\u0117s, trima\u010diai reguliuojami vir\u0161utini\u0173 spinteli\u0173 pakabos laikikliai ir auk\u0161tos kokyb\u0117s priedai. \u0160i spintel\u0117, kaip ir visa \u201eTiffany\u201c bald\u0173 kolekcija, buvo kruop\u0161\u010diai suprojektuota taip, kad b\u016bt\u0173 pakankamai vietos daiktams laikyti ir ilgaam\u017e\u0117.<\/p>\n<p>Plotis 45 cm Gylis 52 cm Auk\u0161tis 82 cm Produkto svoris su pakuote 26,50 kg Gamintojo kodas \/ simbolis T-17 Kolekcijos pavadinimas TIFFANY Produkto pakuo\u010di\u0173 skai\u010dius 2 Stilius Modernus \u012eranga Surinkimo instrukcijos \/ surinkimo priedai Surinkimas Savaranki\u0161kam surinkimui Korpuso spalva Balta Korpuso apdailos med\u017eiaga \/ tipas \/ storis 16 mm baldin\u0117 plok\u0161t\u0117 Korpuso dugno apdaila \/ med\u017eiaga \/ tipas \/ storis 16 mm baldin\u0117 plok\u0161t\u0117 Galimos priekin\u0117s spalvos Balta Blizgi, Pilka Blizgi Priekin\u0117s apdailos med\u017eiaga \/ tipas \/ storis 16 mm MDF baldin\u0117 plok\u0161t\u0117 Priekin\u0117 rankena \/ apdaila \/ spalva Metalin\u0117 \/ Sidabrin\u0117 \u0160velnaus u\u017edarymo stal\u010di\u0173 sistema Standartin\u0117 Kojel\u0117 \/ apdaila \/ spalva Reguliuojama \/ plastikin\u0117 \/ juoda Kojel\u0117s auk\u0161tis 100 mm Stal\u010di\u0173 skai\u010dius 3<\/p>","protected":false},"excerpt":{"rendered":"<p>LP T17\/D45S3 apatin\u0117 spintel\u0117 yra i\u0161 \u201eTiffany\u201c virtuv\u0117s kolekcijos. Joje yra trys erdv\u016bs stal\u010diai, kuriuose lengva laikyti visus virtuv\u0117s \u012frankius ir kitus reikmenis. 45 cm plo\u010dio ir 82 cm auk\u0161\u010dio spintel\u0117 puikiai tinka bet kokiam virtuv\u0117s dizainui. Spintelei tinka 45 cm stalvir\u0161is (neb\u016btina). Blizg\u016bs balti\/pilki fasadai [\u2026]<\/p>","protected":false},"featured_media":257448,"comment_status":"open","ping_status":"open","template":"","meta":[],"product_brand":[],"product_cat":[9118,2457],"product_tag":[],"class_list":{"0":"post-257465","1":"product","2":"type-product","3":"status-publish","4":"has-post-thumbnail","6":"product_cat-kitchen-cabinets","7":"product_cat-liveo","9":"first","10":"instock","11":"purchasable","12":"product-type-simple"},"_links":{"self":[{"href":"https:\/\/baldumarket.lt\/lt\/wp-json\/wp\/v2\/product\/257465","targetHints":{"allow":["GET"]}}],"collection":[{"href":"https:\/\/baldumarket.lt\/lt\/wp-json\/wp\/v2\/product"}],"about":[{"href":"https:\/\/baldumarket.lt\/lt\/wp-json\/wp\/v2\/types\/product"}],"replies":[{"embeddable":true,"href":"https:\/\/baldumarket.lt\/lt\/wp-json\/wp\/v2\/comments?post=257465"}],"wp:featuredmedia":[{"embeddable":true,"href":"https:\/\/baldumarket.lt\/lt\/wp-json\/wp\/v2\/media\/257448"}],"wp:attachment":[{"href":"https:\/\/baldumarket.lt\/lt\/wp-json\/wp\/v2\/media?parent=257465"}],"wp:term":[{"taxonomy":"product_brand","embeddable":true,"href":"https:\/\/baldumarket.lt\/lt\/wp-json\/wp\/v2\/product_brand?post=257465"},{"taxonomy":"product_cat","embeddable":true,"href":"https:\/\/baldumarket.lt\/lt\/wp-json\/wp\/v2\/product_cat?post=257465"},{"taxonomy":"product_tag","embeddable":true,"href":"https:\/\/baldumarket.lt\/lt\/wp-json\/wp\/v2\/product_tag?post=257465"}],"curies":[{"name":"wp","href":"https:\/\/api.w.org\/{rel}","templated":true}]}}