{"id":257456,"date":"2026-01-10T22:57:11","date_gmt":"2026-01-10T19:57:11","guid":{"rendered":"https:\/\/baldumarket.lt\/product\/tiffany-t15-szafka-dolna-40-l-p\/"},"modified":"2026-02-11T18:30:21","modified_gmt":"2026-02-11T15:30:21","slug":"tiffany-t15-szafka-dolna-40-l-p","status":"publish","type":"product","link":"https:\/\/baldumarket.lt\/lt\/product\/tiffany-t15-szafka-dolna-40-l-p\/","title":{"rendered":"TIFFANY T15 APATINIS SPINTEL\u0116 40 K\/D"},"content":{"rendered":"<p>LP T15\/D40 apatin\u0117 spintel\u0117 yra i\u0161 \u201eTiffany\u201c virtuv\u0117s kolekcijos. J\u0105 sudaro dvi ni\u0161os (viena lentyna). Tai u\u017erakinama spintel\u0117, kurioje galima laikyti smulkius daiktus ir maisto produktus, kurie yra patogiai laikomi ranka pasiekiamu atstumu. 40 cm plo\u010dio ir 82 cm auk\u0161\u010dio ji puikiai tinka virtuv\u0117s dizainui. Spintel\u0117 tinka 40 cm stalvir\u0161iui (neb\u016btina). Blizgios baltos\/pilkos spalvos fasadai suteikia virtuvei lengvumo ir erdvumo poj\u016bt\u012f, o metalin\u0117s tur\u0117kl\u0173 rankenos suteikia charakterio. Vis\u0105 kolekcij\u0105 sudaro atskiri elementai, kuriuos galima surinkti ir derinti atskirai arba pasirinkti i\u0161 keli\u0173 i\u0161 anksto paruo\u0161t\u0173 rinkini\u0173. Papildomos kolekcijos savyb\u0117s: reguliuojamos apatini\u0173 spinteli\u0173 kojel\u0117s, trima\u010diai reguliuojami pakabos ant vir\u0161utini\u0173 spinteli\u0173 ir auk\u0161tos kokyb\u0117s aksesuarai. \u0160i spintel\u0117, kaip ir visa \u201eTiffany\u201c bald\u0173 kolekcija, buvo kruop\u0161\u010diai suprojektuota taip, kad b\u016bt\u0173 pakankamai vietos daiktams laikyti ir ilgaam\u017e\u0117.<\/p>\n<p>Plotis 40 cm Gylis 52 cm Auk\u0161tis 82 cm Produkto svoris su pakuote 17,90 kg Gamintojo kodas \/ simbolis T-15 Kolekcijos pavadinimas TIFFANY Produkt\u0173 pakuo\u010di\u0173 skai\u010dius 2 Stilius Moderni \u012franga Surinkimo instrukcijos \/ surinkimo priedai Surinkimas Savaranki\u0161kas surinkimas Korpuso spalva Balta Korpuso apdailos med\u017eiaga \/ tipas \/ storis 16 mm baldin\u0117 plok\u0161t\u0117 Korpuso dugno apdailos med\u017eiaga \/ tipas \/ storis 16 mm baldin\u0117 plok\u0161t\u0117 Lentynos spalva Balta Lentynos apdailos med\u017eiaga \/ tipas \/ storis 16 mm baldin\u0117 plok\u0161t\u0117 Lentyn\u0173 kiekis 1 Galin\u0117s sienel\u0117s apdailos med\u017eiaga \/ tipas \/ storis 2,5 mm HDF baldin\u0117 plok\u0161t\u0117 Matomos galin\u0117s sienel\u0117s dalies spalva Balta Galimos priekin\u0117s spalvos Balta Blizgi, Pilka Blizgi Priekin\u0117s apdailos med\u017eiaga \/ tipas \/ storis 16 mm MDF baldin\u0117 plok\u0161t\u0117 Priekinis vyris \u2300 35 mm reguliuojamas trijose plok\u0161tumose Priekinis universalus atidarymas \u012f kair\u0119 \/ \u012f de\u0161in\u0119 TAIP Priekin\u0117 rankena \/ apdaila \/ spalva Metalin\u0117 \/ Sidabrin\u0117 Tyli sistema Dur\u0173 u\u017edarymas Standarti\u0161kai Kojel\u0117 \/ apdaila \/ spalva Reguliuojama \/ plastikin\u0117 \/ Juoda Kojel\u0117s auk\u0161tis 100 mm Dur\u0173 skai\u010dius 1 U\u017edar\u0173 ni\u0161\u0173 skai\u010dius 2 Galimyb\u0117 \u012fmontuoti krovinin\u0119 bald\u0173 sistem\u0105 TAIP<\/p>","protected":false},"excerpt":{"rendered":"<p>LP T15\/D40 apatin\u0117 spintel\u0117 yra i\u0161 \u201eTiffany\u201c virtuv\u0117s kolekcijos. J\u0105 sudaro dvi ni\u0161os (viena lentyna). Tai u\u017erakinama spintel\u0117, kurioje galima laikyti smulkius daiktus ir maisto produktus, kurie patogiai laikomi ranka pasiekiamu atstumu. 40 cm plo\u010dio ir 82 cm auk\u0161\u010dio spintel\u0117 puikiai tinka virtuv\u0117s dizainui. 40 cm stalvir\u0161is (neb\u016btina) tinka [\u2026]<\/p>","protected":false},"featured_media":257457,"comment_status":"open","ping_status":"open","template":"","meta":[],"product_brand":[],"product_cat":[9118,2457],"product_tag":[],"class_list":{"0":"post-257456","1":"product","2":"type-product","3":"status-publish","4":"has-post-thumbnail","6":"product_cat-kitchen-cabinets","7":"product_cat-liveo","9":"first","10":"instock","11":"purchasable","12":"product-type-simple"},"_links":{"self":[{"href":"https:\/\/baldumarket.lt\/lt\/wp-json\/wp\/v2\/product\/257456","targetHints":{"allow":["GET"]}}],"collection":[{"href":"https:\/\/baldumarket.lt\/lt\/wp-json\/wp\/v2\/product"}],"about":[{"href":"https:\/\/baldumarket.lt\/lt\/wp-json\/wp\/v2\/types\/product"}],"replies":[{"embeddable":true,"href":"https:\/\/baldumarket.lt\/lt\/wp-json\/wp\/v2\/comments?post=257456"}],"wp:featuredmedia":[{"embeddable":true,"href":"https:\/\/baldumarket.lt\/lt\/wp-json\/wp\/v2\/media\/257457"}],"wp:attachment":[{"href":"https:\/\/baldumarket.lt\/lt\/wp-json\/wp\/v2\/media?parent=257456"}],"wp:term":[{"taxonomy":"product_brand","embeddable":true,"href":"https:\/\/baldumarket.lt\/lt\/wp-json\/wp\/v2\/product_brand?post=257456"},{"taxonomy":"product_cat","embeddable":true,"href":"https:\/\/baldumarket.lt\/lt\/wp-json\/wp\/v2\/product_cat?post=257456"},{"taxonomy":"product_tag","embeddable":true,"href":"https:\/\/baldumarket.lt\/lt\/wp-json\/wp\/v2\/product_tag?post=257456"}],"curies":[{"name":"wp","href":"https:\/\/api.w.org\/{rel}","templated":true}]}}