{"id":257445,"date":"2026-01-10T22:57:05","date_gmt":"2026-01-10T19:57:05","guid":{"rendered":"https:\/\/baldumarket.lt\/product\/tiffany-t13-szafka-dolna-15-uniwersalna-lewostronna-prawostronna\/"},"modified":"2026-02-11T18:30:21","modified_gmt":"2026-02-11T15:30:21","slug":"tiffany-t13-szafka-dolna-15-uniwersalna-lewostronna-prawostronna","status":"publish","type":"product","link":"https:\/\/baldumarket.lt\/lt\/product\/tiffany-t13-szafka-dolna-15-uniwersalna-lewostronna-prawostronna\/","title":{"rendered":"TIFFANY T13 APATINIS SPINTEL\u0116 15 UNIVERSALUS KAIR\u0116\/DE\u0160IN\u0116"},"content":{"rendered":"<p>Apatin\u0117 spintel\u0117 T13\/D15 priklauso \u201eTiffany\u201c virtuv\u0117s kolekcijai. J\u0105 sudaro trys ni\u0161os (dvi lentynos). Tai atvira lentyn\u0173 sistema, puikiai tinkanti ma\u017eiems, b\u016btiniems virtuv\u0117s daiktams susid\u0117ti. 15 cm plo\u010dio ir 82 cm auk\u0161\u010dio ji puikiai tinka virtuv\u0117s interjerui kurti. Vis\u0105 kolekcij\u0105 sudaro atskiri elementai, kuriuos galite surinkti patys arba pasirinkti i\u0161 keli\u0173 jau paruo\u0161t\u0173 rinkini\u0173. Papildomos savyb\u0117s: reguliuojamos apatini\u0173 spinteli\u0173 kojel\u0117s, trima\u010diai reguliuojami vir\u0161utini\u0173 spinteli\u0173 pakabos ir auk\u0161tos kokyb\u0117s priedai. \u0160i spintel\u0117, kaip ir visa \u201eTiffany\u201c bald\u0173 kolekcija, buvo kruop\u0161\u010diai sukurta taip, kad b\u016bt\u0173 pakankamai vietos daiktams susid\u0117ti ir ilgaam\u017e\u0117.<\/p>\n<p>Plotis 15 cm Gylis 50 cm Auk\u0161tis 82 cm Produkto svoris su pakuote 10,55 kg Gamintojo kodas \/ simbolis T-13 Kolekcijos pavadinimas TIFFANY Produkto pakuo\u010di\u0173 skai\u010dius 1 Stilius Moderni \u012eranga Surinkimo instrukcijos \/ surinkimo priedai Surinkimas Savaranki\u0161kam surinkimui Korpuso med\u017eiaga \/ tipas \/ storis 16 mm baldin\u0117 plok\u0161t\u0117 Korpuso dugno med\u017eiaga \/ tipas \/ storis 16 mm baldin\u0117 plok\u0161t\u0117 Lentynos spalva Balta Lentynos med\u017eiaga \/ tipas \/ storis 16 mm baldin\u0117 plok\u0161t\u0117 Lentyn\u0173 kiekis 2 Galin\u0117s sienel\u0117s med\u017eiaga \/ tipas \/ storis 2,5 mm HDF baldin\u0117 plok\u0161t\u0117 Matoma galin\u0117s sienel\u0117s dalis Balta Kojel\u0117 \/ med\u017eiaga \/ spalva Reguliuojama \/ plastikin\u0117 \/ juoda Kojel\u0117s auk\u0161tis 100 mm Atvir\u0173 ni\u0161\u0173 skai\u010dius 3<\/p>","protected":false},"excerpt":{"rendered":"<p>T13\/D15 apatin\u0117 spintel\u0117 yra i\u0161 \u201eTiffany\u201c virtuv\u0117s kolekcijos. J\u0105 sudaro trys ni\u0161os (dvi lentynos). Tai atvira lentyn\u0173 sistema, puikiai tinkanti ma\u017eiems, b\u016btiniems virtuv\u0117s daiktams. 15 cm plo\u010dio ir 82 cm auk\u0161\u010dio ji puikiai tinka virtuv\u0117s interjerui kurti. Vis\u0105 kolekcij\u0105 sudaro atskiri elementai, kuriuos galite surinkti patys, [\u2026]<\/p>","protected":false},"featured_media":257446,"comment_status":"open","ping_status":"open","template":"","meta":[],"product_brand":[],"product_cat":[9118,2457],"product_tag":[],"class_list":{"0":"post-257445","1":"product","2":"type-product","3":"status-publish","4":"has-post-thumbnail","6":"product_cat-kitchen-cabinets","7":"product_cat-liveo","9":"first","10":"instock","11":"purchasable","12":"product-type-simple"},"_links":{"self":[{"href":"https:\/\/baldumarket.lt\/lt\/wp-json\/wp\/v2\/product\/257445","targetHints":{"allow":["GET"]}}],"collection":[{"href":"https:\/\/baldumarket.lt\/lt\/wp-json\/wp\/v2\/product"}],"about":[{"href":"https:\/\/baldumarket.lt\/lt\/wp-json\/wp\/v2\/types\/product"}],"replies":[{"embeddable":true,"href":"https:\/\/baldumarket.lt\/lt\/wp-json\/wp\/v2\/comments?post=257445"}],"wp:featuredmedia":[{"embeddable":true,"href":"https:\/\/baldumarket.lt\/lt\/wp-json\/wp\/v2\/media\/257446"}],"wp:attachment":[{"href":"https:\/\/baldumarket.lt\/lt\/wp-json\/wp\/v2\/media?parent=257445"}],"wp:term":[{"taxonomy":"product_brand","embeddable":true,"href":"https:\/\/baldumarket.lt\/lt\/wp-json\/wp\/v2\/product_brand?post=257445"},{"taxonomy":"product_cat","embeddable":true,"href":"https:\/\/baldumarket.lt\/lt\/wp-json\/wp\/v2\/product_cat?post=257445"},{"taxonomy":"product_tag","embeddable":true,"href":"https:\/\/baldumarket.lt\/lt\/wp-json\/wp\/v2\/product_tag?post=257445"}],"curies":[{"name":"wp","href":"https:\/\/api.w.org\/{rel}","templated":true}]}}