{"id":257436,"date":"2026-01-10T22:56:58","date_gmt":"2026-01-10T19:56:58","guid":{"rendered":"https:\/\/baldumarket.lt\/product\/tiffany-t11-szafka-gorna-80\/"},"modified":"2026-02-11T18:30:22","modified_gmt":"2026-02-11T15:30:22","slug":"tiffany-t11-szafka-gorna-80","status":"publish","type":"product","link":"https:\/\/baldumarket.lt\/lt\/product\/tiffany-t11-szafka-gorna-80\/","title":{"rendered":"TIFFANY T11 VIR\u0160UTIN\u0116 SPINTEL\u0116 80"},"content":{"rendered":"<p>Vir\u0161utin\u0117 spintel\u0117 LP T11\/G80 priklauso \u201eTiffany\u201c virtuv\u0117s kolekcijai. J\u0105 sudaro trys ni\u0161os (dvi lentynos). Tai u\u017erakinama, dvigubo fasado spintel\u0117, puikiai tinkanti laikyti indus ir maisto produktus lengvai pasiekiamu atstumu. 80 cm plo\u010dio ir 72 cm auk\u0161\u010dio ji puikiai tinka bet kokiam virtuv\u0117s dizainui. Blizgios baltos\/pilkos spalvos fasadai suteikia virtuvei lengvumo ir erdvumo poj\u016bt\u012f, o metalin\u0117s tur\u0117kl\u0173 rankenos suteikia charakterio. Vis\u0105 kolekcij\u0105 sudaro atskiri elementai, kuriuos galima surinkti ir derinti atskirai arba galite rinktis i\u0161 keli\u0173 jau paruo\u0161t\u0173 rinkini\u0173. Papildomos kolekcijos savyb\u0117s: reguliuojamos apatini\u0173 spinteli\u0173 kojel\u0117s, trima\u010diai reguliuojami vir\u0161utini\u0173 spinteli\u0173 pakabos ir auk\u0161tos kokyb\u0117s aksesuarai. \u0160i spintel\u0117, kaip ir visa \u201eTiffany\u201c bald\u0173 kolekcija, buvo kruop\u0161\u010diai sukurta taip, kad b\u016bt\u0173 pakankamai vietos daiktams laikyti ir ilgaam\u017e\u0117.<\/p>\n<p>Plotis 80 cm Gylis 30 cm Auk\u0161tis 72 cm Produkto svoris su pakuote 22,90 kg Gamintojo kodas \/ simbolis T-11 Kolekcijos pavadinimas Tiffany Produkt\u0173 pakuo\u010di\u0173 skai\u010dius 2 Stilius Modernus \u012eranga Surinkimo instrukcijos \/ surinkimo priedai Surinkimas Savaranki\u0161kam surinkimui Korpuso spalva Balta Korpuso apdailos med\u017eiaga \/ tipas \/ storis 16 mm baldin\u0117 plok\u0161t\u0117 Korpuso vir\u0161utin\u0117s dalies apdaila \/ med\u017eiaga \/ tipas \/ storis 16 mm baldin\u0117 plok\u0161t\u0117 Korpuso apatin\u0117s dalies apdaila \/ med\u017eiaga \/ tipas \/ storis 16 mm baldin\u0117 plok\u0161t\u0117 Lentynos spalva Balta Lentynos apdailos med\u017eiaga \/ tipas \/ storis 16 mm baldin\u0117 plok\u0161t\u0117 Lentyn\u0173 kiekis 2 Galin\u0117s sienel\u0117s apdailos med\u017eiaga \/ tipas \/ storis 2,5 mm HDF baldin\u0117 plok\u0161t\u0117 Matoma galin\u0117s sienel\u0117s dalis Balta Galimos priekin\u0117s spalvos Balta Blizgi, Pilka Blizgi Priekin\u0117s apdailos med\u017eiaga \/ tipas \/ storis 16 mm MDF baldin\u0117 plok\u0161t\u0117 Priekinis vyris \u2300 35 mm reguliuojamas trijose plok\u0161tumose Priekin\u0117 rankena \/ apdaila \/ spalva Metalin\u0117 \/ Sidabrin\u0117 \u0160velnaus u\u017edarymo dur\u0173 sistema Standartin\u0117 Dur\u0173 skai\u010dius 2 U\u017edar\u0173 ni\u0161\u0173 skai\u010dius 3 Korpuso \u012franga Reguliuojami bald\u0173 pakabos<\/p>","protected":false},"excerpt":{"rendered":"<p>Vir\u0161utin\u0117 spintel\u0117 LP T11\/G80 yra i\u0161 \u201eTiffany\u201c virtuv\u0117s kolekcijos. J\u0105 sudaro trys ni\u0161os (dvi lentynos). Tai rakinama, dvigubo fasado spintel\u0117, puikiai tinkanti laikyti indus ir maisto produktus lengvai pasiekiamu atstumu. 80 cm plo\u010dio ir 72 cm auk\u0161\u010dio, tod\u0117l ji puikiai tinka bet kokiam virtuv\u0117s dizainui. Blizg\u016bs balti\/pilki fasadai suteikia virtuvei [\u2026]<\/p>","protected":false},"featured_media":257437,"comment_status":"open","ping_status":"open","template":"","meta":[],"product_brand":[],"product_cat":[9118,2457],"product_tag":[],"class_list":{"0":"post-257436","1":"product","2":"type-product","3":"status-publish","4":"has-post-thumbnail","6":"product_cat-kitchen-cabinets","7":"product_cat-liveo","9":"first","10":"instock","11":"purchasable","12":"product-type-simple"},"_links":{"self":[{"href":"https:\/\/baldumarket.lt\/lt\/wp-json\/wp\/v2\/product\/257436","targetHints":{"allow":["GET"]}}],"collection":[{"href":"https:\/\/baldumarket.lt\/lt\/wp-json\/wp\/v2\/product"}],"about":[{"href":"https:\/\/baldumarket.lt\/lt\/wp-json\/wp\/v2\/types\/product"}],"replies":[{"embeddable":true,"href":"https:\/\/baldumarket.lt\/lt\/wp-json\/wp\/v2\/comments?post=257436"}],"wp:featuredmedia":[{"embeddable":true,"href":"https:\/\/baldumarket.lt\/lt\/wp-json\/wp\/v2\/media\/257437"}],"wp:attachment":[{"href":"https:\/\/baldumarket.lt\/lt\/wp-json\/wp\/v2\/media?parent=257436"}],"wp:term":[{"taxonomy":"product_brand","embeddable":true,"href":"https:\/\/baldumarket.lt\/lt\/wp-json\/wp\/v2\/product_brand?post=257436"},{"taxonomy":"product_cat","embeddable":true,"href":"https:\/\/baldumarket.lt\/lt\/wp-json\/wp\/v2\/product_cat?post=257436"},{"taxonomy":"product_tag","embeddable":true,"href":"https:\/\/baldumarket.lt\/lt\/wp-json\/wp\/v2\/product_tag?post=257436"}],"curies":[{"name":"wp","href":"https:\/\/api.w.org\/{rel}","templated":true}]}}