{"id":257430,"date":"2026-01-10T22:56:53","date_gmt":"2026-01-10T19:56:53","guid":{"rendered":"https:\/\/baldumarket.lt\/product\/tiffany-t09-szafka-gorna-60-witryna\/"},"modified":"2026-02-11T18:30:22","modified_gmt":"2026-02-11T15:30:22","slug":"tiffany-t09-szafka-gorna-60-witryna","status":"publish","type":"product","link":"https:\/\/baldumarket.lt\/lt\/product\/tiffany-t09-szafka-gorna-60-witryna\/","title":{"rendered":"TIFFANY T09 VIR\u0160UTIN\u0116 SPINTEL\u0116 60 VITRIN\u0116 SPINTEL\u0116"},"content":{"rendered":"<p>Vir\u0161utin\u0117 spintel\u0117 T9\/G60W i\u0161 \u201eTiffany\u201c virtuv\u0117s kolekcijos. Tai dviej\u0173 auk\u0161t\u0173 vitrina, kuri atsidaro \u012f vir\u0161\u0173 dujini\u0173 keltuv\u0173 (50 N) d\u0117ka. Apatin\u0117 priekin\u0117 dalis padengta dekoratyviniu stiklu. Puikiai tinka prieskoniams ir smulkiems virtuv\u0117s reikmenims laikyti, 60 cm plo\u010dio ir 72 cm auk\u0161\u010dio spintel\u0117 puikiai tinka virtuv\u0117s interjerui kurti. Spintelei T9 galima \u012fsigyti metalin\u0119 d\u017eiovykl\u0119 su plastikiniu stovu. Blizgi balta\/pilka priekin\u0117 dalis suteikia virtuvei lengvumo ir erdv\u0117s poj\u016bt\u012f, o metalin\u0117s tur\u0117kl\u0173 rankenos suteikia charakterio. Vis\u0105 kolekcij\u0105 sudaro atskiri elementai, kuriuos galima surinkti ir derinti atskirai arba pasirinkti i\u0161 keli\u0173 paruo\u0161t\u0173 rinkini\u0173. Papildomos kolekcijos savyb\u0117s: reguliuojamos apatini\u0173 spinteli\u0173 kojel\u0117s, trima\u010diai reguliuojami vir\u0161utini\u0173 spinteli\u0173 pakabos ir auk\u0161tos kokyb\u0117s aksesuarai. \u0160i spintel\u0117, kaip ir visa \u201eTiffany\u201c bald\u0173 kolekcija, buvo kruop\u0161\u010diai suprojektuota taip, kad b\u016bt\u0173 pakankamai vietos daiktams laikyti ir ilgaam\u017e\u0117.<\/p>\n<p>Plotis 60 cm Gylis 30 cm Auk\u0161tis 72 cm Produkto svoris su pakuote 17,55 kg Gamintojo kodas \/ simbolis T-9 Kolekcijos pavadinimas Tiffany Produkt\u0173 pakuo\u010di\u0173 skai\u010dius 2 Stilius Modernus \u012eranga Surinkimo instrukcijos \/ surinkimo priedai Surinkimas Savaranki\u0161kam surinkimui Korpuso spalva Balta Korpuso apdailos med\u017eiaga \/ tipas \/ storis 16 mm baldin\u0117 plok\u0161t\u0117 Korpuso vir\u0161utin\u0117s dalies apdaila \/ med\u017eiaga \/ tipas \/ storis 16 mm baldin\u0117 plok\u0161t\u0117 Korpuso apatin\u0117s dalies apdaila \/ med\u017eiaga \/ tipas \/ storis 16 mm baldin\u0117 plok\u0161t\u0117 Lentynos spalva Balta Lentynos apdailos med\u017eiaga \/ tipas \/ storis 16 mm baldin\u0117 plok\u0161t\u0117 Lentynos tipo apdailos kiekis 1 Galin\u0117s sienel\u0117s apdailos med\u017eiaga \/ tipas \/ storis 2,5 mm HDF baldin\u0117 plok\u0161t\u0117 Matoma galin\u0117s sienel\u0117s dalis Balta Galimos priekin\u0117s spalvos Balta blizgi, Pilka blizgi Priekin\u0117s apdailos med\u017eiaga \/ tipas \/ storis 16 mm MDF baldin\u0117 plok\u0161t\u0117 Priekinis vyris Dujinis liftas Priekin\u0117 rankena \/ apdaila \/ spalva Metalin\u0117 \/ Sidabrin\u0117 Glaz\u016bruota priekin\u0117 apdaila \/ stiklo spalvos Gr\u016bdintas \/ bespalvis Glaz\u016bruoto priekinio stiklo storis 4 mm Dur\u0173 skai\u010dius 2 U\u017edar\u0173 ni\u0161\u0173 skai\u010dius 2 Korpuso \u012franga Reguliuojami bald\u0173 pakabos<\/p>","protected":false},"excerpt":{"rendered":"<p>Vir\u0161utin\u0117 spintel\u0117 T9\/G60W yra i\u0161 \u201eTiffany\u201c virtuv\u0117s kolekcijos. Tai dviej\u0173 auk\u0161t\u0173 vitrina, kuri atsidaro \u012f vir\u0161\u0173 dujini\u0173 keltuv\u0173 (50 N) d\u0117ka. Apatin\u0117 priekin\u0117 dalis apdailinta dekoratyviniu stiklu. Puikiai tinka prieskoniams ir smulkiems virtuv\u0117s reikmenims laikyti, 60 cm plo\u010dio ir 72 cm auk\u0161\u010dio spintel\u0117 puikiai tinka virtuv\u0117s dizainui [\u2026]<\/p>","protected":false},"featured_media":252960,"comment_status":"open","ping_status":"open","template":"","meta":[],"product_brand":[],"product_cat":[9118,2457],"product_tag":[],"class_list":{"0":"post-257430","1":"product","2":"type-product","3":"status-publish","4":"has-post-thumbnail","6":"product_cat-kitchen-cabinets","7":"product_cat-liveo","9":"first","10":"instock","11":"purchasable","12":"product-type-simple"},"_links":{"self":[{"href":"https:\/\/baldumarket.lt\/lt\/wp-json\/wp\/v2\/product\/257430","targetHints":{"allow":["GET"]}}],"collection":[{"href":"https:\/\/baldumarket.lt\/lt\/wp-json\/wp\/v2\/product"}],"about":[{"href":"https:\/\/baldumarket.lt\/lt\/wp-json\/wp\/v2\/types\/product"}],"replies":[{"embeddable":true,"href":"https:\/\/baldumarket.lt\/lt\/wp-json\/wp\/v2\/comments?post=257430"}],"wp:featuredmedia":[{"embeddable":true,"href":"https:\/\/baldumarket.lt\/lt\/wp-json\/wp\/v2\/media\/252960"}],"wp:attachment":[{"href":"https:\/\/baldumarket.lt\/lt\/wp-json\/wp\/v2\/media?parent=257430"}],"wp:term":[{"taxonomy":"product_brand","embeddable":true,"href":"https:\/\/baldumarket.lt\/lt\/wp-json\/wp\/v2\/product_brand?post=257430"},{"taxonomy":"product_cat","embeddable":true,"href":"https:\/\/baldumarket.lt\/lt\/wp-json\/wp\/v2\/product_cat?post=257430"},{"taxonomy":"product_tag","embeddable":true,"href":"https:\/\/baldumarket.lt\/lt\/wp-json\/wp\/v2\/product_tag?post=257430"}],"curies":[{"name":"wp","href":"https:\/\/api.w.org\/{rel}","templated":true}]}}