{"id":257418,"date":"2026-01-10T22:56:45","date_gmt":"2026-01-10T19:56:45","guid":{"rendered":"https:\/\/baldumarket.lt\/product\/tiffany-t06-szafka-gorna-50-okap\/"},"modified":"2026-02-11T18:30:22","modified_gmt":"2026-02-11T15:30:22","slug":"tiffany-t06-szafka-gorna-50-okap","status":"publish","type":"product","link":"https:\/\/baldumarket.lt\/lt\/product\/tiffany-t06-szafka-gorna-50-okap\/","title":{"rendered":"TIFFANY T06 VIR\u0160UTIN\u0116 SPINTEL\u0116 50 GAUBTU"},"content":{"rendered":"<p>Vir\u0161utin\u0117 spintel\u0117 T6\/G50O priklauso \u201eTiffany\u201c virtuv\u0117s kolekcijai. Tai vien\u0173 dur\u0173, rakinamas gaubtas, kuris atsidaro \u012f vir\u0161\u0173 dujini\u0173 spyruokli\u0173 (50 N) d\u0117ka. Joje patogiai susid\u0117ti b\u016btiniausius virtuv\u0117s reikmenis. 50 cm plo\u010dio ir 36 cm auk\u0161\u010dio spintel\u0117 puikiai tinka bet kokiam virtuv\u0117s dizainui. Blizgi balta\/pilka fasadin\u0117 dalis suteikia virtuvei lengvumo ir erdvumo poj\u016bt\u012f, o metalin\u0117s tur\u0117kl\u0173 rankenos suteikia charakterio. Vis\u0105 kolekcij\u0105 sudaro atskiri elementai, kuriuos galima surinkti ir derinti atskirai arba galite rinktis i\u0161 keli\u0173 jau paruo\u0161t\u0173 rinkini\u0173. Papildomos kolekcijos savyb\u0117s: reguliuojamos apatini\u0173 spinteli\u0173 kojel\u0117s, trima\u010diai reguliuojami vir\u0161utini\u0173 spinteli\u0173 pakabos ir auk\u0161tos kokyb\u0117s aksesuarai. \u0160i spintel\u0117, kaip ir visa \u201eTiffany\u201c bald\u0173 kolekcija, buvo kruop\u0161\u010diai sukurta taip, kad b\u016bt\u0173 pakankamai vietos daiktams susid\u0117ti ir ilgaam\u017e\u0117.<\/p>\n<p>Plotis 50 cm Gylis 30 cm Auk\u0161tis 36 cm Produkto svoris su pakuote 8,70 kg Gamintojo kodas \/ simbolis T-6 Kolekcijos pavadinimas Tiffany Produkto pakuo\u010di\u0173 skai\u010dius 2 Stilius Modernus \u012eranga Surinkimo instrukcijos \/ surinkimo priedai Surinkimas Savaranki\u0161kam surinkimui Korpuso spalva Balta Korpuso apdailos med\u017eiaga \/ tipas \/ storis 16 mm bald\u0173 plok\u0161t\u0117 Vir\u0161utin\u0117 korpuso plok\u0161t\u0117 apdaila \/ med\u017eiaga \/ tipas \/ storis 16 mm bald\u0173 plok\u0161t\u0117 Apatin\u0117 korpuso plok\u0161t\u0117 apdaila \/ med\u017eiaga \/ tipas \/ storis 16 mm bald\u0173 plok\u0161t\u0117 Galin\u0117s sienel\u0117s apdailos med\u017eiaga \/ tipas \/ storis 2,5 mm HDF bald\u0173 plok\u0161t\u0117 Matomos galin\u0117s sienel\u0117s dalies spalva Balta Galimos priekin\u0117s spalvos Blizgi balta, blizgi pilka Priekin\u0117s apdailos med\u017eiaga \/ tipas \/ storis 16 mm MDF bald\u0173 plok\u0161t\u0117 Priekinis vyris Dujinis keltuvas Priekin\u0117 rankena \/ apdaila \/ spalva Metalin\u0117 \/ Sidabrin\u0117 Dur\u0173 skai\u010dius 1 U\u017edar\u0173 ni\u0161\u0173 skai\u010dius 1 Korpuso \u012franga Reguliuojami bald\u0173 pakabos<\/p>","protected":false},"excerpt":{"rendered":"<p>Vir\u0161utin\u0117 spintel\u0117 T6\/G50O yra i\u0161 \u201eTiffany\u201c virtuv\u0117s kolekcijos. Tai vien\u0173 dur\u0173, rakinamas gaubtas, kuris atsidaro \u012f vir\u0161\u0173 dujini\u0173 spyruokli\u0173 (50 N) d\u0117ka. Joje patogu laikyti svarbiausius virtuv\u0117s reikmenis. 50 cm plo\u010dio ir 36 cm auk\u0161\u010dio spintel\u0117 puikiai tinka bet kokiam virtuv\u0117s dizainui. Blizgus baltas\/pilkas fasadas suteikia virtuvei [\u2026]<\/p>","protected":false},"featured_media":252898,"comment_status":"open","ping_status":"open","template":"","meta":[],"product_brand":[],"product_cat":[9118,2457],"product_tag":[],"class_list":{"0":"post-257418","1":"product","2":"type-product","3":"status-publish","4":"has-post-thumbnail","6":"product_cat-kitchen-cabinets","7":"product_cat-liveo","9":"first","10":"instock","11":"purchasable","12":"product-type-simple"},"_links":{"self":[{"href":"https:\/\/baldumarket.lt\/lt\/wp-json\/wp\/v2\/product\/257418","targetHints":{"allow":["GET"]}}],"collection":[{"href":"https:\/\/baldumarket.lt\/lt\/wp-json\/wp\/v2\/product"}],"about":[{"href":"https:\/\/baldumarket.lt\/lt\/wp-json\/wp\/v2\/types\/product"}],"replies":[{"embeddable":true,"href":"https:\/\/baldumarket.lt\/lt\/wp-json\/wp\/v2\/comments?post=257418"}],"wp:featuredmedia":[{"embeddable":true,"href":"https:\/\/baldumarket.lt\/lt\/wp-json\/wp\/v2\/media\/252898"}],"wp:attachment":[{"href":"https:\/\/baldumarket.lt\/lt\/wp-json\/wp\/v2\/media?parent=257418"}],"wp:term":[{"taxonomy":"product_brand","embeddable":true,"href":"https:\/\/baldumarket.lt\/lt\/wp-json\/wp\/v2\/product_brand?post=257418"},{"taxonomy":"product_cat","embeddable":true,"href":"https:\/\/baldumarket.lt\/lt\/wp-json\/wp\/v2\/product_cat?post=257418"},{"taxonomy":"product_tag","embeddable":true,"href":"https:\/\/baldumarket.lt\/lt\/wp-json\/wp\/v2\/product_tag?post=257418"}],"curies":[{"name":"wp","href":"https:\/\/api.w.org\/{rel}","templated":true}]}}