{"id":257394,"date":"2026-01-10T22:56:29","date_gmt":"2026-01-10T19:56:29","guid":{"rendered":"https:\/\/baldumarket.lt\/product\/tiffany-t01-szafka-gorna-15-uniwersalna-lewostronna-prawostronna\/"},"modified":"2026-02-11T18:30:23","modified_gmt":"2026-02-11T15:30:23","slug":"tiffany-t01-szafka-gorna-15-uniwersalna-lewostronna-prawostronna","status":"publish","type":"product","link":"https:\/\/baldumarket.lt\/lt\/product\/tiffany-t01-szafka-gorna-15-uniwersalna-lewostronna-prawostronna\/","title":{"rendered":"TIFFANY T01 VIR\u0160UTIN\u0116 SPINTEL\u0116 15 UNIVERSAL KAIR\u0116\/DE\u0160IN\u0116"},"content":{"rendered":"<p>Vir\u0161utin\u0117 spintel\u0117 LPT1\/G15 yra i\u0161 \u201eTiffany\u201c virtuv\u0117s kolekcijos. J\u0105 sudaro trys ni\u0161os (dvi lentynos). Tai atvira lentyn\u0173 sistema, puikiai tinkanti prieskoniams ir smulkiems virtuv\u0117s reikmenims laikyti. 15 cm plo\u010dio ir 72 cm auk\u0161\u010dio ji puikiai tinka virtuv\u0117s interjerui kurti. Vis\u0105 kolekcij\u0105 sudaro atskiri elementai, kuriuos galite surinkti patys arba pasirinkti i\u0161 keli\u0173 jau paruo\u0161t\u0173 rinkini\u0173. Papildomos kolekcijos savyb\u0117s: reguliuojamos apatini\u0173 spinteli\u0173 kojel\u0117s, trima\u010diai reguliuojami vir\u0161utini\u0173 spinteli\u0173 pakabos ir auk\u0161tos kokyb\u0117s aksesuarai. Spintel\u0117, kaip ir visa \u201eTiffany\u201c bald\u0173 kolekcija, buvo kruop\u0161\u010diai suprojektuota taip, kad b\u016bt\u0173 pakankamai vietos daiktams susid\u0117ti ir ilgaam\u017e\u0117.<\/p>\n<p>Plotis 15 cm Gylis 28 cm Auk\u0161tis 72 cm Produkto svoris su pakuote 6,45 kg Gamintojo kodas \/ simbolis T-1 Kolekcijos pavadinimas Tiffany Produkto pakuo\u010di\u0173 skai\u010dius 1 Stilius Modernus \u012eranga Surinkimo instrukcijos \/ surinkimo priedai Surinkimas Savaranki\u0161kam surinkimui Korpuso spalva Balta Korpuso apdailos med\u017eiaga \/ tipas \/ storis 16 mm baldin\u0117 plok\u0161t\u0117 Korpuso vir\u0161utin\u0117s dalies apdaila \/ med\u017eiaga \/ tipas \/ storis 16 mm baldin\u0117 plok\u0161t\u0117 Korpuso apatin\u0117s dalies apdaila \/ med\u017eiaga \/ tipas \/ storis 16 mm baldin\u0117 plok\u0161t\u0117 Lentynos spalva Balta Lentynos apdailos med\u017eiaga \/ tipas \/ storis 16 mm baldin\u0117 plok\u0161t\u0117 Lentyn\u0173 kiekis 2 Galin\u0117s sienel\u0117s apdailos med\u017eiaga \/ tipas \/ storis 2,5 mm HDF baldin\u0117 plok\u0161t\u0117 Matomos galin\u0117s sienel\u0117s dalies spalva Balta Atvir\u0173 ni\u0161\u0173 skai\u010dius 3 Korpuso \u012franga Reguliuojami bald\u0173 pakabos<\/p>","protected":false},"excerpt":{"rendered":"<p>Vir\u0161utin\u0117 spintel\u0117 LPT1\/G15 yra i\u0161 \u201eTiffany\u201c virtuv\u0117s kolekcijos. J\u0105 sudaro trys ni\u0161os (dvi lentynos). Tai atvira lentyn\u0173 sistema, puikiai tinkanti prieskoniams ir smulkiems virtuv\u0117s reikmenims. 15 cm plo\u010dio ir 72 cm auk\u0161\u010dio, ji puikiai tinka virtuv\u0117s interjerui kurti. Vis\u0105 kolekcij\u0105 sudaro atskiri elementai, kuriuos galite surinkti [\u2026]<\/p>","protected":false},"featured_media":257395,"comment_status":"open","ping_status":"open","template":"","meta":[],"product_brand":[],"product_cat":[9118,2457],"product_tag":[],"class_list":{"0":"post-257394","1":"product","2":"type-product","3":"status-publish","4":"has-post-thumbnail","6":"product_cat-kitchen-cabinets","7":"product_cat-liveo","9":"first","10":"instock","11":"purchasable","12":"product-type-simple"},"_links":{"self":[{"href":"https:\/\/baldumarket.lt\/lt\/wp-json\/wp\/v2\/product\/257394","targetHints":{"allow":["GET"]}}],"collection":[{"href":"https:\/\/baldumarket.lt\/lt\/wp-json\/wp\/v2\/product"}],"about":[{"href":"https:\/\/baldumarket.lt\/lt\/wp-json\/wp\/v2\/types\/product"}],"replies":[{"embeddable":true,"href":"https:\/\/baldumarket.lt\/lt\/wp-json\/wp\/v2\/comments?post=257394"}],"wp:featuredmedia":[{"embeddable":true,"href":"https:\/\/baldumarket.lt\/lt\/wp-json\/wp\/v2\/media\/257395"}],"wp:attachment":[{"href":"https:\/\/baldumarket.lt\/lt\/wp-json\/wp\/v2\/media?parent=257394"}],"wp:term":[{"taxonomy":"product_brand","embeddable":true,"href":"https:\/\/baldumarket.lt\/lt\/wp-json\/wp\/v2\/product_brand?post=257394"},{"taxonomy":"product_cat","embeddable":true,"href":"https:\/\/baldumarket.lt\/lt\/wp-json\/wp\/v2\/product_cat?post=257394"},{"taxonomy":"product_tag","embeddable":true,"href":"https:\/\/baldumarket.lt\/lt\/wp-json\/wp\/v2\/product_tag?post=257394"}],"curies":[{"name":"wp","href":"https:\/\/api.w.org\/{rel}","templated":true}]}}