{"id":257392,"date":"2026-01-10T22:56:25","date_gmt":"2026-01-10T19:56:25","guid":{"rendered":"https:\/\/baldumarket.lt\/product\/texas-04-komoda-orzech-selekt\/"},"modified":"2026-02-11T18:30:23","modified_gmt":"2026-02-11T15:30:23","slug":"texas-04-komoda-orzech-selekt","status":"publish","type":"product","link":"https:\/\/baldumarket.lt\/lt\/product\/texas-04-komoda-orzech-selekt\/","title":{"rendered":"\u201eTEXAS 04\u201c komoda su stal\u010diais, pasirinkta rie\u0161utmed\u017eio spalva"},"content":{"rendered":"<p>Komoda \u201eTexas 04\u201c \u2013 tai prakti\u0161kas ir stilingas sprendimas, kuris puikiai atrodys j\u016bs\u0173 koridoriuje, svetain\u0117je ar miegamajame. D\u0117l funkcionali\u0173 stal\u010di\u0173 ji suteikia daug vietos b\u016btiniausiems daiktams susid\u0117ti. Komoda \u201eTexas 04\u201c taps ne tik prakti\u0161ku baldu, bet ir dekoratyviniu elementu j\u016bs\u0173 kambaryje, suteiksian\u010diu jam unikal\u0173 charakter\u012f ir stili\u0173.<\/p>\n<p>Plotis 92 cm Gylis 34,1 cm Auk\u0161tis 85,3 cm Gaminio svoris su pakuote 32 kg Stilius Modernus \u012eranga Surinkimo instrukcijos \/ surinkimo priedai Surinkimas Savaranki\u0161kam surinkimui Korpuso spalva Rie\u0161utmed\u017eio \u201eSelekt\u201c Lentyn\u0173 skai\u010dius 2 Priekin\u0117s dalies spalva Rie\u0161utmed\u017eio \u201eSelekt\u201c Dureli\u0173 skai\u010dius 2 Stal\u010di\u0173 skai\u010dius 2<\/p>","protected":false},"excerpt":{"rendered":"<p>Komoda \u201eTexas 04\u201c \u2013 prakti\u0161kas ir stilingas sprendimas, kuris puikiai atrodys j\u016bs\u0173 koridoriuje, svetain\u0117je ar miegamajame. D\u0117l funkcionali\u0173 stal\u010di\u0173 ji suteikia daug vietos b\u016btiniausiems daiktams susid\u0117ti. Komoda \u201eTexas 04\u201c taps ne tik prakti\u0161ku baldu, bet ir dekoratyviu [\u2026]<\/p>","protected":false},"featured_media":252764,"comment_status":"open","ping_status":"open","template":"","meta":[],"product_brand":[],"product_cat":[1173,2457],"product_tag":[],"class_list":{"0":"post-257392","1":"product","2":"type-product","3":"status-publish","4":"has-post-thumbnail","6":"product_cat-chests-of-drawers","7":"product_cat-liveo","9":"first","10":"instock","11":"purchasable","12":"product-type-simple"},"_links":{"self":[{"href":"https:\/\/baldumarket.lt\/lt\/wp-json\/wp\/v2\/product\/257392","targetHints":{"allow":["GET"]}}],"collection":[{"href":"https:\/\/baldumarket.lt\/lt\/wp-json\/wp\/v2\/product"}],"about":[{"href":"https:\/\/baldumarket.lt\/lt\/wp-json\/wp\/v2\/types\/product"}],"replies":[{"embeddable":true,"href":"https:\/\/baldumarket.lt\/lt\/wp-json\/wp\/v2\/comments?post=257392"}],"wp:featuredmedia":[{"embeddable":true,"href":"https:\/\/baldumarket.lt\/lt\/wp-json\/wp\/v2\/media\/252764"}],"wp:attachment":[{"href":"https:\/\/baldumarket.lt\/lt\/wp-json\/wp\/v2\/media?parent=257392"}],"wp:term":[{"taxonomy":"product_brand","embeddable":true,"href":"https:\/\/baldumarket.lt\/lt\/wp-json\/wp\/v2\/product_brand?post=257392"},{"taxonomy":"product_cat","embeddable":true,"href":"https:\/\/baldumarket.lt\/lt\/wp-json\/wp\/v2\/product_cat?post=257392"},{"taxonomy":"product_tag","embeddable":true,"href":"https:\/\/baldumarket.lt\/lt\/wp-json\/wp\/v2\/product_tag?post=257392"}],"curies":[{"name":"wp","href":"https:\/\/api.w.org\/{rel}","templated":true}]}}