{"id":257388,"date":"2026-01-10T22:56:15","date_gmt":"2026-01-10T19:56:15","guid":{"rendered":"https:\/\/baldumarket.lt\/product\/tes-ts10-rtv\/"},"modified":"2026-02-11T18:30:23","modified_gmt":"2026-02-11T15:30:23","slug":"tes-ts10-rtv","status":"publish","type":"product","link":"https:\/\/baldumarket.lt\/lt\/product\/tes-ts10-rtv\/","title":{"rendered":"TES TS10 RTV"},"content":{"rendered":"<p>\u201eTES-TS10\u201c kolekcija \u2013 tai unikalus \u201eLiveo Meble\u201c baldas, puikiai tinkantis j\u016bs\u0173 svetainei ar poilsio kambariui. \u0160is baldas \u017eavi moderniu dizainu ir dideliu funkcionalumu. \u201eTES-TS10\u201c pasi\u017eymi tvirta konstrukcija ir kruop\u0161\u010diu meistri\u0161kumu, u\u017etikrinan\u010diu ilgalaik\u012f naudojim\u0105.<\/p>\n<p>Plotis 117,5 cm Gylis 50 cm Auk\u0161tis 47 cm Gaminio svoris su pakuote 41,05 kg Stilius Modernus \u012eranga Surinkimo instrukcijos \/ surinkimo priedai Surinkimas Savaranki\u0161kam surinkimui Korpuso spalva Matin\u0117 guobos spalva Priekin\u0117 spalva Matin\u0117 guobos<\/p>","protected":false},"excerpt":{"rendered":"<p>\u201eTES-TS10\u201c kolekcija \u2013 tai unikalus \u201eLiveo Meble\u201c gaminys, puikiai tinkantis j\u016bs\u0173 svetainei ar poilsio kambariui. \u0160is baldas \u017eavi moderniu dizainu ir dideliu funkcionalumu. \u201eTES-TS10\u201c pasi\u017eymi tvirta konstrukcija ir kruop\u0161\u010diu meistri\u0161kumu, u\u017etikrinan\u010diu ilgalaik\u012f naudojim\u0105. Plotis 117,5 cm Gylis 50 cm Auk\u0161tis 47 cm Gaminio svoris su pakuote 41,05 [\u2026]<\/p>","protected":false},"featured_media":252768,"comment_status":"open","ping_status":"open","template":"","meta":[],"product_brand":[],"product_cat":[2457,1175],"product_tag":[],"class_list":{"0":"post-257388","1":"product","2":"type-product","3":"status-publish","4":"has-post-thumbnail","6":"product_cat-liveo","7":"product_cat-tv-stands","9":"first","10":"instock","11":"purchasable","12":"product-type-simple"},"_links":{"self":[{"href":"https:\/\/baldumarket.lt\/lt\/wp-json\/wp\/v2\/product\/257388","targetHints":{"allow":["GET"]}}],"collection":[{"href":"https:\/\/baldumarket.lt\/lt\/wp-json\/wp\/v2\/product"}],"about":[{"href":"https:\/\/baldumarket.lt\/lt\/wp-json\/wp\/v2\/types\/product"}],"replies":[{"embeddable":true,"href":"https:\/\/baldumarket.lt\/lt\/wp-json\/wp\/v2\/comments?post=257388"}],"wp:featuredmedia":[{"embeddable":true,"href":"https:\/\/baldumarket.lt\/lt\/wp-json\/wp\/v2\/media\/252768"}],"wp:attachment":[{"href":"https:\/\/baldumarket.lt\/lt\/wp-json\/wp\/v2\/media?parent=257388"}],"wp:term":[{"taxonomy":"product_brand","embeddable":true,"href":"https:\/\/baldumarket.lt\/lt\/wp-json\/wp\/v2\/product_brand?post=257388"},{"taxonomy":"product_cat","embeddable":true,"href":"https:\/\/baldumarket.lt\/lt\/wp-json\/wp\/v2\/product_cat?post=257388"},{"taxonomy":"product_tag","embeddable":true,"href":"https:\/\/baldumarket.lt\/lt\/wp-json\/wp\/v2\/product_tag?post=257388"}],"curies":[{"name":"wp","href":"https:\/\/api.w.org\/{rel}","templated":true}]}}