{"id":257387,"date":"2026-01-10T22:56:13","date_gmt":"2026-01-10T19:56:13","guid":{"rendered":"https:\/\/baldumarket.lt\/product\/tes-ts07-polka\/"},"modified":"2026-02-11T18:30:23","modified_gmt":"2026-02-11T15:30:23","slug":"tes-ts07-polka","status":"publish","type":"product","link":"https:\/\/baldumarket.lt\/lt\/product\/tes-ts07-polka\/","title":{"rendered":"TES TS07 LENTYNA"},"content":{"rendered":"<p>TES TS07 \u2013 tai lentyna, kuri j\u016bs\u0173 interjerui suteiks elegancijos ir funkcionalumo. Pagaminta i\u0161 auk\u0161tos kokyb\u0117s med\u017eiag\u0173 su matine guobos apdaila, TS07 spinduliuoja subtilumu ir moderniu stiliumi. Minimalistinis dizainas ir subtili apdaila puikiai dera prie \u012fvairi\u0173 interjero dizain\u0173, suteikdami rafinuoto charakterio. D\u0117l universalumo j\u0105 galima naudoti \u012fvairiuose kambariuose \u2013 nuo svetain\u0117s iki miegamojo ar virtuv\u0117s.<\/p>\n<p>Plotis 176 cm Gylis 23 cm Auk\u0161tis 22 cm Gaminio svoris su pakuote 8,45 kg Stilius Modernus \u012eranga Surinkimo instrukcijos \/ surinkimo priedai Surinkimas Savaranki\u0161kam surinkimui Korpuso spalva Matin\u0117 guoba<\/p>","protected":false},"excerpt":{"rendered":"<p>TES TS07 \u2013 tai lentyna, kuri j\u016bs\u0173 interjerui suteiks elegancijos ir funkcionalumo. Pagaminta i\u0161 auk\u0161tos kokyb\u0117s med\u017eiag\u0173 su matine guobos apdaila, TS07 spinduliuoja subtilumu ir moderniu stiliumi. Minimalistinis dizainas ir subtili apdaila puikiai dera prie \u012fvairi\u0173 interjero dizain\u0173, suteikdami rafinuoto charakterio. Universalumas leid\u017eia jai b\u016bti [\u2026]<\/p>","protected":false},"featured_media":255286,"comment_status":"open","ping_status":"open","template":"","meta":[],"product_brand":[],"product_cat":[1174,2457],"product_tag":[],"class_list":{"0":"post-257387","1":"product","2":"type-product","3":"status-publish","4":"has-post-thumbnail","6":"product_cat-hanging-shelves","7":"product_cat-liveo","9":"first","10":"instock","11":"purchasable","12":"product-type-simple"},"_links":{"self":[{"href":"https:\/\/baldumarket.lt\/lt\/wp-json\/wp\/v2\/product\/257387","targetHints":{"allow":["GET"]}}],"collection":[{"href":"https:\/\/baldumarket.lt\/lt\/wp-json\/wp\/v2\/product"}],"about":[{"href":"https:\/\/baldumarket.lt\/lt\/wp-json\/wp\/v2\/types\/product"}],"replies":[{"embeddable":true,"href":"https:\/\/baldumarket.lt\/lt\/wp-json\/wp\/v2\/comments?post=257387"}],"wp:featuredmedia":[{"embeddable":true,"href":"https:\/\/baldumarket.lt\/lt\/wp-json\/wp\/v2\/media\/255286"}],"wp:attachment":[{"href":"https:\/\/baldumarket.lt\/lt\/wp-json\/wp\/v2\/media?parent=257387"}],"wp:term":[{"taxonomy":"product_brand","embeddable":true,"href":"https:\/\/baldumarket.lt\/lt\/wp-json\/wp\/v2\/product_brand?post=257387"},{"taxonomy":"product_cat","embeddable":true,"href":"https:\/\/baldumarket.lt\/lt\/wp-json\/wp\/v2\/product_cat?post=257387"},{"taxonomy":"product_tag","embeddable":true,"href":"https:\/\/baldumarket.lt\/lt\/wp-json\/wp\/v2\/product_tag?post=257387"}],"curies":[{"name":"wp","href":"https:\/\/api.w.org\/{rel}","templated":true}]}}