{"id":257385,"date":"2026-01-10T22:56:11","date_gmt":"2026-01-10T19:56:11","guid":{"rendered":"https:\/\/baldumarket.lt\/product\/tes-ts04-witryna-lewa\/"},"modified":"2026-02-11T18:30:23","modified_gmt":"2026-02-11T15:30:23","slug":"tes-ts04-witryna-lewa","status":"publish","type":"product","link":"https:\/\/baldumarket.lt\/lt\/product\/tes-ts04-witryna-lewa\/","title":{"rendered":"TES TS04 KAIR\u0116 VITRINA"},"content":{"rendered":"<p>TES TS04 \u2013 eleganti\u0161ka vitrina, kuri puikiai papildys j\u016bs\u0173 interjero dizain\u0105, suteikdama jam modernumo ir funkcionalumo. TES TS04 \u2013 puikus pasirinkimas ie\u0161kantiems prakti\u0161k\u0173 ir stiling\u0173 interjero sprendim\u0173, kartu suteikdama subtil\u0173, bet efektyv\u0173 akcent\u0105 savo gyvenamajai erdvei.<\/p>\n<p>Plotis 59 cm Gylis 40 cm Auk\u0161tis 191 cm Gaminio svoris su pakuote 57,8 kg Stilius Modernus \u012eranga Surinkimo instrukcijos \/ surinkimo priedai Surinkimas Savaranki\u0161kam surinkimui Korpuso spalva Matin\u0117 guobos spalva Priekin\u0117 spalva Matin\u0117 guobos<\/p>","protected":false},"excerpt":{"rendered":"<p>TES TS04 \u2013 eleganti\u0161ka vitrina, kuri puikiai papildys j\u016bs\u0173 interjero dizain\u0105, suteikdama jam modernumo ir funkcionalumo. TES TS04 \u2013 puikus pasirinkimas ie\u0161kantiems prakti\u0161k\u0173 ir stiling\u0173 interjero sprendim\u0173, kartu suteikdama subtil\u0173, bet efektyv\u0173 akcent\u0105 savo gyvenamajai erdvei. Plotis 59 cm Gylis 40 cm Auk\u0161tis [\u2026]<\/p>","protected":false},"featured_media":257386,"comment_status":"open","ping_status":"open","template":"","meta":[],"product_brand":[],"product_cat":[2457,2006],"product_tag":[],"class_list":{"0":"post-257385","1":"product","2":"type-product","3":"status-publish","4":"has-post-thumbnail","6":"product_cat-liveo","7":"product_cat-vitrines","9":"first","10":"instock","11":"purchasable","12":"product-type-simple"},"_links":{"self":[{"href":"https:\/\/baldumarket.lt\/lt\/wp-json\/wp\/v2\/product\/257385","targetHints":{"allow":["GET"]}}],"collection":[{"href":"https:\/\/baldumarket.lt\/lt\/wp-json\/wp\/v2\/product"}],"about":[{"href":"https:\/\/baldumarket.lt\/lt\/wp-json\/wp\/v2\/types\/product"}],"replies":[{"embeddable":true,"href":"https:\/\/baldumarket.lt\/lt\/wp-json\/wp\/v2\/comments?post=257385"}],"wp:featuredmedia":[{"embeddable":true,"href":"https:\/\/baldumarket.lt\/lt\/wp-json\/wp\/v2\/media\/257386"}],"wp:attachment":[{"href":"https:\/\/baldumarket.lt\/lt\/wp-json\/wp\/v2\/media?parent=257385"}],"wp:term":[{"taxonomy":"product_brand","embeddable":true,"href":"https:\/\/baldumarket.lt\/lt\/wp-json\/wp\/v2\/product_brand?post=257385"},{"taxonomy":"product_cat","embeddable":true,"href":"https:\/\/baldumarket.lt\/lt\/wp-json\/wp\/v2\/product_cat?post=257385"},{"taxonomy":"product_tag","embeddable":true,"href":"https:\/\/baldumarket.lt\/lt\/wp-json\/wp\/v2\/product_tag?post=257385"}],"curies":[{"name":"wp","href":"https:\/\/api.w.org\/{rel}","templated":true}]}}