{"id":257381,"date":"2026-01-10T22:56:04","date_gmt":"2026-01-10T19:56:04","guid":{"rendered":"https:\/\/baldumarket.lt\/product\/tes-ts-6-orzech-szafa-2d\/"},"modified":"2026-02-11T18:30:23","modified_gmt":"2026-02-11T15:30:23","slug":"tes-ts-6-orzech-szafa-2d","status":"publish","type":"product","link":"https:\/\/baldumarket.lt\/lt\/product\/tes-ts-6-orzech-szafa-2d\/","title":{"rendered":"TES TS-6 RIE\u0160UTMED\u017dIO MED\u017dIO SPINTEL\u0116 2D"},"content":{"rendered":"<p>Prakti\u0161ka ir stilinga dviej\u0173 dur\u0173 spinta TES TS-6 \u2013 idealus pasirinkimas prie\u0161kambariui, persirengimo kambariui ar svetainei. Ji turi per vis\u0105 plot\u012f pakabinimo b\u0117gel\u012f ir dvi papildomas ni\u0161as apatin\u0117je dalyje smulkiems daiktams. \u0160is dizainas i\u0161spr\u0119s visus j\u016bs\u0173 daikt\u0173 laikymo poreikius. Modern\u0173 vaizd\u0105 pary\u0161kina sant\u016bri rie\u0161utmed\u017eio spalva su dekoratyviniu juodo stiklo \u012fd\u0117klu. Spinta turi atidarymo sistem\u0105 be ranken\u0117li\u0173, pakei\u010dian\u010di\u0105 tradicines rankenas. Tai leid\u017eia greitai, patogiai ir tyliai atidaryti. Reguliuojamos kojel\u0117s leid\u017eia pritaikyti j\u0105 pagal individualius poreikius. Spinta puikiai tinka derinti su kitais TES serijos baldais arba naudoti kaip atskiras baldas, leid\u017eiantis jums suasmeninti savo kambario dizain\u0105.<\/p>\n<p>Plotis 100 cm Gylis 53,5 cm Auk\u0161tis 191 cm Gaminio svoris su pakuote 82,9 kg Gamintojo kodas \/ simbolis TS-6 Kolekcijos pavadinimas TES Gaminio pakuo\u010di\u0173 skai\u010dius 4 Stilius Moderni \u012franga Surinkimo instrukcijos \/ surinkimo priedai Surinkimas Savaranki\u0161kam surinkimui Kojel\u0117 \/ dizainas \/ spalvos PLASTIKAS SU REGULIAVIMU<\/p>","protected":false},"excerpt":{"rendered":"<p>Prakti\u0161ka ir stilinga dviej\u0173 dur\u0173 spinta TES TS-6 \u2013 idealus pasirinkimas prie\u0161kambariui, persirengimo kambariui ar svetainei. Ji turi per vis\u0105 plot\u012f pakabinam\u0105 karniz\u0105 ir dvi papildomas ni\u0161as apatin\u0117je dalyje smulkiems daiktams. \u0160is dizainas i\u0161spr\u0119s visus j\u016bs\u0173 daikt\u0173 laikymo poreikius. Modern\u0173 jos vaizd\u0105 pary\u0161kina prislopinta rie\u0161utmed\u017eio spalva [\u2026]<\/p>","protected":false},"featured_media":252787,"comment_status":"open","ping_status":"open","template":"","meta":[],"product_brand":[],"product_cat":[2457,1177],"product_tag":[],"class_list":{"0":"post-257381","1":"product","2":"type-product","3":"status-publish","4":"has-post-thumbnail","6":"product_cat-liveo","7":"product_cat-wardrobes","9":"first","10":"instock","11":"purchasable","12":"product-type-simple"},"_links":{"self":[{"href":"https:\/\/baldumarket.lt\/lt\/wp-json\/wp\/v2\/product\/257381","targetHints":{"allow":["GET"]}}],"collection":[{"href":"https:\/\/baldumarket.lt\/lt\/wp-json\/wp\/v2\/product"}],"about":[{"href":"https:\/\/baldumarket.lt\/lt\/wp-json\/wp\/v2\/types\/product"}],"replies":[{"embeddable":true,"href":"https:\/\/baldumarket.lt\/lt\/wp-json\/wp\/v2\/comments?post=257381"}],"wp:featuredmedia":[{"embeddable":true,"href":"https:\/\/baldumarket.lt\/lt\/wp-json\/wp\/v2\/media\/252787"}],"wp:attachment":[{"href":"https:\/\/baldumarket.lt\/lt\/wp-json\/wp\/v2\/media?parent=257381"}],"wp:term":[{"taxonomy":"product_brand","embeddable":true,"href":"https:\/\/baldumarket.lt\/lt\/wp-json\/wp\/v2\/product_brand?post=257381"},{"taxonomy":"product_cat","embeddable":true,"href":"https:\/\/baldumarket.lt\/lt\/wp-json\/wp\/v2\/product_cat?post=257381"},{"taxonomy":"product_tag","embeddable":true,"href":"https:\/\/baldumarket.lt\/lt\/wp-json\/wp\/v2\/product_tag?post=257381"}],"curies":[{"name":"wp","href":"https:\/\/api.w.org\/{rel}","templated":true}]}}