{"id":257380,"date":"2026-01-10T22:56:02","date_gmt":"2026-01-10T19:56:02","guid":{"rendered":"https:\/\/baldumarket.lt\/product\/tes-ts-10-orzech-rtv\/"},"modified":"2026-02-11T18:30:23","modified_gmt":"2026-02-11T15:30:23","slug":"tes-ts-10-orzech-rtv","status":"publish","type":"product","link":"https:\/\/baldumarket.lt\/lt\/product\/tes-ts-10-orzech-rtv\/","title":{"rendered":"TES TS-10 RIE\u0160UT\u0172 RITMAS RTV"},"content":{"rendered":"<p>Ma\u017eas TES TS-10 televizoriaus staliukas pad\u0117s sutvarkyti nedidel\u012f kambar\u012f ar svetain\u0119. Stovas puikiai tinka televizoriui, tiek tvirtinamam prie sienos, tiek pastatytam ant stalo. Jame yra dvi u\u017edaros ni\u0161os smulkiems daiktams ir atvira erdv\u0117 buitinei technikai. Moderni\u0105 i\u0161vaizd\u0105 pary\u0161kina sant\u016bri rie\u0161utmed\u017eio spalva su dekoratyviniu juodo stiklo intarpu. Stovas turi atidarymo sistem\u0105 be ranken\u0117li\u0173, pakei\u010dian\u010di\u0105 tradicines rankenas. Tai leid\u017eia greitai, patogiai ir tyliai atidaryti. Reguliuojamos kojel\u0117s leid\u017eia pritaikyti televizori\u0173 pagal savo poreikius. Televizoriaus staliukas puikiai tinka derinti su kitais TES serijos gaminiais arba naudoti kaip atskiras baldas, leid\u017eiantis pritaikyti kambario dizain\u0105 pagal savo poreikius.<\/p>\n<p>Plotis 118 cm Gylis 50 cm Auk\u0161tis 47 cm Gaminio svoris su pakuote 41,05 kg Gamintojo kodas \/ simbolis TS-10 Kolekcijos pavadinimas TES Gaminio pakuo\u010di\u0173 skai\u010dius 3 Stilius Moderni \u012franga Surinkimo instrukcijos \/ surinkimo priedai Surinkimas Savaranki\u0161kam surinkimui Kojel\u0117 \/ dizainas \/ spalvos PLASTIKAS SU REGULIAVIMU<\/p>","protected":false},"excerpt":{"rendered":"<p>Ma\u017eas TES TS-10 televizoriaus staliukas pad\u0117s sutvarkyti nedidel\u012f kambar\u012f ar svetain\u0119. Stovas puikiai tinka televizoriui, nesvarbu, ar jis tvirtinamas prie sienos, ar pastatomas ant stalo. Jame yra dvi u\u017edaros ni\u0161os smulkiems daiktams ir atvira erdv\u0117 buitinei technikai. Modern\u0173 vaizd\u0105 pary\u0161kina sant\u016bri rie\u0161utmed\u017eio spalv\u0173 gama [\u2026]<\/p>","protected":false},"featured_media":252785,"comment_status":"open","ping_status":"open","template":"","meta":[],"product_brand":[],"product_cat":[2457,1175],"product_tag":[],"class_list":{"0":"post-257380","1":"product","2":"type-product","3":"status-publish","4":"has-post-thumbnail","6":"product_cat-liveo","7":"product_cat-tv-stands","9":"first","10":"instock","11":"purchasable","12":"product-type-simple"},"_links":{"self":[{"href":"https:\/\/baldumarket.lt\/lt\/wp-json\/wp\/v2\/product\/257380","targetHints":{"allow":["GET"]}}],"collection":[{"href":"https:\/\/baldumarket.lt\/lt\/wp-json\/wp\/v2\/product"}],"about":[{"href":"https:\/\/baldumarket.lt\/lt\/wp-json\/wp\/v2\/types\/product"}],"replies":[{"embeddable":true,"href":"https:\/\/baldumarket.lt\/lt\/wp-json\/wp\/v2\/comments?post=257380"}],"wp:featuredmedia":[{"embeddable":true,"href":"https:\/\/baldumarket.lt\/lt\/wp-json\/wp\/v2\/media\/252785"}],"wp:attachment":[{"href":"https:\/\/baldumarket.lt\/lt\/wp-json\/wp\/v2\/media?parent=257380"}],"wp:term":[{"taxonomy":"product_brand","embeddable":true,"href":"https:\/\/baldumarket.lt\/lt\/wp-json\/wp\/v2\/product_brand?post=257380"},{"taxonomy":"product_cat","embeddable":true,"href":"https:\/\/baldumarket.lt\/lt\/wp-json\/wp\/v2\/product_cat?post=257380"},{"taxonomy":"product_tag","embeddable":true,"href":"https:\/\/baldumarket.lt\/lt\/wp-json\/wp\/v2\/product_tag?post=257380"}],"curies":[{"name":"wp","href":"https:\/\/api.w.org\/{rel}","templated":true}]}}