{"id":257379,"date":"2026-01-10T22:56:00","date_gmt":"2026-01-10T19:56:00","guid":{"rendered":"https:\/\/baldumarket.lt\/product\/tes-ts-1-orzech-rtv\/"},"modified":"2026-02-11T18:30:23","modified_gmt":"2026-02-11T15:30:23","slug":"tes-ts-1-orzech-rtv","status":"publish","type":"product","link":"https:\/\/baldumarket.lt\/lt\/product\/tes-ts-1-orzech-rtv\/","title":{"rendered":"TES TS-1 RIE\u0160UT\u0172 RITMAS RTV"},"content":{"rendered":"<p>Eleganti\u0161ka TES TS-1 televizoriaus spintel\u0117 bus unikalus bet kurio svetain\u0117s ar darbo kambario papildymas. J\u0105 sudaro dvi u\u017edaros ni\u0161os su centriniu stal\u010diumi, idealiai tinkan\u010diu b\u016btiniausiems aksesuarams laikyti. Spintel\u0117je taip pat yra dvi \u012fleid\u017eiamos lentynos televizoriaus \u012frangai ir didelis stalvir\u0161is. Ni\u0161\u0173 galin\u0117je sienel\u0117je yra dvi angos, viena kair\u0117je, kita de\u0161in\u0117je, skirtos laidams tvarkyti. Modern\u0173 vaizd\u0105 pary\u0161kina sant\u016bri rie\u0161utmed\u017eio spalva su dekoratyviniu juodo stiklo intarpu. Spintel\u0117je yra be ranken\u0117li\u0173 veikianti atidarymo sistema, pakei\u010dianti tradicines rankenas. Tai leid\u017eia greitai, patogiai ir tyliai atidaryti. Be to, reguliuojamos kojel\u0117s leid\u017eia pritaikyti spintel\u0119 pagal savo poreikius. Televizoriaus spintel\u0117 idealiai tinka derinti su kitais TES serijos baldais arba naudoti kaip atskiras baldas, leid\u017eiantis pritaikyti kambario dizain\u0105 pagal savo poreikius.<\/p>\n<p>Plotis 176 cm Gylis 50 cm Auk\u0161tis 47 cm Gaminio svoris su pakuote 63,9 kg Gamintojo kodas \/ simbolis TS-1 Kolekcijos pavadinimas TES Gaminio pakuo\u010di\u0173 skai\u010dius 5 Stilius Moderni \u012franga Surinkimo instrukcijos \/ surinkimo priedai Surinkimas Savaranki\u0161kam surinkimui Kojel\u0117 \/ dizainas \/ spalvos PLASTIKAS SU REGULIAVIMU<\/p>","protected":false},"excerpt":{"rendered":"<p>Eleganti\u0161ka TES TS-1 televizoriaus spintel\u0117 bus unikalus bet kurios svetain\u0117s ar darbo kambario papildymas. J\u0105 sudaro dvi u\u017edaros ni\u0161os su centriniu stal\u010diumi, idealiai tinkan\u010diu laikyti b\u016btiniausius aksesuarus. Spintel\u0117je taip pat yra dvi \u012fleid\u017eiamos lentynos televizoriaus \u012frangai ir didelis stalvir\u0161is. Ni\u0161\u0173 galin\u0117je sienel\u0117je yra dvi [\u2026]<\/p>","protected":false},"featured_media":255284,"comment_status":"open","ping_status":"open","template":"","meta":[],"product_brand":[],"product_cat":[2457,1175],"product_tag":[],"class_list":{"0":"post-257379","1":"product","2":"type-product","3":"status-publish","4":"has-post-thumbnail","6":"product_cat-liveo","7":"product_cat-tv-stands","9":"first","10":"instock","11":"purchasable","12":"product-type-simple"},"_links":{"self":[{"href":"https:\/\/baldumarket.lt\/lt\/wp-json\/wp\/v2\/product\/257379","targetHints":{"allow":["GET"]}}],"collection":[{"href":"https:\/\/baldumarket.lt\/lt\/wp-json\/wp\/v2\/product"}],"about":[{"href":"https:\/\/baldumarket.lt\/lt\/wp-json\/wp\/v2\/types\/product"}],"replies":[{"embeddable":true,"href":"https:\/\/baldumarket.lt\/lt\/wp-json\/wp\/v2\/comments?post=257379"}],"wp:featuredmedia":[{"embeddable":true,"href":"https:\/\/baldumarket.lt\/lt\/wp-json\/wp\/v2\/media\/255284"}],"wp:attachment":[{"href":"https:\/\/baldumarket.lt\/lt\/wp-json\/wp\/v2\/media?parent=257379"}],"wp:term":[{"taxonomy":"product_brand","embeddable":true,"href":"https:\/\/baldumarket.lt\/lt\/wp-json\/wp\/v2\/product_brand?post=257379"},{"taxonomy":"product_cat","embeddable":true,"href":"https:\/\/baldumarket.lt\/lt\/wp-json\/wp\/v2\/product_cat?post=257379"},{"taxonomy":"product_tag","embeddable":true,"href":"https:\/\/baldumarket.lt\/lt\/wp-json\/wp\/v2\/product_tag?post=257379"}],"curies":[{"name":"wp","href":"https:\/\/api.w.org\/{rel}","templated":true}]}}