{"id":257378,"date":"2026-01-10T22:55:57","date_gmt":"2026-01-10T19:55:57","guid":{"rendered":"https:\/\/baldumarket.lt\/product\/tahoe-ta25-szafka-nocna\/"},"modified":"2026-02-11T18:30:24","modified_gmt":"2026-02-11T15:30:24","slug":"tahoe-ta25-szafka-nocna","status":"publish","type":"product","link":"https:\/\/baldumarket.lt\/lt\/product\/tahoe-ta25-szafka-nocna\/","title":{"rendered":"TAHOE TA25 naktin\u0117 spintel\u0117"},"content":{"rendered":"<p>\u201eTAHOE TA25\u201c naktinis staliukas puikiai tinka ne tik miegamajam, bet ir poilsio zonai. Jame yra lentyn\u0117l\u0117 naktinei lempai ir stal\u010dius m\u0117gstamoms knygoms ar kitiems daiktams laikyti. Paprastas geometrinis sistemos dizainas ir ranken\u0117li\u0173 nebuvimas puikiai dera prie beveik bet kokio interjero stiliaus. Naktinis staliukas puikiai dera su kitais \u201eTAHOE\u201c serijos baldais arba yra atskiras baldas, prisitaikantis prie j\u016bs\u0173 kambario dekoro.<\/p>\n<p>Plotis 57 cm Gylis 40 cm Auk\u0161tis 44 cm Produkto svoris su pakuote 17,95 kg Gamintojo kodas \/ simbolis TA25 DAB KPL Kolekcijos pavadinimas tahoe Produkto pakuo\u010di\u0173 skai\u010dius 1 Stilius Moderni \u012franga Surinkimo instrukcijos \/ surinkimo priedai Surinkimas Savaranki\u0161kam surinkimui Korpuso spalva Wotan \u0105\u017euolas Korpuso med\u017eiaga \/ tipas \/ storis laminuota med\u017eio dro\u017eli\u0173 plok\u0161t\u0117 25 mm Priekin\u0117 med\u017eiaga \/ tipas \/ storis laminuota med\u017eio dro\u017eli\u0173 plok\u0161t\u0117 16 mm Priekin\u0117 rankena \/ dizainas \/ spalva frezuota Kojel\u0117 \/ dizainas \/ spalva SLIDE Stal\u010di\u0173 skai\u010dius 1<\/p>","protected":false},"excerpt":{"rendered":"<p>\u201eTAHOE TA25\u201c naktinis staliukas puikiai tinka ne tik miegamajam, bet ir poilsio zonai. Jame yra lentyn\u0117l\u0117 naktinei lempai ir stal\u010dius m\u0117gstamoms knygoms ar kitiems daiktams laikyti. Paprastas geometrinis sistemos dizainas ir ranken\u0117li\u0173 nebuvimas puikiai dera prie beveik bet kokio interjero stiliaus. Naktinis staliukas puikiai dera [\u2026]<\/p>","protected":false},"featured_media":257377,"comment_status":"open","ping_status":"open","template":"","meta":[],"product_brand":[],"product_cat":[1176,2457],"product_tag":[],"class_list":{"0":"post-257378","1":"product","2":"type-product","3":"status-publish","4":"has-post-thumbnail","6":"product_cat-bedside-tables","7":"product_cat-liveo","9":"first","10":"instock","11":"purchasable","12":"product-type-simple"},"_links":{"self":[{"href":"https:\/\/baldumarket.lt\/lt\/wp-json\/wp\/v2\/product\/257378","targetHints":{"allow":["GET"]}}],"collection":[{"href":"https:\/\/baldumarket.lt\/lt\/wp-json\/wp\/v2\/product"}],"about":[{"href":"https:\/\/baldumarket.lt\/lt\/wp-json\/wp\/v2\/types\/product"}],"replies":[{"embeddable":true,"href":"https:\/\/baldumarket.lt\/lt\/wp-json\/wp\/v2\/comments?post=257378"}],"wp:featuredmedia":[{"embeddable":true,"href":"https:\/\/baldumarket.lt\/lt\/wp-json\/wp\/v2\/media\/257377"}],"wp:attachment":[{"href":"https:\/\/baldumarket.lt\/lt\/wp-json\/wp\/v2\/media?parent=257378"}],"wp:term":[{"taxonomy":"product_brand","embeddable":true,"href":"https:\/\/baldumarket.lt\/lt\/wp-json\/wp\/v2\/product_brand?post=257378"},{"taxonomy":"product_cat","embeddable":true,"href":"https:\/\/baldumarket.lt\/lt\/wp-json\/wp\/v2\/product_cat?post=257378"},{"taxonomy":"product_tag","embeddable":true,"href":"https:\/\/baldumarket.lt\/lt\/wp-json\/wp\/v2\/product_tag?post=257378"}],"curies":[{"name":"wp","href":"https:\/\/api.w.org\/{rel}","templated":true}]}}