{"id":257376,"date":"2026-01-10T22:55:53","date_gmt":"2026-01-10T19:55:53","guid":{"rendered":"https:\/\/baldumarket.lt\/product\/tahoe-ta24-loze-160-bez-stelaza\/"},"modified":"2026-02-11T18:30:24","modified_gmt":"2026-02-11T15:30:24","slug":"tahoe-ta24-loze-160-bez-stelaza","status":"publish","type":"product","link":"https:\/\/baldumarket.lt\/lt\/product\/tahoe-ta24-loze-160-bez-stelaza\/","title":{"rendered":"TAHOE TA24 lova 160 be r\u0117mo"},"content":{"rendered":"<p>160 cm plo\u010dio TAHOE TA24 lova yra b\u016btinas bet kurio miegamojo baldas. \u010ciu\u017einys ir r\u0117mas \u012f komplekt\u0105 ne\u012feina; juos galima \u012fsigyti atskirai u\u017e papildom\u0105 mokest\u012f. Paprastas geometrinis sistemos dizainas puikiai papildo beveik bet kok\u012f interjero stili\u0173. Be r\u0117mo lova puikiai dera su kitais TAHOE serijos baldais arba kaip atskiras baldas, prisitaikantis prie j\u016bs\u0173 kambario dekoro.<\/p>\n<p>Plotis 167,4 cm Ilgis 218 cm Auk\u0161tis 85 cm Produkto svoris su pakuote 57,95 kg Gamintojo kodas \/ simbolis TA24\/160 DAB KPL Kolekcijos pavadinimas tahoe Produkto pakuo\u010di\u0173 skai\u010dius 2 Stilius Modernus \u012eranga Surinkimo instrukcijos \/ surinkimo priedai Surinkimas Savaranki\u0161kam surinkimui Korpuso spalva Wotan \u0105\u017euolas Korpuso apdailos med\u017eiaga \/ tipas \/ storis laminuota med\u017eio dro\u017eli\u0173 plok\u0161t\u0117 25 mm Kojel\u0117 \/ apdaila \/ spalva SLIDE R\u0117mas n\u0117ra Patalyn\u0117 NE<\/p>","protected":false},"excerpt":{"rendered":"<p>160 cm plo\u010dio TAHOE TA24 lova yra b\u016btinas bet kurio miegamojo baldas. \u010ciu\u017einys ir r\u0117mas \u012f komplekt\u0105 ne\u012feina; juos galima \u012fsigyti atskirai u\u017e papildom\u0105 mokest\u012f. Paprastas geometrinis sistemos dizainas puikiai papildo beveik bet kok\u012f interjero stili\u0173. Be r\u0117mo lova puikiai dera su [\u2026]<\/p>","protected":false},"featured_media":257373,"comment_status":"open","ping_status":"open","template":"","meta":[],"product_brand":[],"product_cat":[505,2457],"product_tag":[],"class_list":{"0":"post-257376","1":"product","2":"type-product","3":"status-publish","4":"has-post-thumbnail","6":"product_cat-bedroom-beds","7":"product_cat-liveo","9":"first","10":"instock","11":"purchasable","12":"product-type-simple"},"_links":{"self":[{"href":"https:\/\/baldumarket.lt\/lt\/wp-json\/wp\/v2\/product\/257376","targetHints":{"allow":["GET"]}}],"collection":[{"href":"https:\/\/baldumarket.lt\/lt\/wp-json\/wp\/v2\/product"}],"about":[{"href":"https:\/\/baldumarket.lt\/lt\/wp-json\/wp\/v2\/types\/product"}],"replies":[{"embeddable":true,"href":"https:\/\/baldumarket.lt\/lt\/wp-json\/wp\/v2\/comments?post=257376"}],"wp:featuredmedia":[{"embeddable":true,"href":"https:\/\/baldumarket.lt\/lt\/wp-json\/wp\/v2\/media\/257373"}],"wp:attachment":[{"href":"https:\/\/baldumarket.lt\/lt\/wp-json\/wp\/v2\/media?parent=257376"}],"wp:term":[{"taxonomy":"product_brand","embeddable":true,"href":"https:\/\/baldumarket.lt\/lt\/wp-json\/wp\/v2\/product_brand?post=257376"},{"taxonomy":"product_cat","embeddable":true,"href":"https:\/\/baldumarket.lt\/lt\/wp-json\/wp\/v2\/product_cat?post=257376"},{"taxonomy":"product_tag","embeddable":true,"href":"https:\/\/baldumarket.lt\/lt\/wp-json\/wp\/v2\/product_tag?post=257376"}],"curies":[{"name":"wp","href":"https:\/\/api.w.org\/{rel}","templated":true}]}}