{"id":257374,"date":"2026-01-10T22:55:51","date_gmt":"2026-01-10T19:55:51","guid":{"rendered":"https:\/\/baldumarket.lt\/product\/tahoe-ta22-szafa-3d\/"},"modified":"2026-02-11T18:30:24","modified_gmt":"2026-02-11T15:30:24","slug":"tahoe-ta22-szafa-3d","status":"publish","type":"product","link":"https:\/\/baldumarket.lt\/lt\/product\/tahoe-ta22-szafa-3d\/","title":{"rendered":"TAHOE TA22 3D spinta"},"content":{"rendered":"<p>\u201eTAHOE TA22 3D\u201c \u2013 tai trij\u0173 dur\u0173 spinta su erdviu vidumi, puikiai tinkanti miegamajam, persirengimo kambariui ar prie\u0161kambariui. Vidus padalintas \u012f dvi dalis. Vienoje pus\u0117je yra lentynos smulkiems daiktams ir aksesuarams susid\u0117ti, o kitoje \u2013 didel\u0117 erdv\u0117 su skersiniu paltams, kostiumams ir mar\u0161kiniams pakabinti. Apatin\u0117je dalyje yra keturi prakti\u0161ki stal\u010diai. Papildomas spintos bruo\u017eas \u2013 veidrodis priekyje, kuris ne tik leid\u017eia ap\u017ei\u016br\u0117ti i\u0161vaizd\u0105, bet ir vizualiai padidina kambar\u012f. Paprastas geometrinis sistemos dizainas ir ranken\u0117li\u0173 nebuvimas puikiai papildo beveik bet kok\u012f interjero stili\u0173. \u201e3D\u201c spinta idealiai tinka derinti su kitais \u201eTAHOE\u201c serijos baldais arba kaip atskiras baldas, leid\u017eiantis pritaikyti kambario dizain\u0105 pagal savo skon\u012f.<\/p>\n<p>Plotis 153,3 cm Gylis 56 cm Auk\u0161tis 210 cm Produkto svoris su pakuote 146 kg Gamintojo kodas \/ simbolis TA22 DAB KPL Kolekcijos pavadinimas tahoe Produkto pakuo\u010di\u0173 skai\u010dius 4 Stilius Modernus \u012eranga Surinkimo instrukcijos \/ surinkimo priedai Surinkimas Savaranki\u0161kam surinkimui Korpuso spalva wotan \u0105\u017euolas Korpuso apdailos med\u017eiaga \/ tipas \/ storis laminuota med\u017eio dro\u017eli\u0173 plok\u0161t\u0117 25 mm Lentyn\u0173 kiekis 3 Priekin\u0117s apdailos med\u017eiaga \/ tipas \/ storis laminuota med\u017eio dro\u017eli\u0173 plok\u0161t\u0117 16 mm Priekinis veidrodis veidrod\u017eio matmenys 153,1\u00d749,6 cm Priekin\u0117 rankena \/ apdaila \/ spalva frezuota Stal\u010di\u0173 b\u0117geliai rutulinis guolis Kojel\u0117 \/ apdaila \/ spalva GLIDE Dureli\u0173 skai\u010dius 3 Stal\u010di\u0173 skai\u010dius 4 Standartin\u0117 korpuso \u012franga pakabos strypas 1 vnt.<\/p>","protected":false},"excerpt":{"rendered":"<p>\u201eTAHOE TA22 3D\u201c spinta \u2013 tai trij\u0173 dur\u0173 spinta su erdviu vidumi, puikiai tinkanti miegamajam, persirengimo kambariui ar prie\u0161kambariui. Vidus padalintas \u012f dvi dalis. Vienoje pus\u0117je yra lentynos smulkiems daiktams ir aksesuarams susid\u0117ti, o kitoje \u2013 didel\u0117 erdv\u0117 su skersiniu paltams, kostiumams ir mar\u0161kiniams pakabinti. [\u2026]<\/p>","protected":false},"featured_media":257375,"comment_status":"open","ping_status":"open","template":"","meta":[],"product_brand":[],"product_cat":[2457,1177],"product_tag":[],"class_list":{"0":"post-257374","1":"product","2":"type-product","3":"status-publish","4":"has-post-thumbnail","6":"product_cat-liveo","7":"product_cat-wardrobes","9":"first","10":"instock","11":"purchasable","12":"product-type-simple"},"_links":{"self":[{"href":"https:\/\/baldumarket.lt\/lt\/wp-json\/wp\/v2\/product\/257374","targetHints":{"allow":["GET"]}}],"collection":[{"href":"https:\/\/baldumarket.lt\/lt\/wp-json\/wp\/v2\/product"}],"about":[{"href":"https:\/\/baldumarket.lt\/lt\/wp-json\/wp\/v2\/types\/product"}],"replies":[{"embeddable":true,"href":"https:\/\/baldumarket.lt\/lt\/wp-json\/wp\/v2\/comments?post=257374"}],"wp:featuredmedia":[{"embeddable":true,"href":"https:\/\/baldumarket.lt\/lt\/wp-json\/wp\/v2\/media\/257375"}],"wp:attachment":[{"href":"https:\/\/baldumarket.lt\/lt\/wp-json\/wp\/v2\/media?parent=257374"}],"wp:term":[{"taxonomy":"product_brand","embeddable":true,"href":"https:\/\/baldumarket.lt\/lt\/wp-json\/wp\/v2\/product_brand?post=257374"},{"taxonomy":"product_cat","embeddable":true,"href":"https:\/\/baldumarket.lt\/lt\/wp-json\/wp\/v2\/product_cat?post=257374"},{"taxonomy":"product_tag","embeddable":true,"href":"https:\/\/baldumarket.lt\/lt\/wp-json\/wp\/v2\/product_tag?post=257374"}],"curies":[{"name":"wp","href":"https:\/\/api.w.org\/{rel}","templated":true}]}}