{"id":257370,"date":"2026-01-10T22:55:48","date_gmt":"2026-01-10T19:55:48","guid":{"rendered":"https:\/\/baldumarket.lt\/product\/tahoe-ta21-stol-rozkladany\/"},"modified":"2026-02-11T18:30:24","modified_gmt":"2026-02-11T15:30:24","slug":"tahoe-ta21-stol-rozkladany","status":"publish","type":"product","link":"https:\/\/baldumarket.lt\/lt\/product\/tahoe-ta21-stol-rozkladany\/","title":{"rendered":"TAHOE TA21 I\u0160PL\u0116STAMASIS STALAS"},"content":{"rendered":"<p>TAHOE TA21 stalas su iki 230 cm ilgio i\u0161skleid\u017eiamu stalvir\u0161iu lengvai telpa tiek didesniuose, tiek ma\u017eesniuose interjeruose. Paprastas geometrinis sistemos dizainas puikiai papildo beveik bet kok\u012f interjero stili\u0173. I\u0161skleid\u017eiamas stalas idealiai tinka derinant su kitais TAHOE serijos baldais arba kaip atskiras baldas, prisitaikantis prie j\u016bs\u0173 kambario dizaino.<\/p>\n<p>I\u0161traukiama TAIP Plotis 90 cm Ilgis 162-195-230 cm Auk\u0161tis 75 cm Produkto svoris su pakuote 58 kg Gamintojo kodas \/ simbolis TA21 DAB KPL Kolekcijos pavadinimas tahoe Produkto pakuo\u010di\u0173 skai\u010dius 3 Stilius Modernus \u012eranga Surinkimo instrukcijos \/ surinkimo priedai Surinkimas Savaranki\u0161kam surinkimui Korpuso spalva Wotan \u0105\u017euolas Stalvir\u0161io med\u017eiaga \/ tipas \/ storis laminuota med\u017eio dro\u017eli\u0173 plok\u0161t\u0117 25 mm Korpuso med\u017eiaga \/ tipas \/ storis laminuota med\u017eio dro\u017eli\u0173 plok\u0161t\u0117 25 mm Kojel\u0117 \/ tipas \/ spalva SLIDE Rutulinis stalo kreiptuvas<\/p>","protected":false},"excerpt":{"rendered":"<p>TAHOE TA21 stalas su i\u0161traukiamu stalvir\u0161iu iki 230 cm lengvai telpa tiek didesniuose, tiek ma\u017eesniuose interjeruose. Paprastas geometrinis sistemos dizainas puikiai papildo beveik bet kok\u012f interjero stili\u0173. I\u0161traukiamas stalas idealiai tinka derinant su kitais TAHOE serijos baldais arba kaip atskiras baldas, pritaikant [\u2026]<\/p>","protected":false},"featured_media":257371,"comment_status":"open","ping_status":"open","template":"","meta":[],"product_brand":[],"product_cat":[2457,1934],"product_tag":[],"class_list":{"0":"post-257370","1":"product","2":"type-product","3":"status-publish","4":"has-post-thumbnail","6":"product_cat-liveo","7":"product_cat-tables","9":"first","10":"instock","11":"purchasable","12":"product-type-simple"},"_links":{"self":[{"href":"https:\/\/baldumarket.lt\/lt\/wp-json\/wp\/v2\/product\/257370","targetHints":{"allow":["GET"]}}],"collection":[{"href":"https:\/\/baldumarket.lt\/lt\/wp-json\/wp\/v2\/product"}],"about":[{"href":"https:\/\/baldumarket.lt\/lt\/wp-json\/wp\/v2\/types\/product"}],"replies":[{"embeddable":true,"href":"https:\/\/baldumarket.lt\/lt\/wp-json\/wp\/v2\/comments?post=257370"}],"wp:featuredmedia":[{"embeddable":true,"href":"https:\/\/baldumarket.lt\/lt\/wp-json\/wp\/v2\/media\/257371"}],"wp:attachment":[{"href":"https:\/\/baldumarket.lt\/lt\/wp-json\/wp\/v2\/media?parent=257370"}],"wp:term":[{"taxonomy":"product_brand","embeddable":true,"href":"https:\/\/baldumarket.lt\/lt\/wp-json\/wp\/v2\/product_brand?post=257370"},{"taxonomy":"product_cat","embeddable":true,"href":"https:\/\/baldumarket.lt\/lt\/wp-json\/wp\/v2\/product_cat?post=257370"},{"taxonomy":"product_tag","embeddable":true,"href":"https:\/\/baldumarket.lt\/lt\/wp-json\/wp\/v2\/product_tag?post=257370"}],"curies":[{"name":"wp","href":"https:\/\/api.w.org\/{rel}","templated":true}]}}