{"id":257369,"date":"2026-01-10T22:55:46","date_gmt":"2026-01-10T19:55:46","guid":{"rendered":"https:\/\/baldumarket.lt\/product\/tahoe-ta20-lawa\/"},"modified":"2026-02-11T18:30:24","modified_gmt":"2026-02-11T15:30:24","slug":"tahoe-ta20-lawa","status":"publish","type":"product","link":"https:\/\/baldumarket.lt\/lt\/product\/tahoe-ta20-lawa\/","title":{"rendered":"TAHOE TA20 SUOLIUKAS"},"content":{"rendered":"<p>TAHOE TA20 kavos staliukas puikiai tiks svetain\u0117je, darbo kambaryje ar biure. Jame yra patogi lentyna, kuri \u017eymiai padidina naudojam\u0105 erdv\u0119. Sistema pasi\u017eymi paprastu geometriniu dizainu, tod\u0117l puikiai dera prie beveik bet kokio interjero stiliaus. Kavos staliukas puikiai dera su kitais TAHOE serijos baldais arba yra atskiras baldas, prisitaikantis prie j\u016bs\u0173 kambario dizaino.<\/p>\n<p>I\u0161traukiama TAIP Plotis 110 cm Gylis 60 cm Auk\u0161tis 45 cm Gaminio svoris su pakuote 29,4 kg Gamintojo kodas \/ simbolis TA20 DAB KPL Kolekcijos pavadinimas tahoe Gaminio pakuo\u010di\u0173 skai\u010dius 1 Stilius Modernus \u012eranga Surinkimo instrukcijos \/ surinkimo priedai Surinkimas Savaranki\u0161kam surinkimui Korpuso spalva Wotan \u0105\u017euolas Stalvir\u0161io med\u017eiaga \/ tipas \/ storis laminuota med\u017eio dro\u017eli\u0173 plok\u0161t\u0117 25 mm Korpuso med\u017eiaga \/ tipas \/ storis laminuota med\u017eio dro\u017eli\u0173 plok\u0161t\u0117 25 mm Kojel\u0117 \/ dizainas \/ spalva SLIDE<\/p>","protected":false},"excerpt":{"rendered":"<p>TAHOE TA20 kavos staliukas puikiai tiks svetain\u0117je, darbo kambaryje ar biure. Jame yra patogi lentyna, kuri \u017eymiai padidina naudojam\u0105 erdv\u0119. Sistema pasi\u017eymi paprastu geometriniu dizainu, tod\u0117l puikiai dera prie beveik bet kokio interjero stiliaus. Kavos staliukas puikiai dera su kitais TAHOE serijos baldais [\u2026]<\/p>","protected":false},"featured_media":257362,"comment_status":"open","ping_status":"open","template":"","meta":[],"product_brand":[],"product_cat":[866,2457],"product_tag":[],"class_list":{"0":"post-257369","1":"product","2":"type-product","3":"status-publish","4":"has-post-thumbnail","6":"product_cat-coffee-tables","7":"product_cat-liveo","9":"first","10":"instock","11":"purchasable","12":"product-type-simple"},"_links":{"self":[{"href":"https:\/\/baldumarket.lt\/lt\/wp-json\/wp\/v2\/product\/257369","targetHints":{"allow":["GET"]}}],"collection":[{"href":"https:\/\/baldumarket.lt\/lt\/wp-json\/wp\/v2\/product"}],"about":[{"href":"https:\/\/baldumarket.lt\/lt\/wp-json\/wp\/v2\/types\/product"}],"replies":[{"embeddable":true,"href":"https:\/\/baldumarket.lt\/lt\/wp-json\/wp\/v2\/comments?post=257369"}],"wp:featuredmedia":[{"embeddable":true,"href":"https:\/\/baldumarket.lt\/lt\/wp-json\/wp\/v2\/media\/257362"}],"wp:attachment":[{"href":"https:\/\/baldumarket.lt\/lt\/wp-json\/wp\/v2\/media?parent=257369"}],"wp:term":[{"taxonomy":"product_brand","embeddable":true,"href":"https:\/\/baldumarket.lt\/lt\/wp-json\/wp\/v2\/product_brand?post=257369"},{"taxonomy":"product_cat","embeddable":true,"href":"https:\/\/baldumarket.lt\/lt\/wp-json\/wp\/v2\/product_cat?post=257369"},{"taxonomy":"product_tag","embeddable":true,"href":"https:\/\/baldumarket.lt\/lt\/wp-json\/wp\/v2\/product_tag?post=257369"}],"curies":[{"name":"wp","href":"https:\/\/api.w.org\/{rel}","templated":true}]}}